{"id":458,"date":"2018-01-23T12:58:52","date_gmt":"2018-01-23T10:58:52","guid":{"rendered":"http:\/\/daikinkuresel.com\/?page_id=458"},"modified":"2021-03-18T15:04:58","modified_gmt":"2021-03-18T12:04:58","slug":"tamamlanan-halkbank-ve-denizbank-subeleri","status":"publish","type":"page","link":"https:\/\/www.kureselmuhendislik.com\/en\/tamamlanan-halkbank-ve-denizbank-subeleri\/","title":{"rendered":"Denizbank \u015eubeleri Biten Projeler"},"content":{"rendered":"<table>\n<tbody>\n<tr>\n<td><img fetchpriority=\"high\" decoding=\"async\" class=\"alignnone wp-image-1691 size-large\" src=\"http:\/\/www.kureselmuhendislik.com\/wp-content\/uploads\/2021\/03\/k\u00fcresel-mekanik-Vrv-klima-Bak\u0131m-Onar\u0131m-sistemleri-Is\u0131tma-Sistemleri-\u0130zmir-Mekanik-Tesisat-Firmas\u0131-\u0130zmir-Galvaniz-havaland\u0131rma-firmas\u0131-\u0130zmir-Klima-borulama-tesisat\u0131-4-1024x160.jpg\" alt=\"\" width=\"1024\" height=\"160\" srcset=\"https:\/\/www.kureselmuhendislik.com\/wp-content\/uploads\/2021\/03\/k\u00fcresel-mekanik-Vrv-klima-Bak\u0131m-Onar\u0131m-sistemleri-Is\u0131tma-Sistemleri-\u0130zmir-Mekanik-Tesisat-Firmas\u0131-\u0130zmir-Galvaniz-havaland\u0131rma-firmas\u0131-\u0130zmir-Klima-borulama-tesisat\u0131-4-1024x160.jpg 1024w, https:\/\/www.kureselmuhendislik.com\/wp-content\/uploads\/2021\/03\/k\u00fcresel-mekanik-Vrv-klima-Bak\u0131m-Onar\u0131m-sistemleri-Is\u0131tma-Sistemleri-\u0130zmir-Mekanik-Tesisat-Firmas\u0131-\u0130zmir-Galvaniz-havaland\u0131rma-firmas\u0131-\u0130zmir-Klima-borulama-tesisat\u0131-4-300x47.jpg 300w, https:\/\/www.kureselmuhendislik.com\/wp-content\/uploads\/2021\/03\/k\u00fcresel-mekanik-Vrv-klima-Bak\u0131m-Onar\u0131m-sistemleri-Is\u0131tma-Sistemleri-\u0130zmir-Mekanik-Tesisat-Firmas\u0131-\u0130zmir-Galvaniz-havaland\u0131rma-firmas\u0131-\u0130zmir-Klima-borulama-tesisat\u0131-4-768x120.jpg 768w, https:\/\/www.kureselmuhendislik.com\/wp-content\/uploads\/2021\/03\/k\u00fcresel-mekanik-Vrv-klima-Bak\u0131m-Onar\u0131m-sistemleri-Is\u0131tma-Sistemleri-\u0130zmir-Mekanik-Tesisat-Firmas\u0131-\u0130zmir-Galvaniz-havaland\u0131rma-firmas\u0131-\u0130zmir-Klima-borulama-tesisat\u0131-4.jpg 1920w\" sizes=\"(max-width: 1024px) 100vw, 1024px\" \/><\/td>\n<\/tr>\n<\/tbody>\n<\/table>\n<p>T\u00fcrkiye \u00c7ap\u0131nda Pek \u00c7ok Deniz Bank \u015eubesi Mekanik Tesisat Klima Havaland\u0131rma i\u015fleri K\u00fcresel Mekanik M\u00fchendislik Taraf\u0131ndan yap\u0131lm\u0131\u015ft\u0131r.<\/p>\n<table style=\"width: 667px;\">\n<tbody>\n<tr>\n<td style=\"width: 568px;\">DEN\u0130Z BANK MEKAN\u0130K TES\u0130SAT \u0130\u015e\u0130. GEBZE \u015eUBES\u0130<\/td>\n<td style=\"width: 53px;\">2021<\/td>\n<\/tr>\n<tr>\n<td style=\"width: 568px;\">DEN\u0130Z BANK MEKAN\u0130K TES\u0130SAT \u0130\u015e\u0130. BARTIN \u015eUBES\u0130<\/td>\n<td style=\"width: 53px;\">2021<\/td>\n<\/tr>\n<tr>\n<td style=\"width: 568px;\">DEN\u0130Z BANK MEKAN\u0130K TES\u0130SAT \u0130\u015e\u0130. TATVAN \u015eUBES\u0130<\/td>\n<td style=\"width: 53px;\">2020<\/td>\n<\/tr>\n<tr>\n<td style=\"width: 568px;\">DEN\u0130Z BANK MEKAN\u0130K TES\u0130SAT \u0130\u015e\u0130. YOZGAT \u015eUBES\u0130<\/td>\n<td style=\"width: 53px;\">2020<\/td>\n<\/tr>\n<tr>\n<td style=\"width: 568px;\">DEN\u0130Z BANK MEKAN\u0130K TES\u0130SAT \u0130\u015e\u0130. ARTV\u0130N \u015eUBES\u0130<\/td>\n<td style=\"width: 53px;\">2020<\/td>\n<\/tr>\n<tr>\n<td style=\"width: 568px;\">DEN\u0130Z BANK MEKAN\u0130K TES\u0130SAT \u0130\u015e\u0130. MENDERES \/ \u0130ZM\u0130R<\/td>\n<td style=\"width: 53px;\">2020<\/td>\n<\/tr>\n<tr>\n<td style=\"width: 568px;\">DEN\u0130ZBANK MEKAN\u0130K TES\u0130SAT \u0130\u015e\u0130. AKH\u0130SAR \u015eUBES\u0130<\/td>\n<td style=\"width: 53px;\">2020<\/td>\n<\/tr>\n<tr>\n<td style=\"width: 568px;\">Denizbank Mekanik Tesisat \u0130\u015fi. KUMLUCA \u015eUBES\u0130 \/ ANTALYA<\/td>\n<td style=\"width: 53px;\">2019<\/td>\n<\/tr>\n<tr>\n<td style=\"width: 568px;\">DEN\u0130Z BANK MEKAN\u0130K TES\u0130SAT \u0130\u015e\u0130. KARAB\u00dcK \u015eUBES\u0130<\/td>\n<td style=\"width: 53px;\">2019<\/td>\n<\/tr>\n<tr>\n<td style=\"width: 568px;\">DEN\u0130ZBANK MEKAN\u0130K TES\u0130SAT \u0130\u015e\u0130. \u00c7ANKIRI \u015eUBES\u0130<\/td>\n<td style=\"width: 53px;\">2019<\/td>\n<\/tr>\n<tr>\n<td style=\"width: 568px;\">DEN\u0130Z BANK MEKAN\u0130K TES\u0130SAT \u0130\u015e\u0130. KOZLUK\/BATMAN \u015eUBES\u0130<\/td>\n<td style=\"width: 53px;\">2019<\/td>\n<\/tr>\n<tr>\n<td style=\"width: 568px;\">DEN\u0130Z BANK MEKAN\u0130K TES\u0130SAT \u0130\u015e\u0130. KONYA ALTINEK\u0130N \u015eUBES\u0130<\/td>\n<td style=\"width: 53px;\">2018<\/td>\n<\/tr>\n<tr>\n<td style=\"width: 568px;\">DEN\u0130Z BANK MEKAN\u0130K TES\u0130SAT \u0130\u015e\u0130.\u00a0 EZ\u0130NE \u015eUBES\u0130 \/ \u00c7ANAKKALE<\/td>\n<td style=\"width: 53px;\">2017<\/td>\n<\/tr>\n<tr>\n<td style=\"width: 568px;\">DEN\u0130Z BANK MEKAN\u0130K TES\u0130SAT \u0130\u015e\u0130.\u00a0 ALTINTA\u015e \u015eUBES\u0130 \/ AFYON<\/td>\n<td style=\"width: 53px;\">2017<\/td>\n<\/tr>\n<tr>\n<td style=\"width: 568px;\">DEN\u0130Z BANK MEKAN\u0130K TES\u0130SAT \u0130\u015e\u0130.\u00a0 YALOVA \u015eUBES\u0130<\/td>\n<td style=\"width: 53px;\">2017<\/td>\n<\/tr>\n<\/tbody>\n<\/table>\n<table>\n<tbody>\n<tr>\n<td><a href=\"http:\/\/www.kureselmuhendislik.com\/wp-content\/uploads\/2020\/10\/Denizbank-mekanik-tesisat-firmas\u0131-k\u00fcresel-mekanik-Vrv-klima-Bak\u0131m-Onar\u0131m-sistemleri-Is\u0131tma-Sistemleri-\u0130zmir-Mekanik-Tesisat-Firmas\u0131-\u0130zmir.png\"><img decoding=\"async\" class=\"alignnone wp-image-1453 size-medium\" src=\"http:\/\/www.kureselmuhendislik.com\/wp-content\/uploads\/2020\/10\/Denizbank-mekanik-tesisat-firmas\u0131-k\u00fcresel-mekanik-Vrv-klima-Bak\u0131m-Onar\u0131m-sistemleri-Is\u0131tma-Sistemleri-\u0130zmir-Mekanik-Tesisat-Firmas\u0131-\u0130zmir-300x99.png\" alt=\"\" width=\"300\" height=\"99\" srcset=\"https:\/\/www.kureselmuhendislik.com\/wp-content\/uploads\/2020\/10\/Denizbank-mekanik-tesisat-firmas\u0131-k\u00fcresel-mekanik-Vrv-klima-Bak\u0131m-Onar\u0131m-sistemleri-Is\u0131tma-Sistemleri-\u0130zmir-Mekanik-Tesisat-Firmas\u0131-\u0130zmir-300x99.png 300w, https:\/\/www.kureselmuhendislik.com\/wp-content\/uploads\/2020\/10\/Denizbank-mekanik-tesisat-firmas\u0131-k\u00fcresel-mekanik-Vrv-klima-Bak\u0131m-Onar\u0131m-sistemleri-Is\u0131tma-Sistemleri-\u0130zmir-Mekanik-Tesisat-Firmas\u0131-\u0130zmir.png 389w\" sizes=\"(max-width: 300px) 100vw, 300px\" \/><\/a><\/td>\n<td><\/td>\n<\/tr>\n<\/tbody>\n<\/table>\n<p>&nbsp;<\/p>","protected":false},"excerpt":{"rendered":"<p>T\u00fcrkiye \u00c7ap\u0131nda Pek \u00c7ok Deniz Bank \u015eubesi Mekanik Tesisat Klima Havaland\u0131rma i\u015fleri K\u00fcresel Mekanik M\u00fchendislik Taraf\u0131ndan yap\u0131lm\u0131\u015ft\u0131r. DEN\u0130Z BANK MEKAN\u0130K TES\u0130SAT \u0130\u015e\u0130. GEBZE \u015eUBES\u0130 2021 DEN\u0130Z BANK MEKAN\u0130K TES\u0130SAT \u0130\u015e\u0130. BARTIN \u015eUBES\u0130 2021 DEN\u0130Z BANK MEKAN\u0130K TES\u0130SAT \u0130\u015e\u0130. TATVAN \u015eUBES\u0130 2020 DEN\u0130Z BANK MEKAN\u0130K TES\u0130SAT \u0130\u015e\u0130. YOZGAT \u015eUBES\u0130 2020 DEN\u0130Z BANK MEKAN\u0130K TES\u0130SAT \u0130\u015e\u0130. ARTV\u0130N&#8230;<\/p>","protected":false},"author":1,"featured_media":1536,"parent":0,"menu_order":0,"comment_status":"closed","ping_status":"closed","template":"","meta":{"_monsterinsights_skip_tracking":false,"_monsterinsights_sitenote_active":false,"_monsterinsights_sitenote_note":"","_monsterinsights_sitenote_category":0,"_kad_post_transparent":"","_kad_post_title":"","_kad_post_layout":"","_kad_post_sidebar_id":"","_kad_post_content_style":"","_kad_post_vertical_padding":"","_kad_post_feature":"","_kad_post_feature_position":"","_kad_post_header":false,"_kad_post_footer":false,"_kad_post_classname":"","footnotes":""},"class_list":["post-458","page","type-page","status-publish","has-post-thumbnail","hentry"],"_links":{"self":[{"href":"https:\/\/www.kureselmuhendislik.com\/en\/wp-json\/wp\/v2\/pages\/458","targetHints":{"allow":["GET"]}}],"collection":[{"href":"https:\/\/www.kureselmuhendislik.com\/en\/wp-json\/wp\/v2\/pages"}],"about":[{"href":"https:\/\/www.kureselmuhendislik.com\/en\/wp-json\/wp\/v2\/types\/page"}],"author":[{"embeddable":true,"href":"https:\/\/www.kureselmuhendislik.com\/en\/wp-json\/wp\/v2\/users\/1"}],"replies":[{"embeddable":true,"href":"https:\/\/www.kureselmuhendislik.com\/en\/wp-json\/wp\/v2\/comments?post=458"}],"version-history":[{"count":20,"href":"https:\/\/www.kureselmuhendislik.com\/en\/wp-json\/wp\/v2\/pages\/458\/revisions"}],"predecessor-version":[{"id":1695,"href":"https:\/\/www.kureselmuhendislik.com\/en\/wp-json\/wp\/v2\/pages\/458\/revisions\/1695"}],"wp:featuredmedia":[{"embeddable":true,"href":"https:\/\/www.kureselmuhendislik.com\/en\/wp-json\/wp\/v2\/media\/1536"}],"wp:attachment":[{"href":"https:\/\/www.kureselmuhendislik.com\/en\/wp-json\/wp\/v2\/media?parent=458"}],"curies":[{"name":"wp","href":"https:\/\/api.w.org\/{rel}","templated":true}]}}