{"id":450,"date":"2018-01-23T12:55:55","date_gmt":"2018-01-23T10:55:55","guid":{"rendered":"http:\/\/daikinkuresel.com\/?page_id=450"},"modified":"2022-02-20T21:43:00","modified_gmt":"2022-02-20T18:43:00","slug":"tamamlanan-vakifbank-subeleri","status":"publish","type":"page","link":"https:\/\/www.kureselmuhendislik.com\/en\/tamamlanan-vakifbank-subeleri\/","title":{"rendered":"Vak\u0131fbank &#8211; Vak\u0131f Kat\u0131l\u0131m \u015eubeleri"},"content":{"rendered":"<table>\n<tbody>\n<tr>\n<td><img decoding=\"async\" class=\"alignnone size-medium wp-image-1424\" src=\"http:\/\/www.kureselmuhendislik.com\/wp-content\/uploads\/2020\/10\/K\u00fcresel-mekanik-tesisat-m\u00fchendislik.-End\u00fcstriyel-mekanik-tesisat-izmir.-mekanik-firma-ankara-300x63.jpg\" alt=\"\" width=\"300\" height=\"63\" srcset=\"https:\/\/www.kureselmuhendislik.com\/wp-content\/uploads\/2020\/10\/K\u00fcresel-mekanik-tesisat-m\u00fchendislik.-End\u00fcstriyel-mekanik-tesisat-izmir.-mekanik-firma-ankara-300x63.jpg 300w, https:\/\/www.kureselmuhendislik.com\/wp-content\/uploads\/2020\/10\/K\u00fcresel-mekanik-tesisat-m\u00fchendislik.-End\u00fcstriyel-mekanik-tesisat-izmir.-mekanik-firma-ankara-768x162.jpg 768w, https:\/\/www.kureselmuhendislik.com\/wp-content\/uploads\/2020\/10\/K\u00fcresel-mekanik-tesisat-m\u00fchendislik.-End\u00fcstriyel-mekanik-tesisat-izmir.-mekanik-firma-ankara-1024x216.jpg 1024w, https:\/\/www.kureselmuhendislik.com\/wp-content\/uploads\/2020\/10\/K\u00fcresel-mekanik-tesisat-m\u00fchendislik.-End\u00fcstriyel-mekanik-tesisat-izmir.-mekanik-firma-ankara.jpg 1087w\" sizes=\"(max-width: 300px) 100vw, 300px\" \/><\/td>\n<\/tr>\n<\/tbody>\n<\/table>\n<p>T\u00fcrkiye \u00c7ap\u0131nda Pek \u00c7ok Vak\u0131fbank \u015eubesi Mekanik Tesisat Klima Havaland\u0131rma i\u015fleri K\u00fcresel Mekanik M\u00fchendislik Taraf\u0131ndan yap\u0131lm\u0131\u015ft\u0131r.<\/p>\n<table style=\"width: 695px;\">\n<tbody>\n<tr>\n<td style=\"width: 589px;\"><strong><span style=\"color: #747474; font-family: georgia, palatino, serif;\">Vak\u0131fbank Ege 2. B\u00f6lge M\u00fcd\u00fcrl\u00fc\u011f\u00fc Mekanik \u0130\u015fleri\u00a0 \/ \u0130zmir<\/span><\/strong><\/td>\n<td style=\"width: 60px;\">\u00a02021<\/td>\n<\/tr>\n<tr>\n<td style=\"width: 589px;\"><span style=\"color: #747474; font-family: 'Open Sans', sans-serif;\">VAKIF KATILIM BANKASI MEKAN\u0130K TES\u0130SAT \u0130\u015e\u0130. \u0130STO\u00c7 \u015eUBES\u0130\u00a0<\/span><\/td>\n<td style=\"width: 60px;\">2017<\/td>\n<\/tr>\n<tr>\n<td style=\"width: 589px;\">VAKIF KATILIM BANKASI MEKAN\u0130K TES\u0130SAT \u0130\u015e\u0130. MALATYA \u015eUBES\u0130<\/td>\n<td style=\"width: 60px;\">2017<\/td>\n<\/tr>\n<tr>\n<td style=\"width: 589px;\">VAKIF KATILIM BANKASI MEKAN\u0130K TES\u0130SAT \u0130\u015e\u0130. MAN\u0130SA \u015eUBES\u0130<\/td>\n<td style=\"width: 60px;\">2017<\/td>\n<\/tr>\n<tr>\n<td style=\"width: 589px;\">VAKIF KATILIM BANKASI MEKAN\u0130K TES\u0130SAT \u0130\u015e\u0130. GAZ\u0130ANTEP \u015eUBES\u0130<\/td>\n<td style=\"width: 60px;\">2017<\/td>\n<\/tr>\n<tr>\n<td style=\"width: 589px;\">VAKIFBANK MEKAN\u0130K TES\u0130SAT \u0130\u015e\u0130. \u00a0ULUYOL \/ BURSA \u015eUBES\u0130<\/td>\n<td style=\"width: 60px;\">2016<\/td>\n<\/tr>\n<tr>\n<td style=\"width: 589px;\">VAKIFBANK MEKAN\u0130K TES\u0130SAT \u0130\u015e\u0130. KIZILAY \u015eUBES\u0130 \/ ANKARA<\/td>\n<td style=\"width: 60px;\">2015<\/td>\n<\/tr>\n<tr>\n<td style=\"width: 589px;\">VAKIFBANK MEKAN\u0130K TES\u0130SAT \u0130\u015e\u0130. AKSOY \/ \u0130ZM\u0130R \u015eUBES\u0130<\/td>\n<td style=\"width: 60px;\">2015<\/td>\n<\/tr>\n<tr>\n<td style=\"width: 589px;\">VAKIFBANK L\u00fcleburgaz\/KIRKLAREL\u0130 \u015eubesi Mekanik Tesisat \u0130\u015fi<\/td>\n<td style=\"width: 60px;\">2015<\/td>\n<\/tr>\n<tr>\n<td style=\"width: 589px;\">VAKIFBANK ADALET SARAYI\/\u0130ST. \u015eUBES\u0130 MEKAN\u0130K TES\u0130SAT \u0130\u015e\u0130.<\/td>\n<td style=\"width: 60px;\">2015<\/td>\n<\/tr>\n<tr>\n<td style=\"width: 589px;\">VAKIFBANK SIRACEV\u0130ZLER\/\u0130ST. \u015eUBES\u0130 MEKAN\u0130K TES\u0130SAT \u0130\u015e\u0130.<\/td>\n<td style=\"width: 60px;\">2015<\/td>\n<\/tr>\n<tr>\n<td style=\"width: 589px;\">Vak\u0131fbank Bat\u0131 Karadeniz B\u00f6l. M\u00fcd. Binas\u0131 Mekanik Tesisat \u0130\u015fi. Zonguldak<\/td>\n<td style=\"width: 60px;\">2014<\/td>\n<\/tr>\n<tr>\n<td style=\"width: 589px;\">VAKIFBANK Eski\u015fehir \u015fubesi mekanik tesisat i\u015fi.<\/td>\n<td style=\"width: 60px;\">2014<\/td>\n<\/tr>\n<tr>\n<td style=\"width: 589px;\">T. Vak\u0131flar Bankas\u0131 Menderes\/\u0130zmir \u015fubesi mekanik tesisat i\u015fi.<\/td>\n<td style=\"width: 60px;\">2014<\/td>\n<\/tr>\n<tr>\n<td style=\"width: 589px;\">T. Vak\u0131flar Bankas\u0131 A.O.S. \u00c7i\u011fli\/\u0130zmir \u015fubesi mekanik tesisat i\u015fi.<\/td>\n<td style=\"width: 60px;\">2014<\/td>\n<\/tr>\n<tr>\n<td style=\"width: 589px;\">T. Vak\u0131flar Bankas\u0131 \u0130stasyon\/Sivas \u015fubesi mekanik tesisat i\u015fi.<\/td>\n<td style=\"width: 60px;\">2013<\/td>\n<\/tr>\n<tr>\n<td style=\"width: 589px;\">T. Vak\u0131flar Bankas\u0131 \u00c7ekmek\u00f6y \/\u0130stanbul \u015fubesi mekanik tesisat i\u015fi.<\/td>\n<td style=\"width: 60px;\">2013<\/td>\n<\/tr>\n<tr>\n<td style=\"width: 589px;\">T. Vak\u0131flar Bankas\u0131 Buca\/\u0130zmir \u015fubesi mekanik tesisat i\u015fi.<\/td>\n<td style=\"width: 60px;\">2013<\/td>\n<\/tr>\n<tr>\n<td style=\"width: 589px;\">T. Vak\u0131flar Bankas\u0131 Serdivan\/Sakarya \u015fubesi mekanik tesisat i\u015fi.<\/td>\n<td style=\"width: 60px;\">2013<\/td>\n<\/tr>\n<tr>\n<td style=\"width: 589px;\">T. Vak\u0131flar Bankas\u0131 Kayap\u0131nar\/Diyarbak\u0131r \u015fubesi mekanik tesisat i\u015fi.<\/td>\n<td style=\"width: 60px;\">2013<\/td>\n<\/tr>\n<tr>\n<td style=\"width: 589px;\">T. Vak\u0131flar Bankas\u0131 Yeni\u015fehir\/Diyarbak\u0131r \u015fubesi mekanik tesisat i\u015fi.<\/td>\n<td style=\"width: 60px;\">2013<\/td>\n<\/tr>\n<tr>\n<td style=\"width: 589px;\">T. Vak\u0131flar Bankas\u0131 \u0130zmit E5 \u015fubesi mekanik tesisat i\u015fi. Kocaeli<\/td>\n<td style=\"width: 60px;\">2013<\/td>\n<\/tr>\n<tr>\n<td style=\"width: 589px;\">VAKIFBANK mekanik tesisat i\u015fi. \u00c7ayyolu \u015eubesi \/ Ankara<\/td>\n<td style=\"width: 60px;\">2013<\/td>\n<\/tr>\n<tr>\n<td style=\"width: 589px;\">Vak\u0131fbank Genel M\u00fcd. Ek Hizmet Binas\u0131 Mekanik Tesisat \u0130\u015fi &#8211; Ankara<\/td>\n<td style=\"width: 60px;\">2013<\/td>\n<\/tr>\n<tr>\n<td style=\"width: 589px;\"><span style=\"color: #747474; font-family: 'Open Sans', sans-serif;\">VAKIF KATILIM BANKASI MEKAN\u0130K TES\u0130SAT \u0130\u015e\u0130. KIRIKKALE \u015eUBES\u0130<\/span><\/td>\n<td style=\"width: 60px;\">2012<\/td>\n<\/tr>\n<tr>\n<td style=\"width: 589px;\"><span style=\"color: #747474; font-family: 'Open Sans', sans-serif;\">VAKIF KATILIM BANKASI MEKAN\u0130K TES\u0130SAT \u0130\u015e\u0130. EMEK \u015eUBES\u0130 \/ ANKARA<\/span><\/td>\n<td style=\"width: 60px;\">2012<\/td>\n<\/tr>\n<\/tbody>\n<\/table>\n<p>&nbsp;<\/p>\n<table>\n<tbody>\n<tr>\n<td><a href=\"https:\/\/www.kureselmuhendislik.com\/wp-content\/uploads\/2021\/11\/vakifbank-sube-mekanik-tesisat-ku\u0308resel-mu\u0308hendislik-klima-havalandirma-tesisati-1.jpg\"><img fetchpriority=\"high\" decoding=\"async\" class=\"alignnone size-medium wp-image-1835\" src=\"https:\/\/www.kureselmuhendislik.com\/wp-content\/uploads\/2021\/11\/vakifbank-sube-mekanik-tesisat-ku\u0308resel-mu\u0308hendislik-klima-havalandirma-tesisati-1-300x200.jpg\" alt=\"\" width=\"300\" height=\"200\" srcset=\"https:\/\/www.kureselmuhendislik.com\/wp-content\/uploads\/2021\/11\/vakifbank-sube-mekanik-tesisat-ku\u0308resel-mu\u0308hendislik-klima-havalandirma-tesisati-1-300x200.jpg 300w, https:\/\/www.kureselmuhendislik.com\/wp-content\/uploads\/2021\/11\/vakifbank-sube-mekanik-tesisat-ku\u0308resel-mu\u0308hendislik-klima-havalandirma-tesisati-1-768x512.jpg 768w, https:\/\/www.kureselmuhendislik.com\/wp-content\/uploads\/2021\/11\/vakifbank-sube-mekanik-tesisat-ku\u0308resel-mu\u0308hendislik-klima-havalandirma-tesisati-1.jpg 1024w\" sizes=\"(max-width: 300px) 100vw, 300px\" \/><\/a><\/td>\n<td><a href=\"https:\/\/www.kureselmuhendislik.com\/wp-content\/uploads\/2021\/11\/vakifbank-mekanik-tesisat-ihale-ku\u0308resel-mekanik-mu\u0308hendislik-klima-havalandirma-yangin-tesisati-1.jpg\"><img decoding=\"async\" class=\"alignnone size-medium wp-image-1870\" src=\"https:\/\/www.kureselmuhendislik.com\/wp-content\/uploads\/2021\/11\/vakifbank-mekanik-tesisat-ihale-ku\u0308resel-mekanik-mu\u0308hendislik-klima-havalandirma-yangin-tesisati-1-300x200.jpg\" alt=\"\" width=\"300\" height=\"200\" srcset=\"https:\/\/www.kureselmuhendislik.com\/wp-content\/uploads\/2021\/11\/vakifbank-mekanik-tesisat-ihale-ku\u0308resel-mekanik-mu\u0308hendislik-klima-havalandirma-yangin-tesisati-1-300x200.jpg 300w, https:\/\/www.kureselmuhendislik.com\/wp-content\/uploads\/2021\/11\/vakifbank-mekanik-tesisat-ihale-ku\u0308resel-mekanik-mu\u0308hendislik-klima-havalandirma-yangin-tesisati-1-768x512.jpg 768w, https:\/\/www.kureselmuhendislik.com\/wp-content\/uploads\/2021\/11\/vakifbank-mekanik-tesisat-ihale-ku\u0308resel-mekanik-mu\u0308hendislik-klima-havalandirma-yangin-tesisati-1.jpg 1024w\" sizes=\"(max-width: 300px) 100vw, 300px\" \/><\/a><\/td>\n<\/tr>\n<\/tbody>\n<\/table>","protected":false},"excerpt":{"rendered":"<p>T\u00fcrkiye \u00c7ap\u0131nda Pek \u00c7ok Vak\u0131fbank \u015eubesi Mekanik Tesisat Klima Havaland\u0131rma i\u015fleri K\u00fcresel Mekanik M\u00fchendislik Taraf\u0131ndan yap\u0131lm\u0131\u015ft\u0131r. Vak\u0131fbank Ege 2. B\u00f6lge M\u00fcd\u00fcrl\u00fc\u011f\u00fc Mekanik \u0130\u015fleri\u00a0 \/ \u0130zmir \u00a02021 VAKIF KATILIM BANKASI MEKAN\u0130K TES\u0130SAT \u0130\u015e\u0130. \u0130STO\u00c7 \u015eUBES\u0130\u00a0 2017 VAKIF KATILIM BANKASI MEKAN\u0130K TES\u0130SAT \u0130\u015e\u0130. MALATYA \u015eUBES\u0130 2017 VAKIF KATILIM BANKASI MEKAN\u0130K TES\u0130SAT \u0130\u015e\u0130. MAN\u0130SA \u015eUBES\u0130 2017 VAKIF KATILIM&#8230;<\/p>","protected":false},"author":1,"featured_media":1477,"parent":0,"menu_order":0,"comment_status":"closed","ping_status":"closed","template":"","meta":{"_monsterinsights_skip_tracking":false,"_monsterinsights_sitenote_active":false,"_monsterinsights_sitenote_note":"","_monsterinsights_sitenote_category":0,"_kad_post_transparent":"","_kad_post_title":"","_kad_post_layout":"","_kad_post_sidebar_id":"","_kad_post_content_style":"","_kad_post_vertical_padding":"","_kad_post_feature":"","_kad_post_feature_position":"","_kad_post_header":false,"_kad_post_footer":false,"_kad_post_classname":"","footnotes":""},"class_list":["post-450","page","type-page","status-publish","has-post-thumbnail","hentry"],"_links":{"self":[{"href":"https:\/\/www.kureselmuhendislik.com\/en\/wp-json\/wp\/v2\/pages\/450","targetHints":{"allow":["GET"]}}],"collection":[{"href":"https:\/\/www.kureselmuhendislik.com\/en\/wp-json\/wp\/v2\/pages"}],"about":[{"href":"https:\/\/www.kureselmuhendislik.com\/en\/wp-json\/wp\/v2\/types\/page"}],"author":[{"embeddable":true,"href":"https:\/\/www.kureselmuhendislik.com\/en\/wp-json\/wp\/v2\/users\/1"}],"replies":[{"embeddable":true,"href":"https:\/\/www.kureselmuhendislik.com\/en\/wp-json\/wp\/v2\/comments?post=450"}],"version-history":[{"count":16,"href":"https:\/\/www.kureselmuhendislik.com\/en\/wp-json\/wp\/v2\/pages\/450\/revisions"}],"predecessor-version":[{"id":1982,"href":"https:\/\/www.kureselmuhendislik.com\/en\/wp-json\/wp\/v2\/pages\/450\/revisions\/1982"}],"wp:featuredmedia":[{"embeddable":true,"href":"https:\/\/www.kureselmuhendislik.com\/en\/wp-json\/wp\/v2\/media\/1477"}],"wp:attachment":[{"href":"https:\/\/www.kureselmuhendislik.com\/en\/wp-json\/wp\/v2\/media?parent=450"}],"curies":[{"name":"wp","href":"https:\/\/api.w.org\/{rel}","templated":true}]}}