{"id":2530,"date":"2023-10-04T15:47:27","date_gmt":"2023-10-04T12:47:27","guid":{"rendered":"https:\/\/www.kureselmuhendislik.com\/?page_id=2530"},"modified":"2023-10-04T16:26:14","modified_gmt":"2023-10-04T13:26:14","slug":"elementor-2530","status":"publish","type":"page","link":"https:\/\/www.kureselmuhendislik.com\/en\/elementor-2530\/","title":{"rendered":"ELEGANT PLUS UV DUVAR T\u0130P\u0130 SPLIT KL\u0130MA"},"content":{"rendered":"<div data-elementor-type=\"wp-page\" data-elementor-id=\"2530\" class=\"elementor elementor-2530\">\n\t\t\t\t\t\t<section class=\"elementor-section elementor-top-section elementor-element elementor-element-2bd3700 elementor-section-boxed elementor-section-height-default elementor-section-height-default\" data-id=\"2bd3700\" data-element_type=\"section\" data-e-type=\"section\">\n\t\t\t\t\t\t<div class=\"elementor-container elementor-column-gap-default\">\n\t\t\t\t\t<div class=\"elementor-column elementor-col-100 elementor-top-column elementor-element elementor-element-e8b7f17\" data-id=\"e8b7f17\" data-element_type=\"column\" data-e-type=\"column\">\n\t\t\t<div class=\"elementor-widget-wrap elementor-element-populated\">\n\t\t\t\t\t\t<div class=\"elementor-element elementor-element-b1cf64e elementor-widget elementor-widget-heading\" data-id=\"b1cf64e\" data-element_type=\"widget\" data-e-type=\"widget\" data-widget_type=\"heading.default\">\n\t\t\t\t<div class=\"elementor-widget-container\">\n\t\t\t\t\t<h5 class=\"elementor-heading-title elementor-size-default\"><h1 style=\"margin-top: 0px;margin-bottom: 0.7em;font-family: Montserrat, sans-serif;line-height: 1.4em;font-size: 2.4em;padding: 0px;border: 0px;vertical-align: baseline\">ELEGANT PLUS UV DUVAR T\u0130P\u0130 SPLIT KL\u0130MA<\/h1><\/h5>\t\t\t\t<\/div>\n\t\t\t\t<\/div>\n\t\t\t\t\t<\/div>\n\t\t<\/div>\n\t\t\t\t\t<\/div>\n\t\t<\/section>\n\t\t\t\t<section class=\"elementor-section elementor-top-section elementor-element elementor-element-0a076bf elementor-section-boxed elementor-section-height-default elementor-section-height-default\" data-id=\"0a076bf\" data-element_type=\"section\" data-e-type=\"section\">\n\t\t\t\t\t\t<div class=\"elementor-container elementor-column-gap-default\">\n\t\t\t\t\t<div class=\"elementor-column elementor-col-100 elementor-top-column elementor-element elementor-element-650f22f\" data-id=\"650f22f\" data-element_type=\"column\" data-e-type=\"column\">\n\t\t\t<div class=\"elementor-widget-wrap elementor-element-populated\">\n\t\t\t\t\t\t<div class=\"elementor-element elementor-element-49e6684 elementor-widget elementor-widget-text-editor\" data-id=\"49e6684\" data-element_type=\"widget\" data-e-type=\"widget\" data-widget_type=\"text-editor.default\">\n\t\t\t\t<div class=\"elementor-widget-container\">\n\t\t\t\t\t\t\t\t\t<h5 style=\"-webkit-font-smoothing: antialiased; margin-top: 0px; margin-bottom: 0.7em; padding: 0px; border: 0px; font-variant-numeric: inherit; font-variant-east-asian: inherit; font-variant-alternates: inherit; font-variant-position: inherit; font-stretch: inherit; font-size: 2.4em; line-height: 1.4em; font-family: Montserrat, sans-serif; font-optical-sizing: inherit; font-kerning: inherit; font-feature-settings: inherit; font-variation-settings: inherit; vertical-align: baseline; color: #000000;\">\u00a0<\/h5><h2 style=\"-webkit-font-smoothing: antialiased; margin-top: 0px; margin-bottom: 2em; padding: 0px; border: 0px; font-variant-numeric: inherit; font-variant-east-asian: inherit; font-variant-alternates: inherit; font-variant-position: inherit; font-weight: 300; font-stretch: inherit; font-size: 1.7em; line-height: inherit; font-family: Montserrat, sans-serif; font-optical-sizing: inherit; font-kerning: inherit; font-feature-settings: inherit; font-variation-settings: inherit; vertical-align: baseline; color: #000000;\"><span style=\"font-family: 'book antiqua', palatino, serif;\">ELEGANT PLUS UV 09 \/ ELEGANT PLUS UV 12 \/ ELEGANT PLUS UV 18 \/ ELEGANT PLUS UV 24So\u011futmada A++, Is\u0131tmada A+ Enerji S\u0131n\u0131f\u0131<\/span><\/h2><ul style=\"-webkit-font-smoothing: antialiased; margin-right: 0px; margin-bottom: 0px; margin-left: 0px; border: 0px; font-variant-numeric: inherit; font-variant-east-asian: inherit; font-variant-alternates: inherit; font-variant-position: inherit; font-stretch: inherit; font-size: 10px; line-height: inherit; font-family: Montserrat, sans-serif; font-optical-sizing: inherit; font-kerning: inherit; font-feature-settings: inherit; font-variation-settings: inherit; vertical-align: baseline; color: #ffffff;\"><li style=\"-webkit-font-smoothing: antialiased; margin: 0px 0px 1.4em; padding: 0px 0px 0px 1.5em; border: 0px; font-style: inherit; font-variant: inherit; font-weight: bold; font-stretch: inherit; font-size: 1.3em; line-height: 1.4em; font-family: inherit; font-optical-sizing: inherit; font-kerning: inherit; font-feature-settings: inherit; font-variation-settings: inherit; vertical-align: baseline; display: block; position: relative; color: #000000;\"><span style=\"font-family: 'book antiqua', palatino, serif;\">4 Y\u00f6ne Otomatik<\/span> Hava Y\u00f6nlendirme<\/li><li style=\"-webkit-font-smoothing: antialiased; margin: 0px 0px 1.4em; padding: 0px 0px 0px 1.5em; border: 0px; font-style: inherit; font-variant: inherit; font-weight: bold; font-stretch: inherit; font-size: 1.3em; line-height: 1.4em; font-family: inherit; font-optical-sizing: inherit; font-kerning: inherit; font-feature-settings: inherit; font-variation-settings: inherit; vertical-align: baseline; display: block; position: relative; color: #000000;\">Enerji Tasarrufu i\u00e7in Eco \u00c7al\u0131\u015fma Modu<\/li><li style=\"-webkit-font-smoothing: antialiased; margin: 0px 0px 1.4em; padding: 0px 0px 0px 1.5em; border: 0px; font-style: inherit; font-variant: inherit; font-weight: bold; font-stretch: inherit; font-size: 1.3em; line-height: 1.4em; font-family: inherit; font-optical-sizing: inherit; font-kerning: inherit; font-feature-settings: inherit; font-variation-settings: inherit; vertical-align: baseline; display: block; position: relative; color: #000000;\">Silence Mod \u00d6zelli\u011fi ile Sessiz \u00c7al\u0131\u015fma<\/li><li style=\"-webkit-font-smoothing: antialiased; margin: 0px 0px 1.4em; padding: 0px 0px 0px 1.5em; border: 0px; font-style: inherit; font-variant: inherit; font-weight: bold; font-stretch: inherit; font-size: 1.3em; line-height: 1.4em; font-family: inherit; font-optical-sizing: inherit; font-kerning: inherit; font-feature-settings: inherit; font-variation-settings: inherit; vertical-align: baseline; display: block; position: relative; color: #000000;\">Korozyona Kar\u015f\u0131 Dayan\u0131m\u0131 Artt\u0131ran \u00d6zel Golden Fin Kaplama<\/li><li style=\"-webkit-font-smoothing: antialiased; margin: 0px 0px 1.4em; padding: 0px 0px 0px 1.5em; border: 0px; font-style: inherit; font-variant: inherit; font-weight: bold; font-stretch: inherit; font-size: 1.3em; line-height: 1.4em; font-family: inherit; font-optical-sizing: inherit; font-kerning: inherit; font-feature-settings: inherit; font-variation-settings: inherit; vertical-align: baseline; display: block; position: relative; color: #000000;\">I Feel Teknolojisi ile Hassas S\u0131cakl\u0131k Kontrol\u00fc<\/li><li style=\"-webkit-font-smoothing: antialiased; margin: 0px 0px 1.4em; padding: 0px 0px 0px 1.5em; border: 0px; font-style: inherit; font-variant: inherit; font-weight: bold; font-stretch: inherit; font-size: 1.3em; line-height: 1.4em; font-family: inherit; font-optical-sizing: inherit; font-kerning: inherit; font-feature-settings: inherit; font-variation-settings: inherit; vertical-align: baseline; display: block; position: relative; color: #000000;\">Opsiyonel Wi-Fi \u00f6zelli\u011fi ile ak\u0131ll\u0131 kontrol<\/li><li style=\"-webkit-font-smoothing: antialiased; margin: 0px 0px 1.4em; padding: 0px 0px 0px 1.5em; border: 0px; font-style: inherit; font-variant: inherit; font-weight: bold; font-stretch: inherit; font-size: 1.3em; line-height: 1.4em; font-family: inherit; font-optical-sizing: inherit; font-kerning: inherit; font-feature-settings: inherit; font-variation-settings: inherit; vertical-align: baseline; display: block; position: relative; color: #000000;\"><h4 class=\"baymak--ui-row-title visible animated fadeInUp full-visible\" style=\"margin-top: 1.2em; margin-bottom: 0.5em;\">Baymak Bayi Klimalar \u0130\u00e7in 0232 250 50 07 nolu Numaradan Bize Ula\u015fabilirsiniz.<\/h4><p style=\"color: #233452; font-family: Solway, serif; font-weight: 400;\">Gaziler Caddesi 478 \/G Yeni\u015fehir \u2013 Konak<\/p><div class=\"baymak--grid-view aux\" style=\"color: #233452; font-family: Solway, serif; font-size: 17px; font-weight: 400;\"><div class=\"baymak--grid-view-item\">\u00a0<\/div><\/div><\/li><\/ul><p style=\"-webkit-font-smoothing: antialiased; margin-top: 40px; margin-bottom: 2em; padding: 0px; border: 0px; font-variant-numeric: inherit; font-variant-east-asian: inherit; font-variant-alternates: inherit; font-variant-position: inherit; font-weight: bold; font-stretch: inherit; font-size: 12px; line-height: 18px; font-family: Montserrat, sans-serif; font-optical-sizing: inherit; font-kerning: inherit; font-feature-settings: inherit; font-variation-settings: inherit; vertical-align: baseline; color: #000000; max-width: 500px;\">#<a style=\"-webkit-font-smoothing: antialiased; margin: 0px; padding: 0px; border: 0px; font: inherit; vertical-align: baseline; color: #000000;\" href=\"https:\/\/www.baymak.com.tr\/klima\" target=\"_blank\" rel=\"noopener\">KL\u0130MA<\/a>\u00a0\u00a0\u00a0#<a style=\"-webkit-font-smoothing: antialiased; margin: 0px; padding: 0px; border: 0px; font: inherit; vertical-align: baseline; color: #000000;\" href=\"https:\/\/www.baymak.com.tr\/klima\" target=\"_blank\" rel=\"noopener\">KL\u0130MALAR<\/a>\u00a0\u00a0\u00a0#<a style=\"-webkit-font-smoothing: antialiased; margin: 0px; padding: 0px; border: 0px; font: inherit; vertical-align: baseline; color: #000000;\" href=\"https:\/\/www.baymak.com.tr\/klimalar\/duvar-tipi-klima-sistemleri\" target=\"_blank\" rel=\"noopener\">DUVAR T\u0130P\u0130 KL\u0130MALAR<\/a>\u00a0\u00a0\u00a0#<a style=\"-webkit-font-smoothing: antialiased; margin: 0px; padding: 0px; border: 0px; font: inherit; vertical-align: baseline; color: #000000;\" href=\"https:\/\/www.baymak.com.tr\/klimalar\/duvar-tipi-klima\/elegant-plus-uv-duvar-tipi-split-klima\" target=\"_blank\" rel=\"noopener\">INVERTER KL\u0130MA<\/a>\u00a0\u00a0\u00a0#<a style=\"-webkit-font-smoothing: antialiased; margin: 0px; padding: 0px; border: 0px; font: inherit; vertical-align: baseline; color: #000000;\" href=\"https:\/\/www.baymak.com.tr\/klimalar\/duvar-tipi-klima\/elegant-plus-uv-duvar-tipi-split-klima\" target=\"_blank\" rel=\"noopener\">9000 BTU KL\u0130MA<\/a>\u00a0\u00a0\u00a0#<a style=\"-webkit-font-smoothing: antialiased; margin: 0px; padding: 0px; border: 0px; font: inherit; vertical-align: baseline; color: #000000;\" href=\"https:\/\/www.baymak.com.tr\/klimalar\/duvar-tipi-klima\/elegant-plus-uv-duvar-tipi-split-klima\" target=\"_blank\" rel=\"noopener\">12000 BTU KL\u0130MA<\/a>\u00a0\u00a0\u00a0#<a style=\"-webkit-font-smoothing: antialiased; margin: 0px; padding: 0px; border: 0px; font: inherit; vertical-align: baseline; color: #000000;\" href=\"https:\/\/www.baymak.com.tr\/klimalar\/duvar-tipi-klima\/elegant-plus-uv-duvar-tipi-split-klima\" target=\"_blank\" rel=\"noopener\">18000 BTU KL\u0130MA<\/a>\u00a0\u00a0\u00a0#<a style=\"-webkit-font-smoothing: antialiased; margin: 0px; padding: 0px; border: 0px; font: inherit; vertical-align: baseline; color: #000000;\" href=\"https:\/\/www.baymak.com.tr\/klimalar\/duvar-tipi-klima\/elegant-plus-uv-duvar-tipi-split-klima\" target=\"_blank\" rel=\"noopener\">24000 BTU KL\u0130MA<\/a>\u00a0\u00a0<\/p>\t\t\t\t\t\t\t\t<\/div>\n\t\t\t\t<\/div>\n\t\t\t\t\t<\/div>\n\t\t<\/div>\n\t\t\t\t\t<\/div>\n\t\t<\/section>\n\t\t\t\t<section class=\"elementor-section elementor-top-section elementor-element elementor-element-4906a1c elementor-section-boxed elementor-section-height-default elementor-section-height-default\" data-id=\"4906a1c\" data-element_type=\"section\" data-e-type=\"section\">\n\t\t\t\t\t\t<div class=\"elementor-container elementor-column-gap-default\">\n\t\t\t\t\t<div class=\"elementor-column elementor-col-50 elementor-top-column elementor-element elementor-element-b599a90\" data-id=\"b599a90\" data-element_type=\"column\" data-e-type=\"column\">\n\t\t\t<div class=\"elementor-widget-wrap elementor-element-populated\">\n\t\t\t\t\t\t<div class=\"elementor-element elementor-element-a71f05e elementor-widget elementor-widget-image\" data-id=\"a71f05e\" data-element_type=\"widget\" data-e-type=\"widget\" data-widget_type=\"image.default\">\n\t\t\t\t<div class=\"elementor-widget-container\">\n\t\t\t\t\t\t\t\t\t\t\t\t\t\t\t<img fetchpriority=\"high\" decoding=\"async\" width=\"930\" height=\"970\" src=\"https:\/\/www.kureselmuhendislik.com\/wp-content\/uploads\/2023\/10\/baymak-elegant-plus-uv-duvar-tipi-split-klima-yeni-18-btu-12-btu.jpg\" class=\"attachment-large size-large wp-image-2532\" alt=\"\" srcset=\"https:\/\/www.kureselmuhendislik.com\/wp-content\/uploads\/2023\/10\/baymak-elegant-plus-uv-duvar-tipi-split-klima-yeni-18-btu-12-btu.jpg 930w, https:\/\/www.kureselmuhendislik.com\/wp-content\/uploads\/2023\/10\/baymak-elegant-plus-uv-duvar-tipi-split-klima-yeni-18-btu-12-btu-288x300.jpg 288w, https:\/\/www.kureselmuhendislik.com\/wp-content\/uploads\/2023\/10\/baymak-elegant-plus-uv-duvar-tipi-split-klima-yeni-18-btu-12-btu-768x801.jpg 768w, https:\/\/www.kureselmuhendislik.com\/wp-content\/uploads\/2023\/10\/baymak-elegant-plus-uv-duvar-tipi-split-klima-yeni-18-btu-12-btu-920x960.jpg 920w, https:\/\/www.kureselmuhendislik.com\/wp-content\/uploads\/2023\/10\/baymak-elegant-plus-uv-duvar-tipi-split-klima-yeni-18-btu-12-btu-230x240.jpg 230w, https:\/\/www.kureselmuhendislik.com\/wp-content\/uploads\/2023\/10\/baymak-elegant-plus-uv-duvar-tipi-split-klima-yeni-18-btu-12-btu-350x365.jpg 350w, https:\/\/www.kureselmuhendislik.com\/wp-content\/uploads\/2023\/10\/baymak-elegant-plus-uv-duvar-tipi-split-klima-yeni-18-btu-12-btu-480x501.jpg 480w\" sizes=\"(max-width: 930px) 100vw, 930px\" \/>\t\t\t\t\t\t\t\t\t\t\t\t\t\t\t<\/div>\n\t\t\t\t<\/div>\n\t\t\t\t\t<\/div>\n\t\t<\/div>\n\t\t\t\t<div class=\"elementor-column elementor-col-50 elementor-top-column elementor-element elementor-element-e670863\" data-id=\"e670863\" data-element_type=\"column\" data-e-type=\"column\">\n\t\t\t<div class=\"elementor-widget-wrap elementor-element-populated\">\n\t\t\t\t\t\t<div class=\"elementor-element elementor-element-bf9b6a6 elementor-widget elementor-widget-image\" data-id=\"bf9b6a6\" data-element_type=\"widget\" data-e-type=\"widget\" data-widget_type=\"image.default\">\n\t\t\t\t<div class=\"elementor-widget-container\">\n\t\t\t\t\t\t\t\t\t\t\t\t\t\t\t<img decoding=\"async\" width=\"1024\" height=\"806\" src=\"https:\/\/www.kureselmuhendislik.com\/wp-content\/uploads\/2023\/10\/baymak-elegant-plus-uv-duvar-tipi-split-klima-teknik-tablo-12-btu-18-btu-24-btu-baymak-uv-1024x806.jpg\" class=\"attachment-large size-large wp-image-2531\" alt=\"\" srcset=\"https:\/\/www.kureselmuhendislik.com\/wp-content\/uploads\/2023\/10\/baymak-elegant-plus-uv-duvar-tipi-split-klima-teknik-tablo-12-btu-18-btu-24-btu-baymak-uv-1024x806.jpg 1024w, https:\/\/www.kureselmuhendislik.com\/wp-content\/uploads\/2023\/10\/baymak-elegant-plus-uv-duvar-tipi-split-klima-teknik-tablo-12-btu-18-btu-24-btu-baymak-uv-300x236.jpg 300w, https:\/\/www.kureselmuhendislik.com\/wp-content\/uploads\/2023\/10\/baymak-elegant-plus-uv-duvar-tipi-split-klima-teknik-tablo-12-btu-18-btu-24-btu-baymak-uv-768x605.jpg 768w, https:\/\/www.kureselmuhendislik.com\/wp-content\/uploads\/2023\/10\/baymak-elegant-plus-uv-duvar-tipi-split-klima-teknik-tablo-12-btu-18-btu-24-btu-baymak-uv-920x725.jpg 920w, https:\/\/www.kureselmuhendislik.com\/wp-content\/uploads\/2023\/10\/baymak-elegant-plus-uv-duvar-tipi-split-klima-teknik-tablo-12-btu-18-btu-24-btu-baymak-uv-230x181.jpg 230w, https:\/\/www.kureselmuhendislik.com\/wp-content\/uploads\/2023\/10\/baymak-elegant-plus-uv-duvar-tipi-split-klima-teknik-tablo-12-btu-18-btu-24-btu-baymak-uv-350x276.jpg 350w, https:\/\/www.kureselmuhendislik.com\/wp-content\/uploads\/2023\/10\/baymak-elegant-plus-uv-duvar-tipi-split-klima-teknik-tablo-12-btu-18-btu-24-btu-baymak-uv-480x378.jpg 480w, https:\/\/www.kureselmuhendislik.com\/wp-content\/uploads\/2023\/10\/baymak-elegant-plus-uv-duvar-tipi-split-klima-teknik-tablo-12-btu-18-btu-24-btu-baymak-uv.jpg 1299w\" sizes=\"(max-width: 1024px) 100vw, 1024px\" \/>\t\t\t\t\t\t\t\t\t\t\t\t\t\t\t<\/div>\n\t\t\t\t<\/div>\n\t\t\t\t\t<\/div>\n\t\t<\/div>\n\t\t\t\t\t<\/div>\n\t\t<\/section>\n\t\t\t\t<\/div>","protected":false},"excerpt":{"rendered":"<p>ELEGANT PLUS UV DUVAR T\u0130P\u0130 SPLIT KL\u0130MA ELEGANT PLUS UV 09 \/ ELEGANT PLUS UV 12 \/ ELEGANT PLUS UV 18 \/ ELEGANT PLUS UV 24So\u011futmada A++, Is\u0131tmada A+ Enerji S\u0131n\u0131f\u0131 4 Y\u00f6ne Otomatik Hava Y\u00f6nlendirme Enerji Tasarrufu i\u00e7in Eco \u00c7al\u0131\u015fma Modu Silence Mod \u00d6zelli\u011fi ile Sessiz \u00c7al\u0131\u015fma Korozyona Kar\u015f\u0131 Dayan\u0131m\u0131 Artt\u0131ran \u00d6zel Golden Fin&#8230;<\/p>","protected":false},"author":1,"featured_media":2540,"parent":0,"menu_order":0,"comment_status":"closed","ping_status":"closed","template":"","meta":{"_monsterinsights_skip_tracking":false,"_monsterinsights_sitenote_active":false,"_monsterinsights_sitenote_note":"","_monsterinsights_sitenote_category":0,"_kad_post_transparent":"","_kad_post_title":"","_kad_post_layout":"","_kad_post_sidebar_id":"","_kad_post_content_style":"","_kad_post_vertical_padding":"","_kad_post_feature":"","_kad_post_feature_position":"","_kad_post_header":false,"_kad_post_footer":false,"_kad_post_classname":"","footnotes":""},"class_list":["post-2530","page","type-page","status-publish","has-post-thumbnail","hentry"],"_links":{"self":[{"href":"https:\/\/www.kureselmuhendislik.com\/en\/wp-json\/wp\/v2\/pages\/2530","targetHints":{"allow":["GET"]}}],"collection":[{"href":"https:\/\/www.kureselmuhendislik.com\/en\/wp-json\/wp\/v2\/pages"}],"about":[{"href":"https:\/\/www.kureselmuhendislik.com\/en\/wp-json\/wp\/v2\/types\/page"}],"author":[{"embeddable":true,"href":"https:\/\/www.kureselmuhendislik.com\/en\/wp-json\/wp\/v2\/users\/1"}],"replies":[{"embeddable":true,"href":"https:\/\/www.kureselmuhendislik.com\/en\/wp-json\/wp\/v2\/comments?post=2530"}],"version-history":[{"count":8,"href":"https:\/\/www.kureselmuhendislik.com\/en\/wp-json\/wp\/v2\/pages\/2530\/revisions"}],"predecessor-version":[{"id":2541,"href":"https:\/\/www.kureselmuhendislik.com\/en\/wp-json\/wp\/v2\/pages\/2530\/revisions\/2541"}],"wp:featuredmedia":[{"embeddable":true,"href":"https:\/\/www.kureselmuhendislik.com\/en\/wp-json\/wp\/v2\/media\/2540"}],"wp:attachment":[{"href":"https:\/\/www.kureselmuhendislik.com\/en\/wp-json\/wp\/v2\/media?parent=2530"}],"curies":[{"name":"wp","href":"https:\/\/api.w.org\/{rel}","templated":true}]}}