{"id":2492,"date":"2023-04-04T15:43:08","date_gmt":"2023-04-04T12:43:08","guid":{"rendered":"https:\/\/www.kureselmuhendislik.com\/?page_id=2492"},"modified":"2026-04-12T12:03:17","modified_gmt":"2026-04-12T09:03:17","slug":"kurumsal-bakim","status":"publish","type":"page","link":"https:\/\/www.kureselmuhendislik.com\/en\/kurumsal-bakim\/","title":{"rendered":"Kurumsal Bak\u0131m"},"content":{"rendered":"<div data-elementor-type=\"wp-page\" data-elementor-id=\"2492\" class=\"elementor elementor-2492\">\n\t\t\t\t\t\t<section class=\"elementor-section elementor-top-section elementor-element elementor-element-ee75aac elementor-section-boxed elementor-section-height-default elementor-section-height-default\" data-id=\"ee75aac\" data-element_type=\"section\" data-e-type=\"section\">\n\t\t\t\t\t\t<div class=\"elementor-container elementor-column-gap-default\">\n\t\t\t\t\t<div class=\"elementor-column elementor-col-100 elementor-top-column elementor-element elementor-element-5bd8a83\" data-id=\"5bd8a83\" data-element_type=\"column\" data-e-type=\"column\">\n\t\t\t<div class=\"elementor-widget-wrap elementor-element-populated\">\n\t\t\t\t\t\t<div class=\"elementor-element elementor-element-1685c98 elementor-widget elementor-widget-image\" data-id=\"1685c98\" data-element_type=\"widget\" data-e-type=\"widget\" data-widget_type=\"image.default\">\n\t\t\t\t<div class=\"elementor-widget-container\">\n\t\t\t\t\t\t\t\t\t\t\t\t\t\t\t\t<a href=\"https:\/\/www.kureselmuhendislik.com\/wp-content\/uploads\/2026\/02\/HVAC-Heating-Ventilation-Air-Conditioning-Klima-Sistemleri-VRF-Chiller-Split-Rooftop-Bakim-Hizmetleri.png\" data-elementor-open-lightbox=\"yes\" data-elementor-lightbox-title=\"HVAC (Heating, Ventilation, Air Conditioning) Klima Sistemleri (VRF, Chiller, Split, Rooftop) Bak\u0131m Hizmetleri\" data-e-action-hash=\"#elementor-action%3Aaction%3Dlightbox%26settings%3DeyJpZCI6MjcxMCwidXJsIjoiaHR0cHM6XC9cL3d3dy5rdXJlc2VsbXVoZW5kaXNsaWsuY29tXC93cC1jb250ZW50XC91cGxvYWRzXC8yMDI2XC8wMlwvSFZBQy1IZWF0aW5nLVZlbnRpbGF0aW9uLUFpci1Db25kaXRpb25pbmctS2xpbWEtU2lzdGVtbGVyaS1WUkYtQ2hpbGxlci1TcGxpdC1Sb29mdG9wLUJha2ltLUhpem1ldGxlcmkucG5nIn0%3D\">\n\t\t\t\t\t\t\t<img fetchpriority=\"high\" decoding=\"async\" width=\"1024\" height=\"683\" src=\"https:\/\/www.kureselmuhendislik.com\/wp-content\/uploads\/2026\/02\/HVAC-Heating-Ventilation-Air-Conditioning-Klima-Sistemleri-VRF-Chiller-Split-Rooftop-Bakim-Hizmetleri-1024x683.png\" class=\"attachment-large size-large wp-image-2710\" alt=\"\" srcset=\"https:\/\/www.kureselmuhendislik.com\/wp-content\/uploads\/2026\/02\/HVAC-Heating-Ventilation-Air-Conditioning-Klima-Sistemleri-VRF-Chiller-Split-Rooftop-Bakim-Hizmetleri-1024x683.png 1024w, https:\/\/www.kureselmuhendislik.com\/wp-content\/uploads\/2026\/02\/HVAC-Heating-Ventilation-Air-Conditioning-Klima-Sistemleri-VRF-Chiller-Split-Rooftop-Bakim-Hizmetleri-300x200.png 300w, https:\/\/www.kureselmuhendislik.com\/wp-content\/uploads\/2026\/02\/HVAC-Heating-Ventilation-Air-Conditioning-Klima-Sistemleri-VRF-Chiller-Split-Rooftop-Bakim-Hizmetleri-768x512.png 768w, https:\/\/www.kureselmuhendislik.com\/wp-content\/uploads\/2026\/02\/HVAC-Heating-Ventilation-Air-Conditioning-Klima-Sistemleri-VRF-Chiller-Split-Rooftop-Bakim-Hizmetleri-18x12.png 18w, https:\/\/www.kureselmuhendislik.com\/wp-content\/uploads\/2026\/02\/HVAC-Heating-Ventilation-Air-Conditioning-Klima-Sistemleri-VRF-Chiller-Split-Rooftop-Bakim-Hizmetleri.png 1536w\" sizes=\"(max-width: 1024px) 100vw, 1024px\" \/>\t\t\t\t\t\t\t\t<\/a>\n\t\t\t\t\t\t\t\t\t\t\t\t\t\t\t<\/div>\n\t\t\t\t<\/div>\n\t\t\t\t\t<\/div>\n\t\t<\/div>\n\t\t\t\t\t<\/div>\n\t\t<\/section>\n\t\t\t\t<section class=\"elementor-section elementor-top-section elementor-element elementor-element-74fa536 elementor-section-boxed elementor-section-height-default elementor-section-height-default\" data-id=\"74fa536\" data-element_type=\"section\" data-e-type=\"section\">\n\t\t\t\t\t\t<div class=\"elementor-container elementor-column-gap-default\">\n\t\t\t\t\t<div class=\"elementor-column elementor-col-100 elementor-top-column elementor-element elementor-element-c8d60f1\" data-id=\"c8d60f1\" data-element_type=\"column\" data-e-type=\"column\">\n\t\t\t<div class=\"elementor-widget-wrap elementor-element-populated\">\n\t\t\t\t\t\t<div class=\"elementor-element elementor-element-7f3ad59 elementor-widget elementor-widget-text-editor\" data-id=\"7f3ad59\" data-element_type=\"widget\" data-e-type=\"widget\" data-widget_type=\"text-editor.default\">\n\t\t\t\t<div class=\"elementor-widget-container\">\n\t\t\t\t\t\t\t\t\t<p data-start=\"0\" data-end=\"295\">Kurumsal <strong data-start=\"9\" data-end=\"57\">HVAC (Is\u0131tma, Havaland\u0131rma ve \u0130klimlendirme)<\/strong> sistemlerinde bak\u0131m; enerji verimlili\u011fi, cihaz \u00f6mr\u00fc ve i\u00e7 hava kalitesi a\u00e7\u0131s\u0131ndan kritik \u00f6neme sahiptir. A\u015fa\u011f\u0131da kurumsal klima, havaland\u0131rma ve air cooling (evaporatif so\u011futma) sistemleri i\u00e7in profesyonel bak\u0131m kapsam\u0131n\u0131 bulabilirsiniz.<\/p><hr data-start=\"297\" data-end=\"300\" \/><h2 data-start=\"302\" data-end=\"370\">\u00a0HVAC (Heating, Ventilation, Air Conditioning) Bak\u0131m Hizmetleri<\/h2><h3 data-start=\"372\" data-end=\"427\">Klima Sistemleri (VRF, Chiller, Split, Rooftop)<\/h3><ul data-start=\"428\" data-end=\"697\"><li data-start=\"428\" data-end=\"460\"><p data-start=\"430\" data-end=\"460\">Filtre temizli\u011fi ve de\u011fi\u015fimi<\/p><\/li><li data-start=\"461\" data-end=\"507\"><p data-start=\"463\" data-end=\"507\">Evaporat\u00f6r &amp; kondenser serpantin temizli\u011fi<\/p><\/li><li data-start=\"508\" data-end=\"548\"><p data-start=\"510\" data-end=\"548\">Gaz bas\u0131n\u00e7 kontrol\u00fc (R410A, R32 vb.)<\/p><\/li><li data-start=\"549\" data-end=\"582\"><p data-start=\"551\" data-end=\"582\">Kompres\u00f6r performans kontrol\u00fc<\/p><\/li><li data-start=\"583\" data-end=\"630\"><p data-start=\"585\" data-end=\"630\">Elektrik ba\u011flant\u0131lar\u0131 ve kontakt\u00f6r kontrol\u00fc<\/p><\/li><li data-start=\"631\" data-end=\"657\"><p data-start=\"633\" data-end=\"657\">Drenaj hatt\u0131 temizli\u011fi<\/p><\/li><li data-start=\"658\" data-end=\"697\"><p data-start=\"660\" data-end=\"697\">Otomasyon ve termostat kalibrasyonu<\/p><\/li><\/ul><p data-start=\"699\" data-end=\"752\">Kullan\u0131m alanlar\u0131: AVM, hastane, fabrika, plaza, otel<\/p><hr data-start=\"754\" data-end=\"757\" \/><h2 data-start=\"759\" data-end=\"795\">\u00a0Havaland\u0131rma Sistemleri Bak\u0131m\u0131<\/h2><ul data-start=\"796\" data-end=\"998\"><li data-start=\"796\" data-end=\"838\"><p data-start=\"798\" data-end=\"838\">Kanal i\u00e7i temizlik (hijyenik temizlik)<\/p><\/li><li data-start=\"839\" data-end=\"862\"><p data-start=\"841\" data-end=\"862\">Fan ve motor bak\u0131m\u0131<\/p><\/li><li data-start=\"863\" data-end=\"888\"><p data-start=\"865\" data-end=\"888\">Kay\u0131\u015f-kasnak kontrol\u00fc<\/p><\/li><li data-start=\"889\" data-end=\"920\"><p data-start=\"891\" data-end=\"920\">Debi \u00f6l\u00e7\u00fcm\u00fc ve balans ayar\u0131<\/p><\/li><li data-start=\"921\" data-end=\"955\"><p data-start=\"923\" data-end=\"955\">HEPA ve karbon filtre de\u011fi\u015fimi<\/p><\/li><li data-start=\"956\" data-end=\"998\"><p data-start=\"958\" data-end=\"998\">Is\u0131 geri kazan\u0131m cihaz\u0131 (HRV) kontrol\u00fc<\/p><\/li><\/ul><p data-start=\"1000\" data-end=\"1066\">\u00d6zellikle hastane ve g\u0131da tesislerinde periyodik bak\u0131m zorunludur.<\/p><hr data-start=\"1068\" data-end=\"1071\" \/><h2 data-start=\"1073\" data-end=\"1121\">\u00a0Air Cooling (Evaporatif So\u011futma) Sistemleri<\/h2><ul data-start=\"1122\" data-end=\"1284\"><li data-start=\"1122\" data-end=\"1164\"><p data-start=\"1124\" data-end=\"1164\">Ped (cooling pad) kontrol\u00fc ve de\u011fi\u015fimi<\/p><\/li><li data-start=\"1165\" data-end=\"1188\"><p data-start=\"1167\" data-end=\"1188\">Su pompas\u0131 kontrol\u00fc<\/p><\/li><li data-start=\"1189\" data-end=\"1223\"><p data-start=\"1191\" data-end=\"1223\">Su kalitesi ve kire\u00e7 temizli\u011fi<\/p><\/li><li data-start=\"1224\" data-end=\"1247\"><p data-start=\"1226\" data-end=\"1247\">Fan ve motor bak\u0131m\u0131<\/p><\/li><li data-start=\"1248\" data-end=\"1284\"><p data-start=\"1250\" data-end=\"1284\">Nozzle ve da\u011f\u0131t\u0131m hatt\u0131 kontrol\u00fc<\/p><\/li><\/ul><p data-start=\"243\" data-end=\"339\"><strong data-start=\"248\" data-end=\"339\">\u0130zmir Kurumsal Bak\u0131m Hizmetleri | Mekanik Tesisat &amp; Teknik Servis | K\u00fcresel M\u00fchendislik<\/strong><\/p><ul data-start=\"356\" data-end=\"489\"><li data-section-id=\"hp1ezn\" data-start=\"356\" data-end=\"425\">Kurumsal Teknik Bak\u0131m Hizmetleri \u0130zmir | Periyodik Tesisat Bak\u0131m\u0131<\/li><li data-section-id=\"2pa6iy\" data-start=\"426\" data-end=\"489\">End\u00fcstriyel ve Kurumsal Bak\u0131m Servisi | \u0130zmir Teknik Hizmet<\/li><\/ul><p><strong data-start=\"2842\" data-end=\"2892\">Gaziler Caddesi 478\/G Yeni\u015fehir, Konak \/ \u0130ZM\u0130R <\/strong>\u00a0<strong>0232 250 50 07<\/strong><\/p>\t\t\t\t\t\t\t\t<\/div>\n\t\t\t\t<\/div>\n\t\t\t\t\t<\/div>\n\t\t<\/div>\n\t\t\t\t\t<\/div>\n\t\t<\/section>\n\t\t\t\t<section class=\"elementor-section elementor-top-section elementor-element elementor-element-55ff414 elementor-section-boxed elementor-section-height-default elementor-section-height-default\" data-id=\"55ff414\" data-element_type=\"section\" data-e-type=\"section\">\n\t\t\t\t\t\t<div class=\"elementor-container elementor-column-gap-default\">\n\t\t\t\t\t<div class=\"elementor-column elementor-col-100 elementor-top-column elementor-element elementor-element-8a1cec0\" data-id=\"8a1cec0\" data-element_type=\"column\" data-e-type=\"column\">\n\t\t\t<div class=\"elementor-widget-wrap elementor-element-populated\">\n\t\t\t\t\t\t<div class=\"elementor-element elementor-element-9c80fa3 elementor-arrows-position-outside elementor-pagination-position-inside elementor-widget elementor-widget-image-carousel\" data-id=\"9c80fa3\" data-element_type=\"widget\" data-e-type=\"widget\" data-settings=\"{&quot;navigation&quot;:&quot;both&quot;,&quot;autoplay&quot;:&quot;yes&quot;,&quot;pause_on_hover&quot;:&quot;yes&quot;,&quot;pause_on_interaction&quot;:&quot;yes&quot;,&quot;autoplay_speed&quot;:5000,&quot;infinite&quot;:&quot;yes&quot;,&quot;speed&quot;:500}\" data-widget_type=\"image-carousel.default\">\n\t\t\t\t<div class=\"elementor-widget-container\">\n\t\t\t\t\t\t\t<div class=\"elementor-image-carousel-wrapper swiper\" role=\"region\" aria-roledescription=\"carousel\" aria-label=\"Resim D\u00f6ng\u00fcs\u00fc\" dir=\"ltr\">\n\t\t\t<div class=\"elementor-image-carousel swiper-wrapper\" aria-live=\"off\">\n\t\t\t\t\t\t\t\t<div class=\"swiper-slide\" role=\"group\" aria-roledescription=\"slide\" aria-label=\"1 of 4\" data-no-translation-aria-label=\"\"><a data-elementor-open-lightbox=\"yes\" data-elementor-lightbox-slideshow=\"9c80fa3\" data-elementor-lightbox-title=\"K\u00fcresel m\u00fchendislik izmir HVAC (Is\u0131tma, Havaland\u0131rma ve \u0130klimlendirme) sistemlerinde bak\u0131m\" data-e-action-hash=\"#elementor-action%3Aaction%3Dlightbox%26settings%3DeyJpZCI6MjcxNCwidXJsIjoiaHR0cHM6XC9cL3d3dy5rdXJlc2VsbXVoZW5kaXNsaWsuY29tXC93cC1jb250ZW50XC91cGxvYWRzXC8yMDI2XC8wMlwvS3VyZXNlbC1tdWhlbmRpc2xpay1pem1pci1IVkFDLUlzaXRtYS1IYXZhbGFuZGlybWEtdmUtSWtsaW1sZW5kaXJtZS1zaXN0ZW1sZXJpbmRlLWJha2ltLmpwZyIsInNsaWRlc2hvdyI6IjljODBmYTMifQ%3D%3D\" href=\"https:\/\/www.kureselmuhendislik.com\/wp-content\/uploads\/2026\/02\/Kuresel-muhendislik-izmir-HVAC-Isitma-Havalandirma-ve-Iklimlendirme-sistemlerinde-bakim.jpg\"><figure class=\"swiper-slide-inner\"><img decoding=\"async\" class=\"swiper-slide-image\" src=\"https:\/\/www.kureselmuhendislik.com\/wp-content\/uploads\/2026\/02\/Kuresel-muhendislik-izmir-HVAC-Isitma-Havalandirma-ve-Iklimlendirme-sistemlerinde-bakim-150x150.jpg\" alt=\"K\u00fcresel m\u00fchendislik izmir HVAC (Is\u0131tma, Havaland\u0131rma ve \u0130klimlendirme) sistemlerinde bak\u0131m\" \/><\/figure><\/a><\/div><div class=\"swiper-slide\" role=\"group\" aria-roledescription=\"slide\" aria-label=\"2 of 4\" data-no-translation-aria-label=\"\"><a data-elementor-open-lightbox=\"yes\" data-elementor-lightbox-slideshow=\"9c80fa3\" data-elementor-lightbox-title=\"Kl\u0131ma HVAC (Is\u0131tma, Havaland\u0131rma ve \u0130klimlendirme) sistemlerinde bak\u0131m\" data-e-action-hash=\"#elementor-action%3Aaction%3Dlightbox%26settings%3DeyJpZCI6MjcxMywidXJsIjoiaHR0cHM6XC9cL3d3dy5rdXJlc2VsbXVoZW5kaXNsaWsuY29tXC93cC1jb250ZW50XC91cGxvYWRzXC8yMDI2XC8wMlwvS2xpbWEtSFZBQy1Jc2l0bWEtSGF2YWxhbmRpcm1hLXZlLUlrbGltbGVuZGlybWUtc2lzdGVtbGVyaW5kZS1iYWtpbS5qcGciLCJzbGlkZXNob3ciOiI5YzgwZmEzIn0%3D\" href=\"https:\/\/www.kureselmuhendislik.com\/wp-content\/uploads\/2026\/02\/Klima-HVAC-Isitma-Havalandirma-ve-Iklimlendirme-sistemlerinde-bakim.jpg\"><figure class=\"swiper-slide-inner\"><img decoding=\"async\" class=\"swiper-slide-image\" src=\"https:\/\/www.kureselmuhendislik.com\/wp-content\/uploads\/2026\/02\/Klima-HVAC-Isitma-Havalandirma-ve-Iklimlendirme-sistemlerinde-bakim-150x150.jpg\" alt=\"Kl\u0131ma HVAC (Is\u0131tma, Havaland\u0131rma ve \u0130klimlendirme) sistemlerinde bak\u0131m\" \/><\/figure><\/a><\/div><div class=\"swiper-slide\" role=\"group\" aria-roledescription=\"slide\" aria-label=\"3 of 4\" data-no-translation-aria-label=\"\"><a data-elementor-open-lightbox=\"yes\" data-elementor-lightbox-slideshow=\"9c80fa3\" data-elementor-lightbox-title=\"K\u00fcresel mekan\u0131k HVAC (Is\u0131tma, Havaland\u0131rma ve \u0130klimlendirme) sistemlerinde bak\u0131m\" data-e-action-hash=\"#elementor-action%3Aaction%3Dlightbox%26settings%3DeyJpZCI6MjcxMiwidXJsIjoiaHR0cHM6XC9cL3d3dy5rdXJlc2VsbXVoZW5kaXNsaWsuY29tXC93cC1jb250ZW50XC91cGxvYWRzXC8yMDI2XC8wMlwvS3VyZXNlbC1tZWthbmlrLUhWQUMtSXNpdG1hLUhhdmFsYW5kaXJtYS12ZS1Ja2xpbWxlbmRpcm1lLXNpc3RlbWxlcmluZGUtYmFraW0ucG5nIiwic2xpZGVzaG93IjoiOWM4MGZhMyJ9\" href=\"https:\/\/www.kureselmuhendislik.com\/wp-content\/uploads\/2026\/02\/Kuresel-mekanik-HVAC-Isitma-Havalandirma-ve-Iklimlendirme-sistemlerinde-bakim.png\"><figure class=\"swiper-slide-inner\"><img decoding=\"async\" class=\"swiper-slide-image\" src=\"https:\/\/www.kureselmuhendislik.com\/wp-content\/uploads\/2026\/02\/Kuresel-mekanik-HVAC-Isitma-Havalandirma-ve-Iklimlendirme-sistemlerinde-bakim-150x150.png\" alt=\"K\u00fcresel mekan\u0131k HVAC (Is\u0131tma, Havaland\u0131rma ve \u0130klimlendirme) sistemlerinde bak\u0131m\" \/><\/figure><\/a><\/div><div class=\"swiper-slide\" role=\"group\" aria-roledescription=\"slide\" aria-label=\"4 of 4\" data-no-translation-aria-label=\"\"><a data-elementor-open-lightbox=\"yes\" data-elementor-lightbox-slideshow=\"9c80fa3\" data-elementor-lightbox-title=\"\u0130zmir Klima bak\u0131m\u0131, Klima montaj\u0131, Klima Bak\u0131m s\u00f6zle\u015fmesi, \u0130zmir k\u00fcresel mekanik m\u00fchendislik, klima sat\u0131\u015f\u0131\" data-e-action-hash=\"#elementor-action%3Aaction%3Dlightbox%26settings%3DeyJpZCI6MTM1MiwidXJsIjoiaHR0cHM6XC9cL3d3dy5rdXJlc2VsbXVoZW5kaXNsaWsuY29tXC93cC1jb250ZW50XC91cGxvYWRzXC8yMDE5XC8wMVwvem1pci1LbGltYS1iYWtcdTAxMzFtXHUwMTMxLUtsaW1hLW1vbnRhalx1MDEzMS1LbGltYS1CYWtcdTAxMzFtLXNcdTAwZjZ6bGVcdTAxNWZtZXNpLVx1MDEzMHptaXIta1x1MDBmY3Jlc2VsLW1la2FuaWstbVx1MDBmY2hlbmRpc2xpay1rbGltYS1zYXRcdTAxMzFcdTAxNWZcdTAxMzEtZTE1NDY1MDMzMzcxNTUuanBnIiwic2xpZGVzaG93IjoiOWM4MGZhMyJ9\" href=\"https:\/\/www.kureselmuhendislik.com\/wp-content\/uploads\/2019\/01\/zmir-Klima-bak\u0131m\u0131-Klima-montaj\u0131-Klima-Bak\u0131m-s\u00f6zle\u015fmesi-\u0130zmir-k\u00fcresel-mekanik-m\u00fchendislik-klima-sat\u0131\u015f\u0131-e1546503337155.jpg\"><figure class=\"swiper-slide-inner\"><img decoding=\"async\" class=\"swiper-slide-image\" src=\"https:\/\/www.kureselmuhendislik.com\/wp-content\/uploads\/2019\/01\/zmir-Klima-bak\u0131m\u0131-Klima-montaj\u0131-Klima-Bak\u0131m-s\u00f6zle\u015fmesi-\u0130zmir-k\u00fcresel-mekanik-m\u00fchendislik-klima-sat\u0131\u015f\u0131-e1546503337155-150x150.jpg\" alt=\"\u0130zmir Klima bak\u0131m\u0131, Klima montaj\u0131, Klima Bak\u0131m s\u00f6zle\u015fmesi, \u0130zmir k\u00fcresel mekanik m\u00fchendislik, klima sat\u0131\u015f\u0131\" \/><\/figure><\/a><\/div>\t\t\t<\/div>\n\t\t\t\t\t\t\t\t\t\t\t\t<div class=\"elementor-swiper-button elementor-swiper-button-prev\" role=\"button\" tabindex=\"0\">\n\t\t\t\t\t\t<i aria-hidden=\"true\" class=\"eicon-chevron-left\"><\/i>\t\t\t\t\t<\/div>\n\t\t\t\t\t<div class=\"elementor-swiper-button elementor-swiper-button-next\" role=\"button\" tabindex=\"0\">\n\t\t\t\t\t\t<i aria-hidden=\"true\" class=\"eicon-chevron-right\"><\/i>\t\t\t\t\t<\/div>\n\t\t\t\t\n\t\t\t\t\t\t\t\t\t<div class=\"swiper-pagination\"><\/div>\n\t\t\t\t\t\t\t\t\t<\/div>\n\t\t\t\t\t\t<\/div>\n\t\t\t\t<\/div>\n\t\t\t\t\t<\/div>\n\t\t<\/div>\n\t\t\t\t\t<\/div>\n\t\t<\/section>\n\t\t\t\t<section class=\"elementor-section elementor-top-section elementor-element elementor-element-44fb7e1 elementor-section-boxed elementor-section-height-default elementor-section-height-default\" data-id=\"44fb7e1\" data-element_type=\"section\" data-e-type=\"section\">\n\t\t\t\t\t\t<div class=\"elementor-container elementor-column-gap-default\">\n\t\t\t\t\t<div class=\"elementor-column elementor-col-100 elementor-top-column elementor-element elementor-element-8e9106b\" data-id=\"8e9106b\" data-element_type=\"column\" data-e-type=\"column\">\n\t\t\t<div class=\"elementor-widget-wrap elementor-element-populated\">\n\t\t\t\t\t\t<div class=\"elementor-element elementor-element-6869a8f elementor-widget elementor-widget-image\" data-id=\"6869a8f\" data-element_type=\"widget\" data-e-type=\"widget\" data-widget_type=\"image.default\">\n\t\t\t\t<div class=\"elementor-widget-container\">\n\t\t\t\t\t\t\t\t\t\t\t\t\t\t\t\t<a href=\"https:\/\/www.kureselmuhendislik.com\/wp-content\/uploads\/2021\/03\/k\u00fcresel-mekanik-Vrv-klima-Bak\u0131m-Onar\u0131m-sistemleri-Is\u0131tma-Sistemleri-\u0130zmir-Mekanik-Tesisat-Firmas\u0131-\u0130zmir-Galvaniz-havaland\u0131rma-firmas\u0131-\u0130zmir-Klima-borulama-tesisat\u0131-4.jpg\" data-elementor-open-lightbox=\"yes\" data-elementor-lightbox-title=\"k\u00fcresel mekanik Vrv klima Bak\u0131m Onar\u0131m sistemleri, Is\u0131tma Sistemleri \u0130zmir, Mekanik Tesisat Firmas\u0131 \u0130zmir, Galvaniz havaland\u0131rma firmas\u0131 \u0130zmir, Klima borulama tesisat\u0131 4\" data-e-action-hash=\"#elementor-action%3Aaction%3Dlightbox%26settings%3DeyJpZCI6MTY5MSwidXJsIjoiaHR0cHM6XC9cL3d3dy5rdXJlc2VsbXVoZW5kaXNsaWsuY29tXC93cC1jb250ZW50XC91cGxvYWRzXC8yMDIxXC8wM1wva1x1MDBmY3Jlc2VsLW1la2FuaWstVnJ2LWtsaW1hLUJha1x1MDEzMW0tT25hclx1MDEzMW0tc2lzdGVtbGVyaS1Jc1x1MDEzMXRtYS1TaXN0ZW1sZXJpLVx1MDEzMHptaXItTWVrYW5pay1UZXNpc2F0LUZpcm1hc1x1MDEzMS1cdTAxMzB6bWlyLUdhbHZhbml6LWhhdmFsYW5kXHUwMTMxcm1hLWZpcm1hc1x1MDEzMS1cdTAxMzB6bWlyLUtsaW1hLWJvcnVsYW1hLXRlc2lzYXRcdTAxMzEtNC5qcGcifQ%3D%3D\">\n\t\t\t\t\t\t\t<img decoding=\"async\" width=\"1024\" height=\"160\" src=\"https:\/\/www.kureselmuhendislik.com\/wp-content\/uploads\/2021\/03\/k\u00fcresel-mekanik-Vrv-klima-Bak\u0131m-Onar\u0131m-sistemleri-Is\u0131tma-Sistemleri-\u0130zmir-Mekanik-Tesisat-Firmas\u0131-\u0130zmir-Galvaniz-havaland\u0131rma-firmas\u0131-\u0130zmir-Klima-borulama-tesisat\u0131-4-1024x160.jpg\" class=\"attachment-large size-large wp-image-1691\" alt=\"\" srcset=\"https:\/\/www.kureselmuhendislik.com\/wp-content\/uploads\/2021\/03\/k\u00fcresel-mekanik-Vrv-klima-Bak\u0131m-Onar\u0131m-sistemleri-Is\u0131tma-Sistemleri-\u0130zmir-Mekanik-Tesisat-Firmas\u0131-\u0130zmir-Galvaniz-havaland\u0131rma-firmas\u0131-\u0130zmir-Klima-borulama-tesisat\u0131-4-1024x160.jpg 1024w, https:\/\/www.kureselmuhendislik.com\/wp-content\/uploads\/2021\/03\/k\u00fcresel-mekanik-Vrv-klima-Bak\u0131m-Onar\u0131m-sistemleri-Is\u0131tma-Sistemleri-\u0130zmir-Mekanik-Tesisat-Firmas\u0131-\u0130zmir-Galvaniz-havaland\u0131rma-firmas\u0131-\u0130zmir-Klima-borulama-tesisat\u0131-4-300x47.jpg 300w, https:\/\/www.kureselmuhendislik.com\/wp-content\/uploads\/2021\/03\/k\u00fcresel-mekanik-Vrv-klima-Bak\u0131m-Onar\u0131m-sistemleri-Is\u0131tma-Sistemleri-\u0130zmir-Mekanik-Tesisat-Firmas\u0131-\u0130zmir-Galvaniz-havaland\u0131rma-firmas\u0131-\u0130zmir-Klima-borulama-tesisat\u0131-4-768x120.jpg 768w, https:\/\/www.kureselmuhendislik.com\/wp-content\/uploads\/2021\/03\/k\u00fcresel-mekanik-Vrv-klima-Bak\u0131m-Onar\u0131m-sistemleri-Is\u0131tma-Sistemleri-\u0130zmir-Mekanik-Tesisat-Firmas\u0131-\u0130zmir-Galvaniz-havaland\u0131rma-firmas\u0131-\u0130zmir-Klima-borulama-tesisat\u0131-4.jpg 1920w\" sizes=\"(max-width: 1024px) 100vw, 1024px\" \/>\t\t\t\t\t\t\t\t<\/a>\n\t\t\t\t\t\t\t\t\t\t\t\t\t\t\t<\/div>\n\t\t\t\t<\/div>\n\t\t\t\t\t<\/div>\n\t\t<\/div>\n\t\t\t\t\t<\/div>\n\t\t<\/section>\n\t\t\t\t<\/div>","protected":false},"excerpt":{"rendered":"<p>Kurumsal HVAC (Is\u0131tma, Havaland\u0131rma ve \u0130klimlendirme) sistemlerinde bak\u0131m; enerji verimlili\u011fi, cihaz \u00f6mr\u00fc ve i\u00e7 hava kalitesi a\u00e7\u0131s\u0131ndan kritik \u00f6neme sahiptir. A\u015fa\u011f\u0131da kurumsal klima, havaland\u0131rma ve air cooling (evaporatif so\u011futma) sistemleri i\u00e7in profesyonel bak\u0131m kapsam\u0131n\u0131 bulabilirsiniz. \u00a0HVAC (Heating, Ventilation, Air Conditioning) Bak\u0131m Hizmetleri Klima Sistemleri (VRF, Chiller, Split, Rooftop) Filtre temizli\u011fi ve de\u011fi\u015fimi Evaporat\u00f6r &amp; kondenser&#8230;<\/p>","protected":false},"author":1,"featured_media":2493,"parent":0,"menu_order":0,"comment_status":"closed","ping_status":"closed","template":"","meta":{"_monsterinsights_skip_tracking":false,"_monsterinsights_sitenote_active":false,"_monsterinsights_sitenote_note":"","_monsterinsights_sitenote_category":0,"_kad_post_transparent":"","_kad_post_title":"","_kad_post_layout":"","_kad_post_sidebar_id":"","_kad_post_content_style":"","_kad_post_vertical_padding":"","_kad_post_feature":"","_kad_post_feature_position":"","_kad_post_header":false,"_kad_post_footer":false,"_kad_post_classname":"","footnotes":""},"class_list":["post-2492","page","type-page","status-publish","has-post-thumbnail","hentry"],"_links":{"self":[{"href":"https:\/\/www.kureselmuhendislik.com\/en\/wp-json\/wp\/v2\/pages\/2492","targetHints":{"allow":["GET"]}}],"collection":[{"href":"https:\/\/www.kureselmuhendislik.com\/en\/wp-json\/wp\/v2\/pages"}],"about":[{"href":"https:\/\/www.kureselmuhendislik.com\/en\/wp-json\/wp\/v2\/types\/page"}],"author":[{"embeddable":true,"href":"https:\/\/www.kureselmuhendislik.com\/en\/wp-json\/wp\/v2\/users\/1"}],"replies":[{"embeddable":true,"href":"https:\/\/www.kureselmuhendislik.com\/en\/wp-json\/wp\/v2\/comments?post=2492"}],"version-history":[{"count":11,"href":"https:\/\/www.kureselmuhendislik.com\/en\/wp-json\/wp\/v2\/pages\/2492\/revisions"}],"predecessor-version":[{"id":2963,"href":"https:\/\/www.kureselmuhendislik.com\/en\/wp-json\/wp\/v2\/pages\/2492\/revisions\/2963"}],"wp:featuredmedia":[{"embeddable":true,"href":"https:\/\/www.kureselmuhendislik.com\/en\/wp-json\/wp\/v2\/media\/2493"}],"wp:attachment":[{"href":"https:\/\/www.kureselmuhendislik.com\/en\/wp-json\/wp\/v2\/media?parent=2492"}],"curies":[{"name":"wp","href":"https:\/\/api.w.org\/{rel}","templated":true}]}}