{"id":20,"date":"2017-11-05T20:01:19","date_gmt":"2017-11-05T18:01:19","guid":{"rendered":"http:\/\/daikinkuresel.com\/?page_id=20"},"modified":"2017-11-05T20:01:19","modified_gmt":"2017-11-05T18:01:19","slug":"bir-ana-sayfa-bolumu","status":"publish","type":"page","link":"https:\/\/www.kureselmuhendislik.com\/en\/bir-ana-sayfa-bolumu\/","title":{"rendered":"Bir ana sayfa b\u00f6l\u00fcm\u00fc"},"content":{"rendered":"<p>Bu \u00f6rnek bir ana sayfa b\u00f6l\u00fcm\u00fcd\u00fcr. Ana sayfa b\u00f6l\u00fcmleri ana sayfan\u0131n harici hari\u00e7 herhangi bir sayfa olabilir, en son blog yaz\u0131lar\u0131n\u0131z\u0131 g\u00f6steren sayfa dahil.<\/p>","protected":false},"excerpt":{"rendered":"<p>Bu \u00f6rnek bir ana sayfa b\u00f6l\u00fcm\u00fcd\u00fcr. Ana sayfa b\u00f6l\u00fcmleri ana sayfan\u0131n harici hari\u00e7 herhangi bir sayfa olabilir, en son blog yaz\u0131lar\u0131n\u0131z\u0131 g\u00f6steren sayfa dahil.<\/p>","protected":false},"author":1,"featured_media":0,"parent":0,"menu_order":0,"comment_status":"closed","ping_status":"closed","template":"","meta":{"_monsterinsights_skip_tracking":false,"_monsterinsights_sitenote_active":false,"_monsterinsights_sitenote_note":"","_monsterinsights_sitenote_category":0,"_kad_post_transparent":"","_kad_post_title":"","_kad_post_layout":"","_kad_post_sidebar_id":"","_kad_post_content_style":"","_kad_post_vertical_padding":"","_kad_post_feature":"","_kad_post_feature_position":"","_kad_post_header":false,"_kad_post_footer":false,"_kad_post_classname":"","footnotes":""},"class_list":["post-20","page","type-page","status-publish","hentry"],"_links":{"self":[{"href":"https:\/\/www.kureselmuhendislik.com\/en\/wp-json\/wp\/v2\/pages\/20","targetHints":{"allow":["GET"]}}],"collection":[{"href":"https:\/\/www.kureselmuhendislik.com\/en\/wp-json\/wp\/v2\/pages"}],"about":[{"href":"https:\/\/www.kureselmuhendislik.com\/en\/wp-json\/wp\/v2\/types\/page"}],"author":[{"embeddable":true,"href":"https:\/\/www.kureselmuhendislik.com\/en\/wp-json\/wp\/v2\/users\/1"}],"replies":[{"embeddable":true,"href":"https:\/\/www.kureselmuhendislik.com\/en\/wp-json\/wp\/v2\/comments?post=20"}],"version-history":[{"count":1,"href":"https:\/\/www.kureselmuhendislik.com\/en\/wp-json\/wp\/v2\/pages\/20\/revisions"}],"predecessor-version":[{"id":26,"href":"https:\/\/www.kureselmuhendislik.com\/en\/wp-json\/wp\/v2\/pages\/20\/revisions\/26"}],"wp:attachment":[{"href":"https:\/\/www.kureselmuhendislik.com\/en\/wp-json\/wp\/v2\/media?parent=20"}],"curies":[{"name":"wp","href":"https:\/\/api.w.org\/{rel}","templated":true}]}}