{"id":2,"date":"2017-11-05T19:53:33","date_gmt":"2017-11-05T17:53:33","guid":{"rendered":"http:\/\/daikinkuresel.com\/?page_id=2"},"modified":"2018-12-05T20:15:11","modified_gmt":"2018-12-05T17:15:11","slug":"ornek-sayfa","status":"publish","type":"page","link":"https:\/\/www.kureselmuhendislik.com\/en\/ornek-sayfa\/","title":{"rendered":"K\u00fcresel Mekanik M\u00fchendislik| Daikin Pro Bayi I Daikin VRV"},"content":{"rendered":"<p>Firmam\u0131z, Is\u0131tma, So\u011futma, Do\u011falgaz, Havaland\u0131rma, Vrv &#8211; Vrf Klima, Yang\u0131n Tesisat\u0131 M\u00fchendislik \u0130n\u015faat Taahh\u00fct ve Proje alan\u0131nda siz i\u015f ortaklar\u0131na hizmet vermektedir<strong>.\u00a0<\/strong><\/p>\n<p>K\u00fcresel M\u00fchendislik, Daikin Yetkili Bayidir. Radyal Al\u00fcminyum Radyat\u00f6r Yetkili Bayidir. \u0130zmirgaz Yetkili Firmas\u0131d\u0131r.<\/p>\n<ul>\n<li>Bankalar<\/li>\n<li>Hastaneler<\/li>\n<li>Al\u0131\u015fveri\u015f Merkezleri<\/li>\n<li>End\u00fcstriyel Tesisler<\/li>\n<li>Oteller<\/li>\n<li>Ofis Kuleleri<\/li>\n<li>Konutlar<\/li>\n<\/ul>\n<p>Hizmet verdi\u011fimiz t\u00fcm sekt\u00f6rlerde ko\u015fulsuz m\u00fc\u015fteri memnuniyeti ve yapt\u0131\u011f\u0131m\u0131z her hizmetin arkas\u0131nda durma prensibi ile hareket etmekteyiz.<\/p>\n<p>Siz de\u011ferli m\u00fc\u015fterilerimizin projelerinde \u00e7\u00f6z\u00fcm orta\u011f\u0131 olmaktan mutluluk duyaca\u011f\u0131z.<\/p>\n<div id=\"gallery-2\" class=\"gallery galleryid-192 gallery-columns-4 gallery-size-thumbnail\">\n<figure class=\"gallery-item\">\n<div class=\"gallery-icon portrait\"><img decoding=\"async\" class=\"attachment-thumbnail size-thumbnail\" src=\"http:\/\/www.kureselmuhendislik.com\/wp-content\/uploads\/2017\/11\/kmt-e1516623624567.jpg\" alt=\"\" width=\"142\" height=\"150\" \/><\/div>\n<\/figure>\n<figure class=\"gallery-item\">\n<div class=\"gallery-icon landscape\"><img decoding=\"async\" class=\"attachment-thumbnail size-thumbnail\" src=\"http:\/\/www.kureselmuhendislik.com\/wp-content\/uploads\/2018\/01\/onMHb5So-1-e1516623611185.jpg\" alt=\"\" width=\"150\" height=\"73\" \/><\/div>\n<\/figure>\n<figure class=\"gallery-item\">\n<div class=\"gallery-icon landscape\"><img decoding=\"async\" class=\"attachment-thumbnail size-thumbnail\" src=\"http:\/\/www.kureselmuhendislik.com\/wp-content\/uploads\/2018\/02\/daikin-dogru-hava-uzmani-600x315-e1517859307508.png\" alt=\"\" width=\"150\" height=\"79\" \/><\/div>\n<\/figure>\n<figure class=\"gallery-item\">\n<div class=\"gallery-icon landscape\"><img loading=\"lazy\" decoding=\"async\" class=\"attachment-thumbnail size-thumbnail\" src=\"http:\/\/www.kureselmuhendislik.com\/wp-content\/uploads\/2018\/01\/%C4%B0zmirgaz-150x150.png\" sizes=\"(max-width: 150px) 100vw, 150px\" srcset=\"http:\/\/www.kureselmuhendislik.com\/wp-content\/uploads\/2018\/01\/\u0130zmirgaz-150x150.png 150w, http:\/\/www.kureselmuhendislik.com\/wp-content\/uploads\/2018\/01\/\u0130zmirgaz-100x100.png 100w, http:\/\/www.kureselmuhendislik.com\/wp-content\/uploads\/2018\/01\/\u0130zmirgaz.png 300w\" alt=\"\" width=\"150\" height=\"150\" \/><\/div>\n<\/figure>\n<\/div>\n<hr \/>\n<p>Bah\u00e7elievler Mh. Ali R\u0131za Avni Bulv. 88\/A Karaba\u011flar \/ \u0130ZM\u0130R<\/p>\n<p>GSM: 0507 377 8587 Tel: 0232 250 5007 Email:\u00a0<a href=\"http:\/\/www.kureselmuhendislik.com\/kureselmekanik@gmail.com\">kureselmekanik@gmail.com\u00a0<\/a><\/p>\n<p>[gmap-embed id=&#8221;630&#8243;]<\/p>\n<div><\/div>\n","protected":false},"excerpt":{"rendered":"<p>Firmam\u0131z, Is\u0131tma, So\u011futma, Do\u011falgaz, Havaland\u0131rma, Vrv &#8211; Vrf Klima, Yang\u0131n Tesisat\u0131 M\u00fchendislik \u0130n\u015faat Taahh\u00fct ve Proje alan\u0131nda siz i\u015f ortaklar\u0131na hizmet vermektedir.\u00a0 K\u00fcresel M\u00fchendislik, Daikin Yetkili Bayidir. Radyal Al\u00fcminyum Radyat\u00f6r Yetkili Bayidir. \u0130zmirgaz Yetkili Firmas\u0131d\u0131r. Bankalar Hastaneler Al\u0131\u015fveri\u015f Merkezleri End\u00fcstriyel Tesisler Oteller Ofis Kuleleri Konutlar Hizmet verdi\u011fimiz t\u00fcm sekt\u00f6rlerde ko\u015fulsuz m\u00fc\u015fteri memnuniyeti ve yapt\u0131\u011f\u0131m\u0131z her&#8230;<\/p>","protected":false},"author":1,"featured_media":0,"parent":0,"menu_order":0,"comment_status":"closed","ping_status":"open","template":"","meta":{"_monsterinsights_skip_tracking":false,"_monsterinsights_sitenote_active":false,"_monsterinsights_sitenote_note":"","_monsterinsights_sitenote_category":0,"_kad_post_transparent":"","_kad_post_title":"","_kad_post_layout":"","_kad_post_sidebar_id":"","_kad_post_content_style":"","_kad_post_vertical_padding":"","_kad_post_feature":"","_kad_post_feature_position":"","_kad_post_header":false,"_kad_post_footer":false,"_kad_post_classname":"","footnotes":""},"class_list":["post-2","page","type-page","status-publish","hentry"],"_links":{"self":[{"href":"https:\/\/www.kureselmuhendislik.com\/en\/wp-json\/wp\/v2\/pages\/2","targetHints":{"allow":["GET"]}}],"collection":[{"href":"https:\/\/www.kureselmuhendislik.com\/en\/wp-json\/wp\/v2\/pages"}],"about":[{"href":"https:\/\/www.kureselmuhendislik.com\/en\/wp-json\/wp\/v2\/types\/page"}],"author":[{"embeddable":true,"href":"https:\/\/www.kureselmuhendislik.com\/en\/wp-json\/wp\/v2\/users\/1"}],"replies":[{"embeddable":true,"href":"https:\/\/www.kureselmuhendislik.com\/en\/wp-json\/wp\/v2\/comments?post=2"}],"version-history":[{"count":13,"href":"https:\/\/www.kureselmuhendislik.com\/en\/wp-json\/wp\/v2\/pages\/2\/revisions"}],"predecessor-version":[{"id":1247,"href":"https:\/\/www.kureselmuhendislik.com\/en\/wp-json\/wp\/v2\/pages\/2\/revisions\/1247"}],"wp:attachment":[{"href":"https:\/\/www.kureselmuhendislik.com\/en\/wp-json\/wp\/v2\/media?parent=2"}],"curies":[{"name":"wp","href":"https:\/\/api.w.org\/{rel}","templated":true}]}}