{"id":183,"date":"2017-11-15T20:12:29","date_gmt":"2017-11-15T18:12:29","guid":{"rendered":"http:\/\/daikinkuresel.com\/?page_id=183"},"modified":"2018-07-05T16:49:25","modified_gmt":"2018-07-05T13:49:25","slug":"daikin-urunler","status":"publish","type":"page","link":"https:\/\/www.kureselmuhendislik.com\/en\/daikin-urunler\/","title":{"rendered":"Daikin \u00dcr\u00fcnler"},"content":{"rendered":"<p>DAIKIN \/ VRV S\u0130STEMLER<\/p>\n<p>De\u011fi\u015fken So\u011futucu Ak\u0131\u015fkan Debili Klima Sistemleri<br \/>\nHava So\u011futmal\u0131 VRV Sistemler<br \/>\nSu So\u011futmal\u0131 VRV Sistemler<br \/>\nVRV Sistem \u0130\u00e7 \u00dcniteleri<br \/>\nVRV Kumanda Sistemleri<br \/>\nDAIKIN \/ CH\u0130LLER<\/p>\n<p>Hava So\u011futmal\u0131 Chiller<br \/>\nSu So\u011futmal\u0131 Chiller<br \/>\nKondensersiz Grup<br \/>\nDAIKIN \/ B\u0130REYSEL \u00c7\u00d6Z\u00dcMLER<\/p>\n<p>Ururu-Sarara Serisi<br \/>\nEmura Serisi<br \/>\nDeluxe Serisi<br \/>\nD\u00f6\u015feme Tipi Split Klimalar<br \/>\nSl\u0131m Gizli Tavan Tipi Split Klimalar<br \/>\nGizli Tavan Tipi Split Klimalar<br \/>\nTavan Tipi Split Klimalar<br \/>\nMult\u0131 Serisi<br \/>\nKompakt Kaset (60&#215;60) Split Klimalar<br \/>\nDAIKIN \/ T\u0130CAR\u0130 \u00c7\u00d6Z\u00dcMLER<\/p>\n<p>Duvar Tipi Split Klimalar<br \/>\nGizli Tavan Tipi Split Klimalar<br \/>\nSl\u0131m Kaset Tipi Split Klimalar<br \/>\nTavan Tipi Split Klimalar<br \/>\nD\u00f6rt Y \u00f6ne \u00dcflemeli Ttavan Tipi Klimalar<br \/>\nKablosuz Uzaktan Kumanda<br \/>\nKablolu Uzaktan Kumanda<br \/>\nDAIKIN \/ HAVA TEM\u0130ZL\u0130Y\u0130C\u0130LER<\/p>\n<p>Da\u0131k\u0131n Hava Temizleme Cihaz\u0131<br \/>\nDAIKIN \/ ISI GER\u0130 KAZANIM C\u0130HAZLARI<\/p>\n<p>Vam Is\u0131 Geri Kazan\u0131m Sistemi<\/p>","protected":false},"excerpt":{"rendered":"<p>DAIKIN \/ VRV S\u0130STEMLER De\u011fi\u015fken So\u011futucu Ak\u0131\u015fkan Debili Klima Sistemleri Hava So\u011futmal\u0131 VRV Sistemler Su So\u011futmal\u0131 VRV Sistemler VRV Sistem \u0130\u00e7 \u00dcniteleri VRV Kumanda Sistemleri DAIKIN \/ CH\u0130LLER Hava So\u011futmal\u0131 Chiller Su So\u011futmal\u0131 Chiller Kondensersiz Grup DAIKIN \/ B\u0130REYSEL \u00c7\u00d6Z\u00dcMLER Ururu-Sarara Serisi Emura Serisi Deluxe Serisi D\u00f6\u015feme Tipi Split Klimalar Sl\u0131m Gizli Tavan Tipi Split&#8230;<\/p>","protected":false},"author":1,"featured_media":0,"parent":0,"menu_order":0,"comment_status":"closed","ping_status":"closed","template":"templates\/page-full-width.php","meta":{"_monsterinsights_skip_tracking":false,"_monsterinsights_sitenote_active":false,"_monsterinsights_sitenote_note":"","_monsterinsights_sitenote_category":0,"_kad_post_transparent":"","_kad_post_title":"","_kad_post_layout":"","_kad_post_sidebar_id":"","_kad_post_content_style":"","_kad_post_vertical_padding":"","_kad_post_feature":"","_kad_post_feature_position":"","_kad_post_header":false,"_kad_post_footer":false,"_kad_post_classname":"","footnotes":""},"class_list":["post-183","page","type-page","status-publish","hentry"],"_links":{"self":[{"href":"https:\/\/www.kureselmuhendislik.com\/en\/wp-json\/wp\/v2\/pages\/183","targetHints":{"allow":["GET"]}}],"collection":[{"href":"https:\/\/www.kureselmuhendislik.com\/en\/wp-json\/wp\/v2\/pages"}],"about":[{"href":"https:\/\/www.kureselmuhendislik.com\/en\/wp-json\/wp\/v2\/types\/page"}],"author":[{"embeddable":true,"href":"https:\/\/www.kureselmuhendislik.com\/en\/wp-json\/wp\/v2\/users\/1"}],"replies":[{"embeddable":true,"href":"https:\/\/www.kureselmuhendislik.com\/en\/wp-json\/wp\/v2\/comments?post=183"}],"version-history":[{"count":19,"href":"https:\/\/www.kureselmuhendislik.com\/en\/wp-json\/wp\/v2\/pages\/183\/revisions"}],"predecessor-version":[{"id":1020,"href":"https:\/\/www.kureselmuhendislik.com\/en\/wp-json\/wp\/v2\/pages\/183\/revisions\/1020"}],"wp:attachment":[{"href":"https:\/\/www.kureselmuhendislik.com\/en\/wp-json\/wp\/v2\/media?parent=183"}],"curies":[{"name":"wp","href":"https:\/\/api.w.org\/{rel}","templated":true}]}}