{"id":1503,"date":"2020-10-31T22:26:19","date_gmt":"2020-10-31T19:26:19","guid":{"rendered":"http:\/\/www.kureselmuhendislik.com\/?page_id=1503"},"modified":"2020-10-31T22:30:17","modified_gmt":"2020-10-31T19:30:17","slug":"migros-magaza-subeleri-biten-projeler","status":"publish","type":"page","link":"https:\/\/www.kureselmuhendislik.com\/en\/migros-magaza-subeleri-biten-projeler\/","title":{"rendered":"Migros Ma\u011faza \u015eubeleri Biten Projeler"},"content":{"rendered":"<p>Migros Ma\u011fazalar\u0131 Mekanik Tesisat Klima Havaland\u0131rma Kalorifer Tesisat\u0131 ve bak\u0131m onar\u0131m i\u015fleri K\u00fcresel M\u00fchendislik taraf\u0131ndan yap\u0131lmaktad\u0131r.<\/p>\n<table width=\"584\">\n<tbody>\n<tr>\n<td width=\"506\">M\u0130GROS Mekanik Tesisat \u0130\u015fi. \u00c7AMLIKULE \u015eUBES\u0130 \u2013 \u0130ZM\u0130R<\/td>\n<td width=\"78\">2020<\/td>\n<\/tr>\n<tr>\n<td width=\"506\">M\u0130GROS Mekanik Tesisat \u0130\u015fi. BUCA YILDz \u015eUBES\u0130 \u2013 \u0130ZM\u0130R<\/td>\n<td width=\"78\">2020<\/td>\n<\/tr>\n<tr>\n<td width=\"506\">M\u0130GROS Mekanik Tesisat \u0130\u015fi \u00c7E\u015eME \u015eUBES\u0130 \u2013 \u0130ZM\u0130R<\/td>\n<td width=\"78\">2020<\/td>\n<\/tr>\n<tr>\n<td width=\"506\">M\u0130GROS Mekanik Tesisat \u0130\u015fi. \u0130NC\u0130RL\u0130OVA \u015eUBES\u0130 \u2013 AYDIN<\/td>\n<td width=\"78\">2020<\/td>\n<\/tr>\n<tr>\n<td width=\"506\">M\u0130GROS Mekanik Tesisat \u0130\u015fi. NARLIDERE \u015eUBES\u0130 \u2013 \u0130ZM\u0130R<\/td>\n<td width=\"78\">2020<\/td>\n<\/tr>\n<\/tbody>\n<\/table>\n<table>\n<tbody>\n<tr>\n<td><a href=\"http:\/\/www.kureselmuhendislik.com\/wp-content\/uploads\/2020\/10\/Migros-mekanik-tesisat-i\u015fleri-banka-klima-havaland\u0131rma-tesisat\u0131-firmas\u0131-banka-tesisat-firmas\u0131-i\u015f-bankas\u0131-tesisat-firmas\u0131-halkbank-tesisat-firmas\u0131-vak\u0131fbank-tesisat-firmas\u0131-1.jpg\"><img fetchpriority=\"high\" decoding=\"async\" class=\"wp-image-1505 size-large aligncenter\" src=\"http:\/\/www.kureselmuhendislik.com\/wp-content\/uploads\/2020\/10\/Migros-mekanik-tesisat-i\u015fleri-banka-klima-havaland\u0131rma-tesisat\u0131-firmas\u0131-banka-tesisat-firmas\u0131-i\u015f-bankas\u0131-tesisat-firmas\u0131-halkbank-tesisat-firmas\u0131-vak\u0131fbank-tesisat-firmas\u0131-1-1024x389.jpg\" alt=\"\" width=\"1024\" height=\"389\" srcset=\"https:\/\/www.kureselmuhendislik.com\/wp-content\/uploads\/2020\/10\/Migros-mekanik-tesisat-i\u015fleri-banka-klima-havaland\u0131rma-tesisat\u0131-firmas\u0131-banka-tesisat-firmas\u0131-i\u015f-bankas\u0131-tesisat-firmas\u0131-halkbank-tesisat-firmas\u0131-vak\u0131fbank-tesisat-firmas\u0131-1-1024x389.jpg 1024w, https:\/\/www.kureselmuhendislik.com\/wp-content\/uploads\/2020\/10\/Migros-mekanik-tesisat-i\u015fleri-banka-klima-havaland\u0131rma-tesisat\u0131-firmas\u0131-banka-tesisat-firmas\u0131-i\u015f-bankas\u0131-tesisat-firmas\u0131-halkbank-tesisat-firmas\u0131-vak\u0131fbank-tesisat-firmas\u0131-1-300x114.jpg 300w, https:\/\/www.kureselmuhendislik.com\/wp-content\/uploads\/2020\/10\/Migros-mekanik-tesisat-i\u015fleri-banka-klima-havaland\u0131rma-tesisat\u0131-firmas\u0131-banka-tesisat-firmas\u0131-i\u015f-bankas\u0131-tesisat-firmas\u0131-halkbank-tesisat-firmas\u0131-vak\u0131fbank-tesisat-firmas\u0131-1-768x292.jpg 768w\" sizes=\"(max-width: 1024px) 100vw, 1024px\" \/><\/a><\/td>\n<td><a href=\"http:\/\/www.kureselmuhendislik.com\/wp-content\/uploads\/2020\/10\/M\u0130gros-tesisat-firmas\u0131-ma\u011faza-tesisat\u0131-firmas\u0131-izmir-migros-klima-havaland\u0131rma-yang\u0131n-tesisat\u0131-k\u00fcresel-mekanik.jpeg\"><img decoding=\"async\" class=\"wp-image-1506 size-medium aligncenter\" src=\"http:\/\/www.kureselmuhendislik.com\/wp-content\/uploads\/2020\/10\/M\u0130gros-tesisat-firmas\u0131-ma\u011faza-tesisat\u0131-firmas\u0131-izmir-migros-klima-havaland\u0131rma-yang\u0131n-tesisat\u0131-k\u00fcresel-mekanik-300x229.jpeg\" alt=\"\" width=\"300\" height=\"229\" srcset=\"https:\/\/www.kureselmuhendislik.com\/wp-content\/uploads\/2020\/10\/M\u0130gros-tesisat-firmas\u0131-ma\u011faza-tesisat\u0131-firmas\u0131-izmir-migros-klima-havaland\u0131rma-yang\u0131n-tesisat\u0131-k\u00fcresel-mekanik-300x229.jpeg 300w, https:\/\/www.kureselmuhendislik.com\/wp-content\/uploads\/2020\/10\/M\u0130gros-tesisat-firmas\u0131-ma\u011faza-tesisat\u0131-firmas\u0131-izmir-migros-klima-havaland\u0131rma-yang\u0131n-tesisat\u0131-k\u00fcresel-mekanik-768x587.jpeg 768w, https:\/\/www.kureselmuhendislik.com\/wp-content\/uploads\/2020\/10\/M\u0130gros-tesisat-firmas\u0131-ma\u011faza-tesisat\u0131-firmas\u0131-izmir-migros-klima-havaland\u0131rma-yang\u0131n-tesisat\u0131-k\u00fcresel-mekanik.jpeg 900w\" sizes=\"(max-width: 300px) 100vw, 300px\" \/><\/a><\/td>\n<\/tr>\n<\/tbody>\n<\/table>","protected":false},"excerpt":{"rendered":"<p>Migros Ma\u011fazalar\u0131 Mekanik Tesisat Klima Havaland\u0131rma Kalorifer Tesisat\u0131 ve bak\u0131m onar\u0131m i\u015fleri K\u00fcresel M\u00fchendislik taraf\u0131ndan yap\u0131lmaktad\u0131r. M\u0130GROS Mekanik Tesisat \u0130\u015fi. \u00c7AMLIKULE \u015eUBES\u0130 \u2013 \u0130ZM\u0130R 2020 M\u0130GROS Mekanik Tesisat \u0130\u015fi. BUCA YILDz \u015eUBES\u0130 \u2013 \u0130ZM\u0130R 2020 M\u0130GROS Mekanik Tesisat \u0130\u015fi \u00c7E\u015eME \u015eUBES\u0130 \u2013 \u0130ZM\u0130R 2020 M\u0130GROS Mekanik Tesisat \u0130\u015fi. \u0130NC\u0130RL\u0130OVA \u015eUBES\u0130 \u2013 AYDIN 2020 M\u0130GROS Mekanik&#8230;<\/p>","protected":false},"author":1,"featured_media":1508,"parent":0,"menu_order":0,"comment_status":"closed","ping_status":"closed","template":"","meta":{"_monsterinsights_skip_tracking":false,"_monsterinsights_sitenote_active":false,"_monsterinsights_sitenote_note":"","_monsterinsights_sitenote_category":0,"_kad_post_transparent":"","_kad_post_title":"","_kad_post_layout":"","_kad_post_sidebar_id":"","_kad_post_content_style":"","_kad_post_vertical_padding":"","_kad_post_feature":"","_kad_post_feature_position":"","_kad_post_header":false,"_kad_post_footer":false,"_kad_post_classname":"","footnotes":""},"class_list":["post-1503","page","type-page","status-publish","has-post-thumbnail","hentry"],"_links":{"self":[{"href":"https:\/\/www.kureselmuhendislik.com\/en\/wp-json\/wp\/v2\/pages\/1503","targetHints":{"allow":["GET"]}}],"collection":[{"href":"https:\/\/www.kureselmuhendislik.com\/en\/wp-json\/wp\/v2\/pages"}],"about":[{"href":"https:\/\/www.kureselmuhendislik.com\/en\/wp-json\/wp\/v2\/types\/page"}],"author":[{"embeddable":true,"href":"https:\/\/www.kureselmuhendislik.com\/en\/wp-json\/wp\/v2\/users\/1"}],"replies":[{"embeddable":true,"href":"https:\/\/www.kureselmuhendislik.com\/en\/wp-json\/wp\/v2\/comments?post=1503"}],"version-history":[{"count":2,"href":"https:\/\/www.kureselmuhendislik.com\/en\/wp-json\/wp\/v2\/pages\/1503\/revisions"}],"predecessor-version":[{"id":1509,"href":"https:\/\/www.kureselmuhendislik.com\/en\/wp-json\/wp\/v2\/pages\/1503\/revisions\/1509"}],"wp:featuredmedia":[{"embeddable":true,"href":"https:\/\/www.kureselmuhendislik.com\/en\/wp-json\/wp\/v2\/media\/1508"}],"wp:attachment":[{"href":"https:\/\/www.kureselmuhendislik.com\/en\/wp-json\/wp\/v2\/media?parent=1503"}],"curies":[{"name":"wp","href":"https:\/\/api.w.org\/{rel}","templated":true}]}}