{"id":1495,"date":"2020-10-31T18:49:04","date_gmt":"2020-10-31T15:49:04","guid":{"rendered":"http:\/\/www.kureselmuhendislik.com\/?page_id=1495"},"modified":"2020-10-31T18:49:04","modified_gmt":"2020-10-31T15:49:04","slug":"turkiye-finans-katilim-bankasi-projeleri","status":"publish","type":"page","link":"https:\/\/www.kureselmuhendislik.com\/en\/turkiye-finans-katilim-bankasi-projeleri\/","title":{"rendered":"T\u00fcrkiye Finans Kat\u0131l\u0131m Bankas\u0131 Projeleri"},"content":{"rendered":"<p>T\u00dcRK\u0130YE F\u0130NANS KATILIM BANKASI MEKAN\u0130K TES\u0130SAT \u0130\u015e\u0130. \u00c7ORUM \u015eUBES\u0130<\/p>\n<hr \/>\n<p>T\u00dcRK\u0130YE F\u0130NANS KATILIM BANKASI MEKAN\u0130K TES\u0130SAT \u0130\u015e\u0130. \u0130ZM\u0130T \u015eUBES\u0130<\/p>\n<hr \/>\n<p>T\u00dcRK\u0130YE F\u0130NANS KATILIM BANKASI MEKAN\u0130K TES\u0130SAT \u0130\u015e\u0130. ADAPAZARI \u015eUBES\u0130<\/p>\n<hr \/>\n<p>T\u00dcRK\u0130YE F\u0130NANS KATILIM BANKASI MEKAN\u0130K TES\u0130SAT \u0130\u015e\u0130. S.BEYL\u0130 \u015eUBES\u0130<\/p>","protected":false},"excerpt":{"rendered":"<p>T\u00dcRK\u0130YE F\u0130NANS KATILIM BANKASI MEKAN\u0130K TES\u0130SAT \u0130\u015e\u0130. \u00c7ORUM \u015eUBES\u0130 T\u00dcRK\u0130YE F\u0130NANS KATILIM BANKASI MEKAN\u0130K TES\u0130SAT \u0130\u015e\u0130. \u0130ZM\u0130T \u015eUBES\u0130 T\u00dcRK\u0130YE F\u0130NANS KATILIM BANKASI MEKAN\u0130K TES\u0130SAT \u0130\u015e\u0130. ADAPAZARI \u015eUBES\u0130 T\u00dcRK\u0130YE F\u0130NANS KATILIM BANKASI MEKAN\u0130K TES\u0130SAT \u0130\u015e\u0130. S.BEYL\u0130 \u015eUBES\u0130<\/p>","protected":false},"author":1,"featured_media":0,"parent":0,"menu_order":0,"comment_status":"closed","ping_status":"closed","template":"","meta":{"_monsterinsights_skip_tracking":false,"_monsterinsights_sitenote_active":false,"_monsterinsights_sitenote_note":"","_monsterinsights_sitenote_category":0,"_kad_post_transparent":"","_kad_post_title":"","_kad_post_layout":"","_kad_post_sidebar_id":"","_kad_post_content_style":"","_kad_post_vertical_padding":"","_kad_post_feature":"","_kad_post_feature_position":"","_kad_post_header":false,"_kad_post_footer":false,"_kad_post_classname":"","footnotes":""},"class_list":["post-1495","page","type-page","status-publish","hentry"],"_links":{"self":[{"href":"https:\/\/www.kureselmuhendislik.com\/en\/wp-json\/wp\/v2\/pages\/1495","targetHints":{"allow":["GET"]}}],"collection":[{"href":"https:\/\/www.kureselmuhendislik.com\/en\/wp-json\/wp\/v2\/pages"}],"about":[{"href":"https:\/\/www.kureselmuhendislik.com\/en\/wp-json\/wp\/v2\/types\/page"}],"author":[{"embeddable":true,"href":"https:\/\/www.kureselmuhendislik.com\/en\/wp-json\/wp\/v2\/users\/1"}],"replies":[{"embeddable":true,"href":"https:\/\/www.kureselmuhendislik.com\/en\/wp-json\/wp\/v2\/comments?post=1495"}],"version-history":[{"count":1,"href":"https:\/\/www.kureselmuhendislik.com\/en\/wp-json\/wp\/v2\/pages\/1495\/revisions"}],"predecessor-version":[{"id":1496,"href":"https:\/\/www.kureselmuhendislik.com\/en\/wp-json\/wp\/v2\/pages\/1495\/revisions\/1496"}],"wp:attachment":[{"href":"https:\/\/www.kureselmuhendislik.com\/en\/wp-json\/wp\/v2\/media?parent=1495"}],"curies":[{"name":"wp","href":"https:\/\/api.w.org\/{rel}","templated":true}]}}