{"id":1324,"date":"2018-12-06T01:28:44","date_gmt":"2018-12-05T22:28:44","guid":{"rendered":"http:\/\/www.kureselmuhendislik.com\/?page_id=1324"},"modified":"2022-06-09T15:22:47","modified_gmt":"2022-06-09T12:22:47","slug":"radyal-aluminyum-havlupan-manolya-elit","status":"publish","type":"page","link":"https:\/\/www.kureselmuhendislik.com\/en\/radyal-aluminyum-havlupan-manolya-elit\/","title":{"rendered":"Al\u00fcminyum Havlupan Manolya Elit"},"content":{"rendered":"<div id=\"contents\">\n<div id=\"staticContent\">\n<div id=\"two-col\">\n<div id=\"right-col\">\n<div id=\"prod-details-area\">\n<div id=\"prod-detail-1\">\n<table style=\"width: 781px;\" border=\"0\" cellspacing=\"0\" cellpadding=\"0\">\n<tbody>\n<tr>\n<td style=\"width: 260px;\" valign=\"top\"><a href=\"https:\/\/www.kureselmuhendislik.com\/en\/radyal-aluminyum-havlupan-manolya-elit\/radyal-radyator-konak-izmir-0232-250-50-07\/\"><img fetchpriority=\"high\" decoding=\"async\" class=\"alignnone wp-image-2366 size-medium\" src=\"https:\/\/www.kureselmuhendislik.com\/wp-content\/uploads\/2022\/06\/Radyal-Radyator-Konak-Izmir-0232-250-50-07-300x300.jpeg\" alt=\"\" width=\"300\" height=\"300\" srcset=\"https:\/\/www.kureselmuhendislik.com\/wp-content\/uploads\/2022\/06\/Radyal-Radyator-Konak-Izmir-0232-250-50-07-300x300.jpeg 300w, https:\/\/www.kureselmuhendislik.com\/wp-content\/uploads\/2022\/06\/Radyal-Radyator-Konak-Izmir-0232-250-50-07-1024x1024.jpeg 1024w, https:\/\/www.kureselmuhendislik.com\/wp-content\/uploads\/2022\/06\/Radyal-Radyator-Konak-Izmir-0232-250-50-07-150x150.jpeg 150w, https:\/\/www.kureselmuhendislik.com\/wp-content\/uploads\/2022\/06\/Radyal-Radyator-Konak-Izmir-0232-250-50-07-768x768.jpeg 768w, https:\/\/www.kureselmuhendislik.com\/wp-content\/uploads\/2022\/06\/Radyal-Radyator-Konak-Izmir-0232-250-50-07-920x920.jpeg 920w, https:\/\/www.kureselmuhendislik.com\/wp-content\/uploads\/2022\/06\/Radyal-Radyator-Konak-Izmir-0232-250-50-07-230x230.jpeg 230w, https:\/\/www.kureselmuhendislik.com\/wp-content\/uploads\/2022\/06\/Radyal-Radyator-Konak-Izmir-0232-250-50-07-350x350.jpeg 350w, https:\/\/www.kureselmuhendislik.com\/wp-content\/uploads\/2022\/06\/Radyal-Radyator-Konak-Izmir-0232-250-50-07-480x480.jpeg 480w, https:\/\/www.kureselmuhendislik.com\/wp-content\/uploads\/2022\/06\/Radyal-Radyator-Konak-Izmir-0232-250-50-07.jpeg 1080w\" sizes=\"(max-width: 300px) 100vw, 300px\" \/><\/a><\/td>\n<td style=\"width: 477px;\" valign=\"top\">\n<table style=\"width: 474px;\" border=\"0\" cellspacing=\"0\" cellpadding=\"0\">\n<tbody>\n<tr>\n<td style=\"width: 452px;\"><strong>\u00d6ZEL ve \u0130\u015eLEVSEL<\/strong><\/p>\n<p>Al\u00fcminyum havlupanlarda bulunabilecek t\u00fcm \u00f6zelliklere sahip, y\u00fcksek \u0131s\u0131tma g\u00fcc\u00fc olan farkl\u0131 bir \u00fcr\u00fcnd\u00fcr. Banyolar\u0131n \u00f6zel alanlar\u0131nda i\u015flevsel tasar\u0131m\u0131yla hayattan daha fazla keyif alman\u0131z\u0131 sa\u011flar. Opsiyonel olarak rezistansl\u0131 \u0131s\u0131t\u0131c\u0131 tak\u0131larak elektrikle \u00e7al\u0131\u015fma \u00f6zelli\u011fine sahiptir.<\/td>\n<\/tr>\n<tr>\n<td style=\"width: 452px;\"><\/td>\n<\/tr>\n<tr>\n<td style=\"width: 452px;\" align=\"right\"><a href=\"https:\/\/www.kureselmuhendislik.com\/en\/radyal-aluminyum-havlupan-manolya-elit\/radiva-0232-250-50-07-dekoratif-radyator-ve-havlupan-modelleri-izmir\/\"><img decoding=\"async\" class=\"alignnone wp-image-2369 size-medium\" src=\"https:\/\/www.kureselmuhendislik.com\/wp-content\/uploads\/2022\/06\/Radiva-0232-250-50-07-Dekoratif-Radyator-ve-Havlupan-Modelleri-Izmir-300x132.png\" alt=\"\" width=\"300\" height=\"132\" srcset=\"https:\/\/www.kureselmuhendislik.com\/wp-content\/uploads\/2022\/06\/Radiva-0232-250-50-07-Dekoratif-Radyator-ve-Havlupan-Modelleri-Izmir-300x132.png 300w, https:\/\/www.kureselmuhendislik.com\/wp-content\/uploads\/2022\/06\/Radiva-0232-250-50-07-Dekoratif-Radyator-ve-Havlupan-Modelleri-Izmir-230x101.png 230w, https:\/\/www.kureselmuhendislik.com\/wp-content\/uploads\/2022\/06\/Radiva-0232-250-50-07-Dekoratif-Radyator-ve-Havlupan-Modelleri-Izmir.png 338w\" sizes=\"(max-width: 300px) 100vw, 300px\" \/><\/a><\/td>\n<\/tr>\n<\/tbody>\n<\/table>\n<\/td>\n<\/tr>\n<\/tbody>\n<\/table>\n<\/div>\n<\/div>\n<\/div>\n<\/div>\n<\/div>\n<\/div>\n<div id=\"footer-wrapper\">\n<div id=\"footer\">\n<h3><span style=\"font-size: 14pt;\">Radiva Al\u00fcminyum Havlupan \u0130\u00e7in <strong>0232 250 50 07<\/strong>\u00a0nolu Numaradan Bize Ula\u015fabilirsiniz.<\/span><\/h3>\n<h3><span style=\"font-size: 14pt;\"><a href=\"mailto:kureselmekanik@gmail.com\">Radyal Radyat\u00f6r Detayl\u0131 Bilgi<\/a><\/span><\/h3>\n<\/div>\n<\/div>","protected":false},"excerpt":{"rendered":"<p>\u00d6ZEL ve \u0130\u015eLEVSEL Al\u00fcminyum havlupanlarda bulunabilecek t\u00fcm \u00f6zelliklere sahip, y\u00fcksek \u0131s\u0131tma g\u00fcc\u00fc olan farkl\u0131 bir \u00fcr\u00fcnd\u00fcr. Banyolar\u0131n \u00f6zel alanlar\u0131nda i\u015flevsel tasar\u0131m\u0131yla hayattan daha fazla keyif alman\u0131z\u0131 sa\u011flar. Opsiyonel olarak rezistansl\u0131 \u0131s\u0131t\u0131c\u0131 tak\u0131larak elektrikle \u00e7al\u0131\u015fma \u00f6zelli\u011fine sahiptir. Radiva Al\u00fcminyum Havlupan \u0130\u00e7in 0232 250 50 07\u00a0nolu Numaradan Bize Ula\u015fabilirsiniz. Radyal Radyat\u00f6r Detayl\u0131 Bilgi<\/p>","protected":false},"author":1,"featured_media":2365,"parent":0,"menu_order":0,"comment_status":"closed","ping_status":"closed","template":"","meta":{"_monsterinsights_skip_tracking":false,"_monsterinsights_sitenote_active":false,"_monsterinsights_sitenote_note":"","_monsterinsights_sitenote_category":0,"_kad_post_transparent":"","_kad_post_title":"","_kad_post_layout":"","_kad_post_sidebar_id":"","_kad_post_content_style":"","_kad_post_vertical_padding":"","_kad_post_feature":"","_kad_post_feature_position":"","_kad_post_header":false,"_kad_post_footer":false,"_kad_post_classname":"","footnotes":""},"class_list":["post-1324","page","type-page","status-publish","has-post-thumbnail","hentry"],"_links":{"self":[{"href":"https:\/\/www.kureselmuhendislik.com\/en\/wp-json\/wp\/v2\/pages\/1324","targetHints":{"allow":["GET"]}}],"collection":[{"href":"https:\/\/www.kureselmuhendislik.com\/en\/wp-json\/wp\/v2\/pages"}],"about":[{"href":"https:\/\/www.kureselmuhendislik.com\/en\/wp-json\/wp\/v2\/types\/page"}],"author":[{"embeddable":true,"href":"https:\/\/www.kureselmuhendislik.com\/en\/wp-json\/wp\/v2\/users\/1"}],"replies":[{"embeddable":true,"href":"https:\/\/www.kureselmuhendislik.com\/en\/wp-json\/wp\/v2\/comments?post=1324"}],"version-history":[{"count":3,"href":"https:\/\/www.kureselmuhendislik.com\/en\/wp-json\/wp\/v2\/pages\/1324\/revisions"}],"predecessor-version":[{"id":2370,"href":"https:\/\/www.kureselmuhendislik.com\/en\/wp-json\/wp\/v2\/pages\/1324\/revisions\/2370"}],"wp:featuredmedia":[{"embeddable":true,"href":"https:\/\/www.kureselmuhendislik.com\/en\/wp-json\/wp\/v2\/media\/2365"}],"wp:attachment":[{"href":"https:\/\/www.kureselmuhendislik.com\/en\/wp-json\/wp\/v2\/media?parent=1324"}],"curies":[{"name":"wp","href":"https:\/\/api.w.org\/{rel}","templated":true}]}}