{"id":1317,"date":"2018-12-06T01:18:50","date_gmt":"2018-12-05T22:18:50","guid":{"rendered":"http:\/\/www.kureselmuhendislik.com\/?page_id=1317"},"modified":"2022-06-09T15:14:52","modified_gmt":"2022-06-09T12:14:52","slug":"aluminyum-havlupan-lavanta","status":"publish","type":"page","link":"https:\/\/www.kureselmuhendislik.com\/en\/aluminyum-havlupan-lavanta\/","title":{"rendered":"Al\u00fcminyum Havlupan Lavanta"},"content":{"rendered":"<table border=\"0\" cellspacing=\"0\" cellpadding=\"0\">\n<tbody>\n<tr>\n<td valign=\"top\" width=\"260\"><img decoding=\"async\" id=\"zoom_08\" src=\"http:\/\/www.radyal.com\/files\/radyal_lavanta\/lavanta.jpg\" alt=\"Defne\" data-zoom-image=\"\/files\/radyal_lavanta\/lavanta_b.jpg\" \/><\/td>\n<td valign=\"top\">\n<table border=\"0\" cellspacing=\"0\" cellpadding=\"0\">\n<tbody>\n<tr>\n<td><strong>Heyecan Verici ve Fonksiyonel<\/strong><\/p>\n<p>Heyecan ve fonksiyonluk, tasar\u0131m ve g\u00f6rsellik ba\u015fka bir boyuta ta\u015f\u0131nd\u0131. Modern \u00e7izgileri tamamlayan e\u015fsiz bir tasar\u0131m.<\/td>\n<\/tr>\n<tr>\n<td><\/td>\n<\/tr>\n<tr>\n<td align=\"right\"><img decoding=\"async\" class=\"alignleft\" src=\"http:\/\/www.radyal.com\/files\/radyal_lavanta\/lavanta2.jpg\" alt=\"Defne\" \/><\/td>\n<\/tr>\n<\/tbody>\n<\/table>\n<\/td>\n<\/tr>\n<\/tbody>\n<\/table>\n<table class=\"prod-tables table table-striped table-hover\" border=\"0\" cellspacing=\"0\" cellpadding=\"0\">\n<tbody>\n<tr>\n<td><strong>Model Kodu<\/strong><\/td>\n<td><strong>UNIT<\/strong><\/td>\n<td><strong>FLV-500\/1000<\/strong><\/td>\n<td><strong>FLV-500\/1200<\/strong><\/td>\n<td><strong>FLV-540\/1000<\/strong><\/td>\n<td><strong>FLV-540\/1200<\/strong><\/td>\n<\/tr>\n<tr>\n<td><strong>Dilim Say\u0131s\u0131<br \/>\n<\/strong><\/td>\n<td align=\"center\">Piece<\/td>\n<td align=\"center\">5<\/td>\n<td align=\"center\">6<\/td>\n<td align=\"center\">5<\/td>\n<td align=\"center\">6<\/td>\n<\/tr>\n<tr>\n<td><strong>Bo\u015fluk Say\u0131s\u0131<\/strong><\/td>\n<td>Ad<\/td>\n<td>1,52<\/td>\n<td>1,82<\/td>\n<td>1,65<\/td>\n<td>1,98<\/td>\n<\/tr>\n<tr>\n<td><strong>Y\u00fckseklik<\/strong><\/td>\n<td align=\"center\">mm<\/td>\n<td align=\"center\">1000<\/td>\n<td align=\"center\">1200<\/td>\n<td align=\"center\">1000<\/td>\n<td align=\"center\">1200<\/td>\n<\/tr>\n<tr>\n<td><strong>Eksenler aras\u0131<\/strong><\/td>\n<td align=\"center\">mm<\/td>\n<td align=\"center\">460<\/td>\n<td align=\"center\">460<\/td>\n<td align=\"center\">500<\/td>\n<td align=\"center\">500<\/td>\n<\/tr>\n<tr>\n<td><strong>Geni\u015flik<\/strong><\/td>\n<td align=\"center\">mm<\/td>\n<td align=\"center\">500<\/td>\n<td align=\"center\">500<\/td>\n<td align=\"center\">540<\/td>\n<td align=\"center\">540<\/td>\n<\/tr>\n<tr>\n<td><strong>Su Hacmi<br \/>\n<\/strong><\/td>\n<td align=\"center\">Lt<\/td>\n<td align=\"center\">2,33<\/td>\n<td align=\"center\">2,80<\/td>\n<td align=\"center\">2,53<\/td>\n<td align=\"center\">3,05<\/td>\n<\/tr>\n<tr>\n<td rowspan=\"2\"><strong>Is\u0131l G\u00fc\u00e7 \u0394T 60 (90\/70-20 \u00b0C)<\/strong><\/td>\n<td align=\"center\" height=\"20\">Watt<\/td>\n<td align=\"center\">461<\/td>\n<td align=\"center\">554<\/td>\n<td align=\"center\">501<\/td>\n<td align=\"center\">602<\/td>\n<\/tr>\n<tr>\n<td align=\"center\">Kcal\/h<\/td>\n<td align=\"center\">397<\/td>\n<td align=\"center\">478<\/td>\n<td align=\"center\">432<\/td>\n<td align=\"center\">519<\/td>\n<\/tr>\n<tr>\n<td rowspan=\"2\"><strong>Is\u0131l G\u00fc\u00e7 \u0394T 50 (80\/60-20 \u00b0C)<\/strong><\/td>\n<td align=\"center\">Watt<\/td>\n<td align=\"center\">373<\/td>\n<td align=\"center\">448<\/td>\n<td align=\"center\">405<\/td>\n<td align=\"center\">487<\/td>\n<\/tr>\n<tr>\n<td align=\"center\">Kcal\/h<\/td>\n<td align=\"center\">288<\/td>\n<td align=\"center\">345<\/td>\n<td align=\"center\">313<\/td>\n<td align=\"center\">375<\/td>\n<\/tr>\n<tr>\n<td><strong>Duvar-Tesisat Aks\u0131<\/strong><\/td>\n<td>mm<\/td>\n<td>85-115<\/td>\n<td>85-115<\/td>\n<td>85-115<\/td>\n<td>85-115<\/td>\n<\/tr>\n<tr>\n<td><strong>Duvar -Havlupan \u00d6n\u00fc<\/strong><\/td>\n<td align=\"center\">mm<\/td>\n<td align=\"center\">108-138<\/td>\n<td align=\"center\">108-138<\/td>\n<td align=\"center\">108-138<\/td>\n<td align=\"center\">108-138<\/td>\n<\/tr>\n<tr>\n<td><strong>A\u011f\u0131rl\u0131k<\/strong><\/td>\n<td align=\"center\">Kg\/Ad<\/td>\n<td align=\"center\">6,50<\/td>\n<td align=\"center\">7,80<\/td>\n<td align=\"center\">7,07<\/td>\n<td align=\"center\">8,48<\/td>\n<\/tr>\n<\/tbody>\n<\/table>\n<h3><span style=\"font-size: 14pt;\">Radyal Al\u00fcminyum Havlupan \u0130\u00e7in\u00a0<strong>0232 250 50 07<\/strong>\u00a0nolu Numaradan Bize Ula\u015fabilirsiniz.<\/span><\/h3>\n<h3><span style=\"font-size: 14pt;\"><a href=\"mailto:kureselmekanik@gmail.com\">Radyal Radyat\u00f6r Detayl\u0131 Bilgi<\/a><\/span><\/h3>","protected":false},"excerpt":{"rendered":"<p>Heyecan Verici ve Fonksiyonel Heyecan ve fonksiyonluk, tasar\u0131m ve g\u00f6rsellik ba\u015fka bir boyuta ta\u015f\u0131nd\u0131. Modern \u00e7izgileri tamamlayan e\u015fsiz bir tasar\u0131m. Model Kodu UNIT FLV-500\/1000 FLV-500\/1200 FLV-540\/1000 FLV-540\/1200 Dilim Say\u0131s\u0131 Piece 5 6 5 6 Bo\u015fluk Say\u0131s\u0131 Ad 1,52 1,82 1,65 1,98 Y\u00fckseklik mm 1000 1200 1000 1200 Eksenler aras\u0131 mm 460 460 500 500 Geni\u015flik&#8230;<\/p>","protected":false},"author":1,"featured_media":2364,"parent":0,"menu_order":0,"comment_status":"closed","ping_status":"closed","template":"","meta":{"_monsterinsights_skip_tracking":false,"_monsterinsights_sitenote_active":false,"_monsterinsights_sitenote_note":"","_monsterinsights_sitenote_category":0,"_kad_post_transparent":"","_kad_post_title":"","_kad_post_layout":"","_kad_post_sidebar_id":"","_kad_post_content_style":"","_kad_post_vertical_padding":"","_kad_post_feature":"","_kad_post_feature_position":"","_kad_post_header":false,"_kad_post_footer":false,"_kad_post_classname":"","footnotes":""},"class_list":["post-1317","page","type-page","status-publish","has-post-thumbnail","hentry"],"_links":{"self":[{"href":"https:\/\/www.kureselmuhendislik.com\/en\/wp-json\/wp\/v2\/pages\/1317","targetHints":{"allow":["GET"]}}],"collection":[{"href":"https:\/\/www.kureselmuhendislik.com\/en\/wp-json\/wp\/v2\/pages"}],"about":[{"href":"https:\/\/www.kureselmuhendislik.com\/en\/wp-json\/wp\/v2\/types\/page"}],"author":[{"embeddable":true,"href":"https:\/\/www.kureselmuhendislik.com\/en\/wp-json\/wp\/v2\/users\/1"}],"replies":[{"embeddable":true,"href":"https:\/\/www.kureselmuhendislik.com\/en\/wp-json\/wp\/v2\/comments?post=1317"}],"version-history":[{"count":2,"href":"https:\/\/www.kureselmuhendislik.com\/en\/wp-json\/wp\/v2\/pages\/1317\/revisions"}],"predecessor-version":[{"id":2405,"href":"https:\/\/www.kureselmuhendislik.com\/en\/wp-json\/wp\/v2\/pages\/1317\/revisions\/2405"}],"wp:featuredmedia":[{"embeddable":true,"href":"https:\/\/www.kureselmuhendislik.com\/en\/wp-json\/wp\/v2\/media\/2364"}],"wp:attachment":[{"href":"https:\/\/www.kureselmuhendislik.com\/en\/wp-json\/wp\/v2\/media?parent=1317"}],"curies":[{"name":"wp","href":"https:\/\/api.w.org\/{rel}","templated":true}]}}