{"id":1292,"date":"2018-12-06T00:34:31","date_gmt":"2018-12-05T21:34:31","guid":{"rendered":"http:\/\/www.kureselmuhendislik.com\/?page_id=1292"},"modified":"2026-03-29T16:00:51","modified_gmt":"2026-03-29T13:00:51","slug":"radyal-radyator-residance","status":"publish","type":"page","link":"https:\/\/www.kureselmuhendislik.com\/en\/radyal-radyator-residance\/","title":{"rendered":"Radyal Radyat\u00f6r Residance"},"content":{"rendered":"<div data-elementor-type=\"wp-page\" data-elementor-id=\"1292\" class=\"elementor elementor-1292\">\n\t\t\t\t\t\t<section class=\"elementor-section elementor-top-section elementor-element elementor-element-0d4b9ea elementor-section-boxed elementor-section-height-default elementor-section-height-default\" data-id=\"0d4b9ea\" data-element_type=\"section\" data-e-type=\"section\">\n\t\t\t\t\t\t<div class=\"elementor-container elementor-column-gap-default\">\n\t\t\t\t\t<div class=\"elementor-column elementor-col-50 elementor-top-column elementor-element elementor-element-e6af700\" data-id=\"e6af700\" data-element_type=\"column\" data-e-type=\"column\">\n\t\t\t<div class=\"elementor-widget-wrap elementor-element-populated\">\n\t\t\t\t\t\t<div class=\"elementor-element elementor-element-77a375a elementor-widget elementor-widget-image\" data-id=\"77a375a\" data-element_type=\"widget\" data-e-type=\"widget\" data-widget_type=\"image.default\">\n\t\t\t\t<div class=\"elementor-widget-container\">\n\t\t\t\t\t\t\t\t\t\t\t\t\t\t\t\t<a href=\"https:\/\/www.kureselmuhendislik.com\/wp-content\/uploads\/2026\/03\/Radyal-Residence-Radyator-0232-250-50-07-Kuresel-Muhendislik.webp\" data-elementor-open-lightbox=\"yes\" data-elementor-lightbox-title=\"Radyal Residence Radyat\u00f6r - 0232 250 50 07 K\u00fcresel M\u00fchendislik\" data-e-action-hash=\"#elementor-action%3Aaction%3Dlightbox%26settings%3DeyJpZCI6Mjg1NywidXJsIjoiaHR0cHM6XC9cL3d3dy5rdXJlc2VsbXVoZW5kaXNsaWsuY29tXC93cC1jb250ZW50XC91cGxvYWRzXC8yMDI2XC8wM1wvUmFkeWFsLVJlc2lkZW5jZS1SYWR5YXRvci0wMjMyLTI1MC01MC0wNy1LdXJlc2VsLU11aGVuZGlzbGlrLndlYnAifQ%3D%3D\">\n\t\t\t\t\t\t\t<img fetchpriority=\"high\" decoding=\"async\" width=\"1024\" height=\"1024\" src=\"https:\/\/www.kureselmuhendislik.com\/wp-content\/uploads\/2026\/03\/Radyal-Residence-Radyator-0232-250-50-07-Kuresel-Muhendislik.webp\" class=\"attachment-large size-large wp-image-2857\" alt=\"\" srcset=\"https:\/\/www.kureselmuhendislik.com\/wp-content\/uploads\/2026\/03\/Radyal-Residence-Radyator-0232-250-50-07-Kuresel-Muhendislik.webp 1024w, https:\/\/www.kureselmuhendislik.com\/wp-content\/uploads\/2026\/03\/Radyal-Residence-Radyator-0232-250-50-07-Kuresel-Muhendislik-300x300.webp 300w, https:\/\/www.kureselmuhendislik.com\/wp-content\/uploads\/2026\/03\/Radyal-Residence-Radyator-0232-250-50-07-Kuresel-Muhendislik-150x150.webp 150w, https:\/\/www.kureselmuhendislik.com\/wp-content\/uploads\/2026\/03\/Radyal-Residence-Radyator-0232-250-50-07-Kuresel-Muhendislik-768x768.webp 768w, https:\/\/www.kureselmuhendislik.com\/wp-content\/uploads\/2026\/03\/Radyal-Residence-Radyator-0232-250-50-07-Kuresel-Muhendislik-12x12.webp 12w\" sizes=\"(max-width: 1024px) 100vw, 1024px\" \/>\t\t\t\t\t\t\t\t<\/a>\n\t\t\t\t\t\t\t\t\t\t\t\t\t\t\t<\/div>\n\t\t\t\t<\/div>\n\t\t\t\t<div class=\"elementor-element elementor-element-1dbb9d9 elementor-widget elementor-widget-text-editor\" data-id=\"1dbb9d9\" data-element_type=\"widget\" data-e-type=\"widget\" data-widget_type=\"text-editor.default\">\n\t\t\t\t<div class=\"elementor-widget-container\">\n\t\t\t\t\t\t\t\t\t<p><strong data-start=\"430\" data-end=\"472\">Residence Dekoratif Al\u00fcminyum Radyat\u00f6r<\/strong><br data-start=\"472\" data-end=\"475\" \/>Modern tasar\u0131m, y\u00fcksek \u0131s\u0131 verimi<\/p>\t\t\t\t\t\t\t\t<\/div>\n\t\t\t\t<\/div>\n\t\t\t\t<div class=\"elementor-element elementor-element-e43ab8a elementor-widget elementor-widget-button\" data-id=\"e43ab8a\" data-element_type=\"widget\" data-e-type=\"widget\" data-widget_type=\"button.default\">\n\t\t\t\t<div class=\"elementor-widget-container\">\n\t\t\t\t\t\t\t\t\t<div class=\"elementor-button-wrapper\">\n\t\t\t\t\t<a class=\"elementor-button elementor-button-link elementor-size-sm\" href=\"https:\/\/www.kureselmuhendislik.com\/en\/bize-ulasin\/\">\n\t\t\t\t\t\t<span class=\"elementor-button-content-wrapper\">\n\t\t\t\t\t\t\t\t\t<span class=\"elementor-button-text\">Fiyat AL - 0232 250 50 07<\/span>\n\t\t\t\t\t<\/span>\n\t\t\t\t\t<\/a>\n\t\t\t\t<\/div>\n\t\t\t\t\t\t\t\t<\/div>\n\t\t\t\t<\/div>\n\t\t\t\t\t<\/div>\n\t\t<\/div>\n\t\t\t\t<div class=\"elementor-column elementor-col-50 elementor-top-column elementor-element elementor-element-c98cb33\" data-id=\"c98cb33\" data-element_type=\"column\" data-e-type=\"column\">\n\t\t\t<div class=\"elementor-widget-wrap elementor-element-populated\">\n\t\t\t\t\t\t<div class=\"elementor-element elementor-element-3740ef1 elementor-widget elementor-widget-image\" data-id=\"3740ef1\" data-element_type=\"widget\" data-e-type=\"widget\" data-widget_type=\"image.default\">\n\t\t\t\t<div class=\"elementor-widget-container\">\n\t\t\t\t\t\t\t\t\t\t\t\t\t\t\t\t<a href=\"https:\/\/www.kureselmuhendislik.com\/wp-content\/uploads\/2023\/01\/Radyal-Radyato\u0308r-0232-250-50-07-Izmir-Konak-Krom-Alu\u0308minyum-Havlupan-Tower-Elit.jpg\" data-elementor-open-lightbox=\"yes\" data-elementor-lightbox-title=\"Radyal Radyato\u0308r 0232 250 50 07 Izmir Konak Krom Alu\u0308minyum Havlupan Tower Elit\" data-e-action-hash=\"#elementor-action%3Aaction%3Dlightbox%26settings%3DeyJpZCI6MjQ3OSwidXJsIjoiaHR0cHM6XC9cL3d3dy5rdXJlc2VsbXVoZW5kaXNsaWsuY29tXC93cC1jb250ZW50XC91cGxvYWRzXC8yMDIzXC8wMVwvUmFkeWFsLVJhZHlhdG9cdTAzMDhyLTAyMzItMjUwLTUwLTA3LUl6bWlyLUtvbmFrLUtyb20tQWx1XHUwMzA4bWlueXVtLUhhdmx1cGFuLVRvd2VyLUVsaXQuanBnIn0%3D\">\n\t\t\t\t\t\t\t<img decoding=\"async\" width=\"819\" height=\"1024\" src=\"https:\/\/www.kureselmuhendislik.com\/wp-content\/uploads\/2023\/01\/Radyal-Radyato\u0308r-0232-250-50-07-Izmir-Konak-Krom-Alu\u0308minyum-Havlupan-Tower-Elit-819x1024.jpg\" class=\"attachment-large size-large wp-image-2479\" alt=\"\" srcset=\"https:\/\/www.kureselmuhendislik.com\/wp-content\/uploads\/2023\/01\/Radyal-Radyato\u0308r-0232-250-50-07-Izmir-Konak-Krom-Alu\u0308minyum-Havlupan-Tower-Elit-819x1024.jpg 819w, https:\/\/www.kureselmuhendislik.com\/wp-content\/uploads\/2023\/01\/Radyal-Radyato\u0308r-0232-250-50-07-Izmir-Konak-Krom-Alu\u0308minyum-Havlupan-Tower-Elit-240x300.jpg 240w, https:\/\/www.kureselmuhendislik.com\/wp-content\/uploads\/2023\/01\/Radyal-Radyato\u0308r-0232-250-50-07-Izmir-Konak-Krom-Alu\u0308minyum-Havlupan-Tower-Elit-768x960.jpg 768w, https:\/\/www.kureselmuhendislik.com\/wp-content\/uploads\/2023\/01\/Radyal-Radyato\u0308r-0232-250-50-07-Izmir-Konak-Krom-Alu\u0308minyum-Havlupan-Tower-Elit-1229x1536.jpg 1229w, https:\/\/www.kureselmuhendislik.com\/wp-content\/uploads\/2023\/01\/Radyal-Radyato\u0308r-0232-250-50-07-Izmir-Konak-Krom-Alu\u0308minyum-Havlupan-Tower-Elit-920x1150.jpg 920w, https:\/\/www.kureselmuhendislik.com\/wp-content\/uploads\/2023\/01\/Radyal-Radyato\u0308r-0232-250-50-07-Izmir-Konak-Krom-Alu\u0308minyum-Havlupan-Tower-Elit-230x288.jpg 230w, https:\/\/www.kureselmuhendislik.com\/wp-content\/uploads\/2023\/01\/Radyal-Radyato\u0308r-0232-250-50-07-Izmir-Konak-Krom-Alu\u0308minyum-Havlupan-Tower-Elit-350x438.jpg 350w, https:\/\/www.kureselmuhendislik.com\/wp-content\/uploads\/2023\/01\/Radyal-Radyato\u0308r-0232-250-50-07-Izmir-Konak-Krom-Alu\u0308minyum-Havlupan-Tower-Elit-480x600.jpg 480w, https:\/\/www.kureselmuhendislik.com\/wp-content\/uploads\/2023\/01\/Radyal-Radyato\u0308r-0232-250-50-07-Izmir-Konak-Krom-Alu\u0308minyum-Havlupan-Tower-Elit.jpg 1440w\" sizes=\"(max-width: 819px) 100vw, 819px\" \/>\t\t\t\t\t\t\t\t<\/a>\n\t\t\t\t\t\t\t\t\t\t\t\t\t\t\t<\/div>\n\t\t\t\t<\/div>\n\t\t\t\t\t<\/div>\n\t\t<\/div>\n\t\t\t\t\t<\/div>\n\t\t<\/section>\n\t\t\t\t<section class=\"elementor-section elementor-top-section elementor-element elementor-element-143fa99 elementor-section-boxed elementor-section-height-default elementor-section-height-default\" data-id=\"143fa99\" data-element_type=\"section\" data-e-type=\"section\">\n\t\t\t\t\t\t<div class=\"elementor-container elementor-column-gap-default\">\n\t\t\t\t\t<div class=\"elementor-column elementor-col-100 elementor-top-column elementor-element elementor-element-5dda549\" data-id=\"5dda549\" data-element_type=\"column\" data-e-type=\"column\">\n\t\t\t<div class=\"elementor-widget-wrap elementor-element-populated\">\n\t\t\t\t\t\t<div class=\"elementor-element elementor-element-07d8ba0 elementor-widget elementor-widget-text-editor\" data-id=\"07d8ba0\" data-element_type=\"widget\" data-e-type=\"widget\" data-widget_type=\"text-editor.default\">\n\t\t\t\t<div class=\"elementor-widget-container\">\n\t\t\t\t\t\t\t\t\t<ul><li data-section-id=\"1qgdbfv\" data-start=\"1030\" data-end=\"1074\"><p data-start=\"1032\" data-end=\"1074\">\u26a1 H\u0131zl\u0131 Is\u0131nma \u2192 Al\u00fcminyum g\u00f6vde sayesinde<\/p><\/li><li data-section-id=\"jtdptx\" data-start=\"1075\" data-end=\"1111\"><p data-start=\"1077\" data-end=\"1111\">\ud83c\udfa8 \u00d6zel Renk \u2192 T\u00fcm RAL se\u00e7enekleri<\/p><\/li><li data-section-id=\"gfwgul\" data-start=\"1112\" data-end=\"1154\"><p data-start=\"1114\" data-end=\"1154\">\ud83d\udd25 Y\u00fcksek Verim \u2192 Maksimum \u0131s\u0131 transferi<\/p><\/li><li data-section-id=\"14havjb\" data-start=\"1155\" data-end=\"1191\"><p data-start=\"1157\" data-end=\"1191\">\ud83e\uddfc Kolay Temizlik \u2192 P\u00fcr\u00fczs\u00fcz y\u00fczey<\/p><\/li><\/ul>\t\t\t\t\t\t\t\t<\/div>\n\t\t\t\t<\/div>\n\t\t\t\t\t<\/div>\n\t\t<\/div>\n\t\t\t\t\t<\/div>\n\t\t<\/section>\n\t\t\t\t<\/div>","protected":false},"excerpt":{"rendered":"<p>Residence Dekoratif Al\u00fcminyum Radyat\u00f6rModern tasar\u0131m, y\u00fcksek \u0131s\u0131 verimi Fiyat AL &#8211; 0232 250 50 07 \u26a1 H\u0131zl\u0131 Is\u0131nma \u2192 Al\u00fcminyum g\u00f6vde sayesinde \ud83c\udfa8 \u00d6zel Renk \u2192 T\u00fcm RAL se\u00e7enekleri \ud83d\udd25 Y\u00fcksek Verim \u2192 Maksimum \u0131s\u0131 transferi \ud83e\uddfc Kolay Temizlik \u2192 P\u00fcr\u00fczs\u00fcz y\u00fczey<\/p>","protected":false},"author":1,"featured_media":1650,"parent":0,"menu_order":0,"comment_status":"closed","ping_status":"closed","template":"","meta":{"_monsterinsights_skip_tracking":false,"_monsterinsights_sitenote_active":false,"_monsterinsights_sitenote_note":"","_monsterinsights_sitenote_category":0,"_kad_post_transparent":"","_kad_post_title":"","_kad_post_layout":"","_kad_post_sidebar_id":"","_kad_post_content_style":"","_kad_post_vertical_padding":"","_kad_post_feature":"","_kad_post_feature_position":"","_kad_post_header":false,"_kad_post_footer":false,"_kad_post_classname":"","footnotes":""},"class_list":["post-1292","page","type-page","status-publish","has-post-thumbnail","hentry"],"_links":{"self":[{"href":"https:\/\/www.kureselmuhendislik.com\/en\/wp-json\/wp\/v2\/pages\/1292","targetHints":{"allow":["GET"]}}],"collection":[{"href":"https:\/\/www.kureselmuhendislik.com\/en\/wp-json\/wp\/v2\/pages"}],"about":[{"href":"https:\/\/www.kureselmuhendislik.com\/en\/wp-json\/wp\/v2\/types\/page"}],"author":[{"embeddable":true,"href":"https:\/\/www.kureselmuhendislik.com\/en\/wp-json\/wp\/v2\/users\/1"}],"replies":[{"embeddable":true,"href":"https:\/\/www.kureselmuhendislik.com\/en\/wp-json\/wp\/v2\/comments?post=1292"}],"version-history":[{"count":18,"href":"https:\/\/www.kureselmuhendislik.com\/en\/wp-json\/wp\/v2\/pages\/1292\/revisions"}],"predecessor-version":[{"id":2873,"href":"https:\/\/www.kureselmuhendislik.com\/en\/wp-json\/wp\/v2\/pages\/1292\/revisions\/2873"}],"wp:featuredmedia":[{"embeddable":true,"href":"https:\/\/www.kureselmuhendislik.com\/en\/wp-json\/wp\/v2\/media\/1650"}],"wp:attachment":[{"href":"https:\/\/www.kureselmuhendislik.com\/en\/wp-json\/wp\/v2\/media?parent=1292"}],"curies":[{"name":"wp","href":"https:\/\/api.w.org\/{rel}","templated":true}]}}