{"id":1281,"date":"2018-12-05T23:06:36","date_gmt":"2018-12-05T20:06:36","guid":{"rendered":"http:\/\/www.kureselmuhendislik.com\/?page_id=1281"},"modified":"2018-12-05T23:06:36","modified_gmt":"2018-12-05T20:06:36","slug":"daikin-vrv-classic-rxycq-a","status":"publish","type":"page","link":"https:\/\/www.kureselmuhendislik.com\/en\/daikin-vrv-classic-rxycq-a\/","title":{"rendered":"Daikin VRV CLASSIC RXYCQ-A"},"content":{"rendered":"<div id=\"pg-1080-0\" class=\"panel-grid panel-no-style\">\n<div id=\"pgc-1080-0-0\" class=\"panel-grid-cell\">\n<div id=\"panel-1080-0-0-0\" class=\"so-panel widget widget_sow-editor panel-first-child panel-last-child\" data-index=\"0\">\n<div class=\"so-widget-sow-editor so-widget-sow-editor-base\">\n<h3 class=\"widget-title\"><span style=\"font-size: 18pt;\">AVANTAJLAR<\/span><\/h3>\n<div class=\"siteorigin-widget-tinymce textwidget\">\n<p>\u203a\u203a Standart so\u011futma ve \u0131s\u0131tma ihtiya\u00e7lar\u0131 bulunan projeler i\u00e7in<br \/>\n\u203a\u203a Her t\u00fcrl\u00fc binaya uyar ve ayr\u0131ca 78,4 Pa&#8217;ya kadar \u00e7\u0131kan y\u00fcksek cihaz d\u0131\u015f\u0131 statik bas\u0131nc\u0131 sayesinde bina i\u00e7ine montaj\u0131 da m\u00fcmk\u00fcnd\u00fcr. \u0130\u00e7 \u00fcnite montaj\u0131 daha k\u0131sa borular gerektirir ve daha d\u00fc\u015f\u00fck montaj maliyetleri, daha y\u00fcksek verimlilik ve daha iyi bir g\u00f6rsel estetik sa\u011flar<br \/>\n\u203a\u203a Ko\u015fulland\u0131r\u0131lan her bir zonun birbirinden ba\u011f\u0131ms\u0131z olarak kontrol edilebilmesi, VRV sistemi i\u015fletme maliyetlerini m\u00fcmk\u00fcn olan en d\u00fc\u015f\u00fck d\u00fczeyde tutar<br \/>\n\u203a\u203a Kademeli montaj sayesinde montaj maliyetlerinizi zamana yay\u0131n<br \/>\n\u203a\u203a T\u00fcm standart VRV i\u00e7 \u00fcnitelere, kumandalara ve havaland\u0131rma sistemlerine ba\u011flanabilir.<\/p>\n<\/div>\n<\/div>\n<\/div>\n<\/div>\n<div id=\"pgc-1080-0-1\" class=\"panel-grid-cell\">\n<div id=\"panel-1080-0-1-0\" class=\"so-panel widget widget_sow-editor panel-first-child panel-last-child\" data-index=\"1\">\n<div class=\"so-widget-sow-editor so-widget-sow-editor-base\">\n<div class=\"siteorigin-widget-tinymce textwidget\">\n<p><img fetchpriority=\"high\" decoding=\"async\" class=\"aligncenter size-full wp-image-1081\" src=\"http:\/\/daikin-vrv.net\/wp-content\/uploads\/2017\/01\/daikin-klima-vrv-classic.png\" sizes=\"(max-width: 500px) 100vw, 500px\" srcset=\"http:\/\/daikin-vrv.net\/wp-content\/uploads\/2017\/01\/daikin-klima-vrv-classic.png 500w, http:\/\/daikin-vrv.net\/wp-content\/uploads\/2017\/01\/daikin-klima-vrv-classic-300x180.png 300w\" alt=\"\" width=\"500\" height=\"300\" \/><\/p>\n<\/div>\n<\/div>\n<\/div>\n<\/div>\n<\/div>\n<div id=\"pg-1080-1\" class=\"panel-grid panel-no-style\">\n<div id=\"pgc-1080-1-0\" class=\"panel-grid-cell\">\n<div id=\"panel-1080-1-0-0\" class=\"so-panel widget widget_sow-editor panel-first-child panel-last-child\" data-index=\"2\">\n<div class=\"so-widget-sow-editor so-widget-sow-editor-base\">\n<div class=\"siteorigin-widget-tinymce textwidget\">\n<p><img decoding=\"async\" class=\"aligncenter wp-image-1083 size-full\" src=\"http:\/\/daikin-vrv.net\/wp-content\/uploads\/2017\/01\/daikin-klima-vrv-classic-%C3%B6zellikleri.png\" sizes=\"(max-width: 1549px) 100vw, 1549px\" srcset=\"http:\/\/daikin-vrv.net\/wp-content\/uploads\/2017\/01\/daikin-klima-vrv-classic-\u00f6zellikleri.png 1549w, http:\/\/daikin-vrv.net\/wp-content\/uploads\/2017\/01\/daikin-klima-vrv-classic-\u00f6zellikleri-300x164.png 300w, http:\/\/daikin-vrv.net\/wp-content\/uploads\/2017\/01\/daikin-klima-vrv-classic-\u00f6zellikleri-768x420.png 768w, http:\/\/daikin-vrv.net\/wp-content\/uploads\/2017\/01\/daikin-klima-vrv-classic-\u00f6zellikleri-1024x561.png 1024w\" width=\"1549\" height=\"848\" \/><\/p>\n<\/div>\n<\/div>\n<\/div>\n<\/div>\n<\/div>","protected":false},"excerpt":{"rendered":"<p>AVANTAJLAR \u203a\u203a Standart so\u011futma ve \u0131s\u0131tma ihtiya\u00e7lar\u0131 bulunan projeler i\u00e7in \u203a\u203a Her t\u00fcrl\u00fc binaya uyar ve ayr\u0131ca 78,4 Pa&#8217;ya kadar \u00e7\u0131kan y\u00fcksek cihaz d\u0131\u015f\u0131 statik bas\u0131nc\u0131 sayesinde bina i\u00e7ine montaj\u0131 da m\u00fcmk\u00fcnd\u00fcr. \u0130\u00e7 \u00fcnite montaj\u0131 daha k\u0131sa borular gerektirir ve daha d\u00fc\u015f\u00fck montaj maliyetleri, daha y\u00fcksek verimlilik ve daha iyi bir g\u00f6rsel estetik sa\u011flar \u203a\u203a&#8230;<\/p>","protected":false},"author":1,"featured_media":0,"parent":0,"menu_order":0,"comment_status":"closed","ping_status":"closed","template":"","meta":{"_monsterinsights_skip_tracking":false,"_monsterinsights_sitenote_active":false,"_monsterinsights_sitenote_note":"","_monsterinsights_sitenote_category":0,"_kad_post_transparent":"","_kad_post_title":"","_kad_post_layout":"","_kad_post_sidebar_id":"","_kad_post_content_style":"","_kad_post_vertical_padding":"","_kad_post_feature":"","_kad_post_feature_position":"","_kad_post_header":false,"_kad_post_footer":false,"_kad_post_classname":"","footnotes":""},"class_list":["post-1281","page","type-page","status-publish","hentry"],"_links":{"self":[{"href":"https:\/\/www.kureselmuhendislik.com\/en\/wp-json\/wp\/v2\/pages\/1281","targetHints":{"allow":["GET"]}}],"collection":[{"href":"https:\/\/www.kureselmuhendislik.com\/en\/wp-json\/wp\/v2\/pages"}],"about":[{"href":"https:\/\/www.kureselmuhendislik.com\/en\/wp-json\/wp\/v2\/types\/page"}],"author":[{"embeddable":true,"href":"https:\/\/www.kureselmuhendislik.com\/en\/wp-json\/wp\/v2\/users\/1"}],"replies":[{"embeddable":true,"href":"https:\/\/www.kureselmuhendislik.com\/en\/wp-json\/wp\/v2\/comments?post=1281"}],"version-history":[{"count":1,"href":"https:\/\/www.kureselmuhendislik.com\/en\/wp-json\/wp\/v2\/pages\/1281\/revisions"}],"predecessor-version":[{"id":1282,"href":"https:\/\/www.kureselmuhendislik.com\/en\/wp-json\/wp\/v2\/pages\/1281\/revisions\/1282"}],"wp:attachment":[{"href":"https:\/\/www.kureselmuhendislik.com\/en\/wp-json\/wp\/v2\/media?parent=1281"}],"curies":[{"name":"wp","href":"https:\/\/api.w.org\/{rel}","templated":true}]}}