{"id":1268,"date":"2018-12-05T22:19:04","date_gmt":"2018-12-05T19:19:04","guid":{"rendered":"http:\/\/www.kureselmuhendislik.com\/?page_id=1268"},"modified":"2018-12-05T22:21:12","modified_gmt":"2018-12-05T19:21:12","slug":"daikin-vrv-iii-s-rxysq-p8v1-rxysq-p8y1","status":"publish","type":"page","link":"https:\/\/www.kureselmuhendislik.com\/en\/daikin-vrv-iii-s-rxysq-p8v1-rxysq-p8y1\/","title":{"rendered":"Daikin VRV III-S RXYSQ-P8V1"},"content":{"rendered":"<div class=\"iheader nx-titlebar\">\n<div class=\"titlebar\">\n<h3 class=\"widget-title\"><span style=\"font-size: 18pt;\">AVANTAJLAR<\/span><\/h3>\n<\/div>\n<\/div>\n<div id=\"main\" class=\"site-main\">\n<div id=\"primary\" class=\"content-area nosidebar\">\n<div id=\"content\" class=\"site-content\" role=\"main\">\n<article id=\"post-1027\" class=\"post-1027 page type-page status-publish hentry\">\n<div class=\"entry-content\">\n<div id=\"pl-1027\" class=\"panel-layout\">\n<div id=\"pg-1027-0\" class=\"panel-grid panel-no-style\">\n<div id=\"pgc-1027-0-0\" class=\"panel-grid-cell\">\n<div id=\"panel-1027-0-0-0\" class=\"so-panel widget widget_sow-editor panel-first-child panel-last-child\" data-index=\"0\">\n<div class=\"so-widget-sow-editor so-widget-sow-editor-base\">\n<div class=\"siteorigin-widget-tinymce textwidget\">\n<p>VRVIII-S daha ince ve daha kompakt tasar\u0131m\u0131 sayesinde, montaj alan\u0131ndan \u00f6nemli \u00f6l\u00e7\u00fcde tasarruf sa\u011flar.<\/p>\n<h4><strong>Y\u00fcksek COP de\u011ferleri<\/strong><\/h4>\n<p>VRVIII-S&#8217;in \u00f6nemli bir \u00f6zelli\u011fi s\u0131ra d\u0131\u015f\u0131 enerji verimidir. Sistem, geli\u015ftirilmi\u015f par\u00e7a ve fonksiyonlar\u0131 kullanarak hem so\u011futma hem \u0131s\u0131tma \u00e7al\u0131\u015fmas\u0131 s\u0131ras\u0131nda y\u00fcksek COP de\u011ferleri elde eder.<\/p>\n<\/div>\n<\/div>\n<\/div>\n<\/div>\n<div id=\"pgc-1027-0-1\" class=\"panel-grid-cell\">\n<div id=\"panel-1027-0-1-0\" class=\"so-panel widget widget_sow-editor panel-first-child panel-last-child\" data-index=\"1\">\n<div class=\"so-widget-sow-editor so-widget-sow-editor-base\">\n<div class=\"siteorigin-widget-tinymce textwidget\">\n<p><img fetchpriority=\"high\" decoding=\"async\" class=\"aligncenter wp-image-1050\" src=\"http:\/\/daikin-vrv.net\/wp-content\/uploads\/2017\/01\/daikin-vrv-iii-s.png\" sizes=\"(max-width: 500px) 100vw, 500px\" srcset=\"http:\/\/daikin-vrv.net\/wp-content\/uploads\/2017\/01\/daikin-vrv-iii-s.png 500w, http:\/\/daikin-vrv.net\/wp-content\/uploads\/2017\/01\/daikin-vrv-iii-s-300x180.png 300w\" alt=\"\" width=\"343\" height=\"206\" \/><\/p>\n<\/div>\n<\/div>\n<\/div>\n<\/div>\n<\/div>\n<div id=\"pg-1027-1\" class=\"panel-grid panel-no-style\">\n<div id=\"pgc-1027-1-0\" class=\"panel-grid-cell\">\n<div id=\"panel-1027-1-0-0\" class=\"so-panel widget widget_sow-editor panel-first-child panel-last-child\" data-index=\"2\">\n<div class=\"so-widget-sow-editor so-widget-sow-editor-base\">\n<h3 class=\"widget-title\"><span style=\"font-size: 18pt;\">\u0130\u00e7 \u00fcnitelerde geni\u015f \u00fcr\u00fcn gam\u0131<\/span><\/h3>\n<div class=\"siteorigin-widget-tinymce textwidget\">\n<p>VRV i\u00e7 \u00fcniteler veya Daikin Emura, Nexura, \u2026 gibi \u015f\u0131k i\u00e7 \u00fcniteler ba\u011flanabilir.<\/p>\n<p><img decoding=\"async\" class=\"aligncenter size-full wp-image-1032\" src=\"http:\/\/daikin-vrv.net\/wp-content\/uploads\/2017\/01\/i%C3%A7-%C3%BCnite-ba%C4%9Flant%C4%B1lar%C4%B1.png\" sizes=\"(max-width: 966px) 100vw, 966px\" srcset=\"http:\/\/daikin-vrv.net\/wp-content\/uploads\/2017\/01\/i\u00e7-\u00fcnite-ba\u011flant\u0131lar\u0131.png 966w, http:\/\/daikin-vrv.net\/wp-content\/uploads\/2017\/01\/i\u00e7-\u00fcnite-ba\u011flant\u0131lar\u0131-300x175.png 300w, http:\/\/daikin-vrv.net\/wp-content\/uploads\/2017\/01\/i\u00e7-\u00fcnite-ba\u011flant\u0131lar\u0131-768x449.png 768w\" alt=\"\" width=\"966\" height=\"565\" \/><\/p>\n<p><img decoding=\"async\" class=\"aligncenter size-full wp-image-1034\" src=\"http:\/\/daikin-vrv.net\/wp-content\/uploads\/2017\/01\/i%C3%A7-%C3%BCniteler.png\" sizes=\"(max-width: 1173px) 100vw, 1173px\" srcset=\"http:\/\/daikin-vrv.net\/wp-content\/uploads\/2017\/01\/i\u00e7-\u00fcniteler.png 1173w, http:\/\/daikin-vrv.net\/wp-content\/uploads\/2017\/01\/i\u00e7-\u00fcniteler-300x225.png 300w, http:\/\/daikin-vrv.net\/wp-content\/uploads\/2017\/01\/i\u00e7-\u00fcniteler-768x576.png 768w, http:\/\/daikin-vrv.net\/wp-content\/uploads\/2017\/01\/i\u00e7-\u00fcniteler-1024x768.png 1024w\" alt=\"\" width=\"1173\" height=\"880\" \/><\/p>\n<\/div>\n<\/div>\n<\/div>\n<\/div>\n<\/div>\n<div id=\"pg-1027-2\" class=\"panel-grid panel-no-style\">\n<div id=\"pgc-1027-2-0\" class=\"panel-grid-cell\">\n<div id=\"panel-1027-2-0-0\" class=\"so-panel widget widget_sow-editor panel-first-child\" data-index=\"3\">\n<div class=\"so-widget-sow-editor so-widget-sow-editor-base\">\n<h3 class=\"widget-title\"><span style=\"font-size: 18pt;\">ESNEK BORU TASARIMI<\/span><\/h3>\n<div class=\"siteorigin-widget-tinymce textwidget\">\n<h4>VRV i\u00e7 \u00fcnitelere ba\u011fland\u0131\u011f\u0131nda<\/h4>\n<p>VRVIII-S, 150m1 boru uzunlu\u011fu (175m e\u015fde\u011fer boru uzunlu\u011fu) olana\u011f\u0131 sunmaktad\u0131r ve toplam 300m boru uzunlu\u011funa sahiptir D\u0131\u015f \u00fcnite, i\u00e7 \u00fcnitelerden yukar\u0131ya monte edilirse, kot fark\u0131 maksimum 50m2&#8217;ye kadar \u00e7\u0131kabilir. Bu \u00f6nemli avantajlar, \u00e7ok farkl\u0131 sistem tasar\u0131mlar\u0131n\u0131 m\u00fcmk\u00fcn k\u0131lar.<\/p>\n<h4>\u015e\u0131k i\u00e7 \u00fcnitelere ba\u011fland\u0131\u011f\u0131nda<\/h4>\n<p>\u015e\u0131k i\u00e7 \u00fcniteli VRV heat pump 250m toplam sistem boru uzunlu\u011fu sunar. (Toplam ana boru uzunlu\u011fu \u2264 100m (d\u0131\u015f \u00fcnite ile BP kutusu aras\u0131nda) + Toplam bran\u015fman boru uzunlu\u011fu \u2264 80m (BP kutusu ile i\u00e7 \u00fcnite aras\u0131nda).<br \/>\nD\u0131\u015f \u00fcnite ile ilk bra\u015fman aras\u0131ndaki minimum boru uzunlu\u011fu 5m&#8217;dir. BP kutusu ile i\u00e7 \u00fcnite aras\u0131ndaki minimum boru uzunlu\u011fu 2m ve maksimum uzunluk 15m&#8217;dir.<br \/>\n\u0130lk bran\u015fmandan sonra, en uzun boru uzunlu\u011fu 70m&#8217;dir. D\u0131\u015f \u00fcnite ile i\u00e7 \u00fcnite veya BP kutusu aras\u0131ndaki kot fark\u0131 maksimum 40m olabilir.<\/p>\n<\/div>\n<\/div>\n<\/div>\n<div id=\"panel-1027-2-0-1\" class=\"so-panel widget widget_sow-editor panel-last-child\" data-index=\"4\">\n<div class=\"so-widget-sow-editor so-widget-sow-editor-base\">\n<h3 class=\"widget-title\"><span style=\"font-size: 18pt;\">GEL\u0130\u015eM\u0130\u015e TEKNOLOJ\u0130LER<\/span><\/h3>\n<div class=\"siteorigin-widget-tinymce textwidget\">\n<h4>1\u00a0&#8211; S\u00fcper aero \u0131zgara<\/h4>\n<p>Spiral \u015feklindeki \u0131zgara, t\u00fcrb\u00fclans\u0131 en d\u00fc\u015f\u00fck seviyeye indirmek ve ses seviyesini d\u00fc\u015f\u00fcrmek i\u00e7in hava ak\u0131\u015f y\u00f6n\u00fcnde hizalanm\u0131\u015ft\u0131r.<\/p>\n<p>&nbsp;<\/p>\n<h4>2 &#8211;\u00a0P\u00fcr\u00fczs\u00fcz hava giri\u015f a\u011fz\u0131 ve aero spiral fan<\/h4>\n<p>Bu \u00f6zellikler, ses seviyesinin d\u00fc\u015f\u00fcr\u00fclmesine \u00f6nemli \u00f6l\u00e7\u00fcde katk\u0131da bulunmaktad\u0131r. Fan emi\u015finin olu\u015fturdu\u011fu hava ak\u0131m\u0131ndaki t\u00fcrb\u00fclans\u0131 azaltmak amac\u0131yla fan a\u011fz\u0131 giri\u015fine k\u0131lavuzlar ilave edilmi\u015ftir.<br \/>\nAero spiral fan\u0131n kanatlar\u0131n\u0131n kenar\u0131 b\u00fck\u00fclerek t\u00fcrb\u00fclans iyice azalt\u0131lm\u0131\u015ft\u0131r.<\/p>\n<p>&nbsp;<\/p>\n<h4>3 &#8211;\u00a0e-Bridge devresi<\/h4>\n<p>Kondenserde s\u0131v\u0131 so\u011futucu ak\u0131\u015fkan birikmesini \u00f6nler. Bu sayede, t\u00fcm ko\u015fullarda kondenser y\u00fczeyi daha etkin bir \u015fekilde kullan\u0131l\u0131r ve daha y\u00fcksek enerji verimlili\u011fi sa\u011flan\u0131r. Artt\u0131r\u0131lm\u0131\u015f buharla\u015ft\u0131rma kapasitesi, genle\u015fme \u00e7evrimi \u00f6ncesinde s\u00fcper so\u011futma sa\u011flayan yeni geli\u015ftirilmi\u015f so\u011futma devresi, SCe-bridge devresinden kaynaklanmaktad\u0131r. Bu devrenin kullan\u0131lmas\u0131yla, so\u011futma ve \u0131s\u0131tmada COP de\u011ferleri \u00f6nemli \u00f6l\u00e7\u00fcde y\u00fckseltilmi\u015ftir.<\/p>\n<\/div>\n<\/div>\n<\/div>\n<\/div>\n<div id=\"pgc-1027-2-1\" class=\"panel-grid-cell\">\n<div id=\"panel-1027-2-1-0\" class=\"so-panel widget widget_sow-editor panel-first-child\" data-index=\"5\">\n<div class=\"so-widget-sow-editor so-widget-sow-editor-base\">\n<div class=\"siteorigin-widget-tinymce textwidget\">\n<p><img loading=\"lazy\" decoding=\"async\" class=\"aligncenter wp-image-1037 size-medium\" src=\"http:\/\/daikin-vrv.net\/wp-content\/uploads\/2017\/01\/esnek-boru-tasar%C4%B1m%C4%B1-231x300.png\" sizes=\"(max-width: 231px) 100vw, 231px\" srcset=\"http:\/\/daikin-vrv.net\/wp-content\/uploads\/2017\/01\/esnek-boru-tasar\u0131m\u0131-231x300.png 231w, http:\/\/daikin-vrv.net\/wp-content\/uploads\/2017\/01\/esnek-boru-tasar\u0131m\u0131.png 393w\" width=\"231\" height=\"300\" \/><img loading=\"lazy\" decoding=\"async\" class=\"aligncenter wp-image-1038 size-medium\" src=\"http:\/\/daikin-vrv.net\/wp-content\/uploads\/2017\/01\/i%C3%A7-%C3%BCnite-ba%C4%9Flant%C4%B1lar%C4%B1-1-222x300.png\" sizes=\"(max-width: 222px) 100vw, 222px\" srcset=\"http:\/\/daikin-vrv.net\/wp-content\/uploads\/2017\/01\/i\u00e7-\u00fcnite-ba\u011flant\u0131lar\u0131-1-222x300.png 222w, http:\/\/daikin-vrv.net\/wp-content\/uploads\/2017\/01\/i\u00e7-\u00fcnite-ba\u011flant\u0131lar\u0131-1.png 411w\" width=\"222\" height=\"300\" \/><\/p>\n<\/div>\n<\/div>\n<\/div>\n<div id=\"panel-1027-2-1-1\" class=\"so-panel widget widget_sow-editor panel-last-child\" data-index=\"6\">\n<div class=\"so-widget-sow-editor so-widget-sow-editor-base\">\n<div class=\"siteorigin-widget-tinymce textwidget\">\n<p><img loading=\"lazy\" decoding=\"async\" class=\"aligncenter size-full wp-image-1044\" src=\"http:\/\/daikin-vrv.net\/wp-content\/uploads\/2017\/01\/geli%C5%9Fmi%C5%9F-teknolojiler.png\" sizes=\"(max-width: 385px) 100vw, 385px\" srcset=\"http:\/\/daikin-vrv.net\/wp-content\/uploads\/2017\/01\/geli\u015fmi\u015f-teknolojiler.png 385w, http:\/\/daikin-vrv.net\/wp-content\/uploads\/2017\/01\/geli\u015fmi\u015f-teknolojiler-164x300.png 164w\" alt=\"\" width=\"385\" height=\"703\" \/><\/p>\n<\/div>\n<\/div>\n<\/div>\n<\/div>\n<\/div>\n<div id=\"pg-1027-3\" class=\"panel-grid panel-no-style\">\n<div id=\"pgc-1027-3-0\" class=\"panel-grid-cell\">\n<div id=\"panel-1027-3-0-0\" class=\"so-panel widget widget_sow-editor panel-first-child panel-last-child\" data-index=\"7\">\n<div class=\"so-widget-sow-editor so-widget-sow-editor-base\">\n<div class=\"siteorigin-widget-tinymce textwidget\">\n<p><img loading=\"lazy\" decoding=\"async\" class=\"aligncenter wp-image-1048 size-full\" src=\"http:\/\/daikin-vrv.net\/wp-content\/uploads\/2017\/01\/%C3%B6zellik-tablosu.png\" sizes=\"(max-width: 976px) 100vw, 976px\" srcset=\"http:\/\/daikin-vrv.net\/wp-content\/uploads\/2017\/01\/\u00f6zellik-tablosu.png 976w, http:\/\/daikin-vrv.net\/wp-content\/uploads\/2017\/01\/\u00f6zellik-tablosu-300x256.png 300w, http:\/\/daikin-vrv.net\/wp-content\/uploads\/2017\/01\/\u00f6zellik-tablosu-768x656.png 768w\" width=\"976\" height=\"834\" \/><\/p>\n<h3><span style=\"font-size: 14pt;\">Daikin VRV Klima Sistemi \u0130\u00e7in\u00a0<strong>0232 250 50 07<\/strong>\u00a0nolu Numaradan Bize Ula\u015fabilirsiniz.<\/span><\/h3>\n<h3><span style=\"font-size: 18pt;\"><a href=\"mailto:kureselmekanik@gmail.com\">Daikin VRV Klima Detayl\u0131 Bilgi<\/a><\/span><\/h3>\n<\/div>\n<\/div>\n<\/div>\n<\/div>\n<\/div>\n<\/div>\n<\/div>\n<\/article>\n<\/div>\n<\/div>\n<\/div>","protected":false},"excerpt":{"rendered":"<p>AVANTAJLAR VRVIII-S daha ince ve daha kompakt tasar\u0131m\u0131 sayesinde, montaj alan\u0131ndan \u00f6nemli \u00f6l\u00e7\u00fcde tasarruf sa\u011flar. Y\u00fcksek COP de\u011ferleri VRVIII-S&#8217;in \u00f6nemli bir \u00f6zelli\u011fi s\u0131ra d\u0131\u015f\u0131 enerji verimidir. Sistem, geli\u015ftirilmi\u015f par\u00e7a ve fonksiyonlar\u0131 kullanarak hem so\u011futma hem \u0131s\u0131tma \u00e7al\u0131\u015fmas\u0131 s\u0131ras\u0131nda y\u00fcksek COP de\u011ferleri elde eder. \u0130\u00e7 \u00fcnitelerde geni\u015f \u00fcr\u00fcn gam\u0131 VRV i\u00e7 \u00fcniteler veya Daikin Emura, Nexura,&#8230;<\/p>","protected":false},"author":1,"featured_media":0,"parent":0,"menu_order":0,"comment_status":"closed","ping_status":"closed","template":"","meta":{"_monsterinsights_skip_tracking":false,"_monsterinsights_sitenote_active":false,"_monsterinsights_sitenote_note":"","_monsterinsights_sitenote_category":0,"_kad_post_transparent":"","_kad_post_title":"","_kad_post_layout":"","_kad_post_sidebar_id":"","_kad_post_content_style":"","_kad_post_vertical_padding":"","_kad_post_feature":"","_kad_post_feature_position":"","_kad_post_header":false,"_kad_post_footer":false,"_kad_post_classname":"","footnotes":""},"class_list":["post-1268","page","type-page","status-publish","hentry"],"_links":{"self":[{"href":"https:\/\/www.kureselmuhendislik.com\/en\/wp-json\/wp\/v2\/pages\/1268","targetHints":{"allow":["GET"]}}],"collection":[{"href":"https:\/\/www.kureselmuhendislik.com\/en\/wp-json\/wp\/v2\/pages"}],"about":[{"href":"https:\/\/www.kureselmuhendislik.com\/en\/wp-json\/wp\/v2\/types\/page"}],"author":[{"embeddable":true,"href":"https:\/\/www.kureselmuhendislik.com\/en\/wp-json\/wp\/v2\/users\/1"}],"replies":[{"embeddable":true,"href":"https:\/\/www.kureselmuhendislik.com\/en\/wp-json\/wp\/v2\/comments?post=1268"}],"version-history":[{"count":2,"href":"https:\/\/www.kureselmuhendislik.com\/en\/wp-json\/wp\/v2\/pages\/1268\/revisions"}],"predecessor-version":[{"id":1270,"href":"https:\/\/www.kureselmuhendislik.com\/en\/wp-json\/wp\/v2\/pages\/1268\/revisions\/1270"}],"wp:attachment":[{"href":"https:\/\/www.kureselmuhendislik.com\/en\/wp-json\/wp\/v2\/media?parent=1268"}],"curies":[{"name":"wp","href":"https:\/\/api.w.org\/{rel}","templated":true}]}}