{"id":1194,"date":"2018-11-22T16:18:11","date_gmt":"2018-11-22T13:18:11","guid":{"rendered":"http:\/\/www.kureselmuhendislik.com\/?page_id=1194"},"modified":"2018-11-22T16:36:44","modified_gmt":"2018-11-22T13:36:44","slug":"kampanyalar","status":"publish","type":"page","link":"https:\/\/www.kureselmuhendislik.com\/en\/kampanyalar\/","title":{"rendered":"Kampanyalar"},"content":{"rendered":"<p><img fetchpriority=\"high\" decoding=\"async\" class=\"alignleft wp-image-1195 size-full\" src=\"http:\/\/www.kureselmuhendislik.com\/wp-content\/uploads\/2018\/11\/Daylux-Klima-Kampanya-K\u00fcresel-Mekanik-Daikin-Bayi-\u0130zmir-Klima-Klimada-\u015eok-Kanpanya-\u0130zmir-Daylux-Duvar-Tipi-Klima-A-Plus-Plus-So\u011futma-Is\u0131tma-\u0130nverter.png\" alt=\"\" width=\"898\" height=\"1034\" srcset=\"https:\/\/www.kureselmuhendislik.com\/wp-content\/uploads\/2018\/11\/Daylux-Klima-Kampanya-K\u00fcresel-Mekanik-Daikin-Bayi-\u0130zmir-Klima-Klimada-\u015eok-Kanpanya-\u0130zmir-Daylux-Duvar-Tipi-Klima-A-Plus-Plus-So\u011futma-Is\u0131tma-\u0130nverter.png 898w, https:\/\/www.kureselmuhendislik.com\/wp-content\/uploads\/2018\/11\/Daylux-Klima-Kampanya-K\u00fcresel-Mekanik-Daikin-Bayi-\u0130zmir-Klima-Klimada-\u015eok-Kanpanya-\u0130zmir-Daylux-Duvar-Tipi-Klima-A-Plus-Plus-So\u011futma-Is\u0131tma-\u0130nverter-261x300.png 261w, https:\/\/www.kureselmuhendislik.com\/wp-content\/uploads\/2018\/11\/Daylux-Klima-Kampanya-K\u00fcresel-Mekanik-Daikin-Bayi-\u0130zmir-Klima-Klimada-\u015eok-Kanpanya-\u0130zmir-Daylux-Duvar-Tipi-Klima-A-Plus-Plus-So\u011futma-Is\u0131tma-\u0130nverter-768x884.png 768w, https:\/\/www.kureselmuhendislik.com\/wp-content\/uploads\/2018\/11\/Daylux-Klima-Kampanya-K\u00fcresel-Mekanik-Daikin-Bayi-\u0130zmir-Klima-Klimada-\u015eok-Kanpanya-\u0130zmir-Daylux-Duvar-Tipi-Klima-A-Plus-Plus-So\u011futma-Is\u0131tma-\u0130nverter-889x1024.png 889w\" sizes=\"(max-width: 898px) 100vw, 898px\" \/><\/p>","protected":false},"excerpt":{"rendered":"","protected":false},"author":1,"featured_media":0,"parent":0,"menu_order":0,"comment_status":"closed","ping_status":"closed","template":"","meta":{"_monsterinsights_skip_tracking":false,"_monsterinsights_sitenote_active":false,"_monsterinsights_sitenote_note":"","_monsterinsights_sitenote_category":0,"_kad_post_transparent":"","_kad_post_title":"","_kad_post_layout":"","_kad_post_sidebar_id":"","_kad_post_content_style":"","_kad_post_vertical_padding":"","_kad_post_feature":"","_kad_post_feature_position":"","_kad_post_header":false,"_kad_post_footer":false,"_kad_post_classname":"","footnotes":""},"class_list":["post-1194","page","type-page","status-publish","hentry"],"_links":{"self":[{"href":"https:\/\/www.kureselmuhendislik.com\/en\/wp-json\/wp\/v2\/pages\/1194","targetHints":{"allow":["GET"]}}],"collection":[{"href":"https:\/\/www.kureselmuhendislik.com\/en\/wp-json\/wp\/v2\/pages"}],"about":[{"href":"https:\/\/www.kureselmuhendislik.com\/en\/wp-json\/wp\/v2\/types\/page"}],"author":[{"embeddable":true,"href":"https:\/\/www.kureselmuhendislik.com\/en\/wp-json\/wp\/v2\/users\/1"}],"replies":[{"embeddable":true,"href":"https:\/\/www.kureselmuhendislik.com\/en\/wp-json\/wp\/v2\/comments?post=1194"}],"version-history":[{"count":1,"href":"https:\/\/www.kureselmuhendislik.com\/en\/wp-json\/wp\/v2\/pages\/1194\/revisions"}],"predecessor-version":[{"id":1196,"href":"https:\/\/www.kureselmuhendislik.com\/en\/wp-json\/wp\/v2\/pages\/1194\/revisions\/1196"}],"wp:attachment":[{"href":"https:\/\/www.kureselmuhendislik.com\/en\/wp-json\/wp\/v2\/media?parent=1194"}],"curies":[{"name":"wp","href":"https:\/\/api.w.org\/{rel}","templated":true}]}}