{"id":1027,"date":"2018-07-05T17:29:25","date_gmt":"2018-07-05T14:29:25","guid":{"rendered":"http:\/\/www.kureselmuhendislik.com\/?page_id=1027"},"modified":"2022-09-06T11:00:37","modified_gmt":"2022-09-06T08:00:37","slug":"kuresel-mekanik-muhendislik-2","status":"publish","type":"page","link":"https:\/\/www.kureselmuhendislik.com\/en\/kuresel-mekanik-muhendislik-2\/","title":{"rendered":"Bayilikler"},"content":{"rendered":"<p><strong>DA\u0130K\u0130N KOMB\u0130,\u00a0DA\u0130K\u0130N VRV VRF KL\u0130MA \u0130ZM\u0130R YETK\u0130L\u0130 BAY\u0130\u00a0<\/strong><\/p>\n<p><strong>DA\u0130K\u0130N ALTERMA ISI POMPASI \u0130ZM\u0130R BAY\u0130\u00a0\u00a0<\/strong><\/p>\n<p><strong>RADYAL RADYAT\u00d6R \u0130ZM\u0130R YETK\u0130L\u0130 BAY\u0130\u00a0<\/strong><\/p>\n<p><strong>\u0130ZM\u0130RGAZ YETK\u0130L\u0130 F\u0130RMA\u00a0<\/strong><\/p>\n<p><strong>DAYLUX YETK\u0130L\u0130 F\u0130RMA<\/p>\n<p><\/strong><\/p>\n<table style=\"height: 35px;\" width=\"553\">\n<tbody>\n<tr>\n<td style=\"width: 268.5px;\"><a href=\"https:\/\/www.kureselmuhendislik.com\/wp-content\/uploads\/2022\/09\/Izmir-Buderus-Bayi-Konak-Izmir-Radyal-Bayi-Konak-Izmir-Baymak-Bayi-Konak-Izmir-Demirdokum-Bayi-Kuresel-Muhendislik.jpg\"><img fetchpriority=\"high\" decoding=\"async\" class=\"alignnone wp-image-2424 size-large\" src=\"https:\/\/www.kureselmuhendislik.com\/wp-content\/uploads\/2022\/09\/Izmir-Buderus-Bayi-Konak-Izmir-Radyal-Bayi-Konak-Izmir-Baymak-Bayi-Konak-Izmir-Demirdokum-Bayi-Kuresel-Muhendislik-819x1024.jpg\" alt=\"\" width=\"819\" height=\"1024\" srcset=\"https:\/\/www.kureselmuhendislik.com\/wp-content\/uploads\/2022\/09\/Izmir-Buderus-Bayi-Konak-Izmir-Radyal-Bayi-Konak-Izmir-Baymak-Bayi-Konak-Izmir-Demirdokum-Bayi-Kuresel-Muhendislik-819x1024.jpg 819w, https:\/\/www.kureselmuhendislik.com\/wp-content\/uploads\/2022\/09\/Izmir-Buderus-Bayi-Konak-Izmir-Radyal-Bayi-Konak-Izmir-Baymak-Bayi-Konak-Izmir-Demirdokum-Bayi-Kuresel-Muhendislik-240x300.jpg 240w, https:\/\/www.kureselmuhendislik.com\/wp-content\/uploads\/2022\/09\/Izmir-Buderus-Bayi-Konak-Izmir-Radyal-Bayi-Konak-Izmir-Baymak-Bayi-Konak-Izmir-Demirdokum-Bayi-Kuresel-Muhendislik-768x960.jpg 768w, https:\/\/www.kureselmuhendislik.com\/wp-content\/uploads\/2022\/09\/Izmir-Buderus-Bayi-Konak-Izmir-Radyal-Bayi-Konak-Izmir-Baymak-Bayi-Konak-Izmir-Demirdokum-Bayi-Kuresel-Muhendislik-1229x1536.jpg 1229w, https:\/\/www.kureselmuhendislik.com\/wp-content\/uploads\/2022\/09\/Izmir-Buderus-Bayi-Konak-Izmir-Radyal-Bayi-Konak-Izmir-Baymak-Bayi-Konak-Izmir-Demirdokum-Bayi-Kuresel-Muhendislik-920x1150.jpg 920w, https:\/\/www.kureselmuhendislik.com\/wp-content\/uploads\/2022\/09\/Izmir-Buderus-Bayi-Konak-Izmir-Radyal-Bayi-Konak-Izmir-Baymak-Bayi-Konak-Izmir-Demirdokum-Bayi-Kuresel-Muhendislik-230x288.jpg 230w, https:\/\/www.kureselmuhendislik.com\/wp-content\/uploads\/2022\/09\/Izmir-Buderus-Bayi-Konak-Izmir-Radyal-Bayi-Konak-Izmir-Baymak-Bayi-Konak-Izmir-Demirdokum-Bayi-Kuresel-Muhendislik-350x438.jpg 350w, https:\/\/www.kureselmuhendislik.com\/wp-content\/uploads\/2022\/09\/Izmir-Buderus-Bayi-Konak-Izmir-Radyal-Bayi-Konak-Izmir-Baymak-Bayi-Konak-Izmir-Demirdokum-Bayi-Kuresel-Muhendislik-480x600.jpg 480w, https:\/\/www.kureselmuhendislik.com\/wp-content\/uploads\/2022\/09\/Izmir-Buderus-Bayi-Konak-Izmir-Radyal-Bayi-Konak-Izmir-Baymak-Bayi-Konak-Izmir-Demirdokum-Bayi-Kuresel-Muhendislik.jpg 1440w\" sizes=\"(max-width: 819px) 100vw, 819px\" \/><\/a><\/td>\n<td style=\"width: 268.5px;\"><a href=\"https:\/\/www.kureselmuhendislik.com\/wp-content\/uploads\/2022\/06\/baymak-bayi-radyal-bayi-izmir-wilo-bayi-izmir-buderus-bayi-izmir-0232-250-50-07.jpeg\"><img decoding=\"async\" class=\"alignnone wp-image-2337 size-large\" src=\"https:\/\/www.kureselmuhendislik.com\/wp-content\/uploads\/2022\/06\/baymak-bayi-radyal-bayi-izmir-wilo-bayi-izmir-buderus-bayi-izmir-0232-250-50-07-1024x1024.jpeg\" alt=\"\" width=\"1024\" height=\"1024\" srcset=\"https:\/\/www.kureselmuhendislik.com\/wp-content\/uploads\/2022\/06\/baymak-bayi-radyal-bayi-izmir-wilo-bayi-izmir-buderus-bayi-izmir-0232-250-50-07-1024x1024.jpeg 1024w, https:\/\/www.kureselmuhendislik.com\/wp-content\/uploads\/2022\/06\/baymak-bayi-radyal-bayi-izmir-wilo-bayi-izmir-buderus-bayi-izmir-0232-250-50-07-300x300.jpeg 300w, https:\/\/www.kureselmuhendislik.com\/wp-content\/uploads\/2022\/06\/baymak-bayi-radyal-bayi-izmir-wilo-bayi-izmir-buderus-bayi-izmir-0232-250-50-07-150x150.jpeg 150w, https:\/\/www.kureselmuhendislik.com\/wp-content\/uploads\/2022\/06\/baymak-bayi-radyal-bayi-izmir-wilo-bayi-izmir-buderus-bayi-izmir-0232-250-50-07-768x768.jpeg 768w, https:\/\/www.kureselmuhendislik.com\/wp-content\/uploads\/2022\/06\/baymak-bayi-radyal-bayi-izmir-wilo-bayi-izmir-buderus-bayi-izmir-0232-250-50-07-920x920.jpeg 920w, https:\/\/www.kureselmuhendislik.com\/wp-content\/uploads\/2022\/06\/baymak-bayi-radyal-bayi-izmir-wilo-bayi-izmir-buderus-bayi-izmir-0232-250-50-07-230x230.jpeg 230w, https:\/\/www.kureselmuhendislik.com\/wp-content\/uploads\/2022\/06\/baymak-bayi-radyal-bayi-izmir-wilo-bayi-izmir-buderus-bayi-izmir-0232-250-50-07-350x350.jpeg 350w, https:\/\/www.kureselmuhendislik.com\/wp-content\/uploads\/2022\/06\/baymak-bayi-radyal-bayi-izmir-wilo-bayi-izmir-buderus-bayi-izmir-0232-250-50-07-480x480.jpeg 480w, https:\/\/www.kureselmuhendislik.com\/wp-content\/uploads\/2022\/06\/baymak-bayi-radyal-bayi-izmir-wilo-bayi-izmir-buderus-bayi-izmir-0232-250-50-07.jpeg 1080w\" sizes=\"(max-width: 1024px) 100vw, 1024px\" \/><\/a><\/td>\n<\/tr>\n<\/tbody>\n<\/table>","protected":false},"excerpt":{"rendered":"<p>DA\u0130K\u0130N KOMB\u0130,\u00a0DA\u0130K\u0130N VRV VRF KL\u0130MA \u0130ZM\u0130R YETK\u0130L\u0130 BAY\u0130\u00a0 DA\u0130K\u0130N ALTERMA ISI POMPASI \u0130ZM\u0130R BAY\u0130\u00a0\u00a0 RADYAL RADYAT\u00d6R \u0130ZM\u0130R YETK\u0130L\u0130 BAY\u0130\u00a0 \u0130ZM\u0130RGAZ YETK\u0130L\u0130 F\u0130RMA\u00a0 DAYLUX YETK\u0130L\u0130 F\u0130RMA<\/p>","protected":false},"author":1,"featured_media":2424,"parent":0,"menu_order":0,"comment_status":"closed","ping_status":"closed","template":"","meta":{"_monsterinsights_skip_tracking":false,"_monsterinsights_sitenote_active":false,"_monsterinsights_sitenote_note":"","_monsterinsights_sitenote_category":0,"_kad_post_transparent":"","_kad_post_title":"","_kad_post_layout":"","_kad_post_sidebar_id":"","_kad_post_content_style":"","_kad_post_vertical_padding":"","_kad_post_feature":"","_kad_post_feature_position":"","_kad_post_header":false,"_kad_post_footer":false,"_kad_post_classname":"","footnotes":""},"class_list":["post-1027","page","type-page","status-publish","has-post-thumbnail","hentry"],"_links":{"self":[{"href":"https:\/\/www.kureselmuhendislik.com\/en\/wp-json\/wp\/v2\/pages\/1027","targetHints":{"allow":["GET"]}}],"collection":[{"href":"https:\/\/www.kureselmuhendislik.com\/en\/wp-json\/wp\/v2\/pages"}],"about":[{"href":"https:\/\/www.kureselmuhendislik.com\/en\/wp-json\/wp\/v2\/types\/page"}],"author":[{"embeddable":true,"href":"https:\/\/www.kureselmuhendislik.com\/en\/wp-json\/wp\/v2\/users\/1"}],"replies":[{"embeddable":true,"href":"https:\/\/www.kureselmuhendislik.com\/en\/wp-json\/wp\/v2\/comments?post=1027"}],"version-history":[{"count":8,"href":"https:\/\/www.kureselmuhendislik.com\/en\/wp-json\/wp\/v2\/pages\/1027\/revisions"}],"predecessor-version":[{"id":2444,"href":"https:\/\/www.kureselmuhendislik.com\/en\/wp-json\/wp\/v2\/pages\/1027\/revisions\/2444"}],"wp:featuredmedia":[{"embeddable":true,"href":"https:\/\/www.kureselmuhendislik.com\/en\/wp-json\/wp\/v2\/media\/2424"}],"wp:attachment":[{"href":"https:\/\/www.kureselmuhendislik.com\/en\/wp-json\/wp\/v2\/media?parent=1027"}],"curies":[{"name":"wp","href":"https:\/\/api.w.org\/{rel}","templated":true}]}}